{"id":312,"date":"2022-08-19T17:36:00","date_gmt":"2022-08-19T16:36:00","guid":{"rendered":"http:\/\/mamasjerkstation.com\/beste-dating-apps-im-jahr-2022-fuer-singles\/"},"modified":"2022-08-19T17:36:00","modified_gmt":"2022-08-19T16:36:00","slug":"beste-dating-apps-im-jahr-2022-fuer-singles","status":"publish","type":"page","link":"https:\/\/mamasjerkstation.com\/de\/beste-dating-apps-im-jahr-2022-fuer-singles\/","title":{"rendered":"Beste Dating-Apps im Jahr 2022 f\u00fcr Singles"},"content":{"rendered":"<p>Wenn Sie online nach Liebe suchen, kann es schwierig sein, herauszufinden, wo Sie anfangen sollen. Mit Hunderten von Dating-Apps da drau\u00dfen, woher wissen Sie, welche f\u00fcr Sie die richtige ist? Hier sind einige Tipps, die Ihnen helfen, die richtige Wahl zu treffen.<\/p>\n<h2>Die richtige App finden<\/h2>\n<p>Nat\u00fcrlich, da dies eine Dating-App ist, enth\u00e4lt es einen Abschnitt zum <a href=\"http:\/\/mamasjerkstation.com\/de\/lgbt-dating\/\">Flirten und Chatten<\/a>, aber es konzentriert sich haupts\u00e4chlich darauf, Leute f\u00fcr tats\u00e4chliche Dates zu treffen. Und wenn Sie nach jemandem suchen, der die Dinge weiterbringen m\u00f6chte, dann werden Sie wahrscheinlich woanders suchen wollen.<\/p>\n<p>Wenn Sie also online ein sch\u00f6nes Date finden m\u00f6chten, sei es f\u00fcr einen One-Night-Stand oder eine Beziehung, werden Sie mit einer unserer Empfehlungen definitiv nichts falsch machen.<\/p>\n<h3>Mingle2<\/h3>\n<p>Mingle2 ist eine der beliebtesten kostenlosen Online-Dating-Sites. Mit \u00fcber 40 Millionen registrierten Nutzern ist es keine \u00dcberraschung, dass die App zu einem Muss f\u00fcr jeden geworden ist, der nach Liebe sucht. Sie k\u00f6nnen die Website verwenden, um Leute in der N\u00e4he zu treffen, zu chatten und \u00fcber Textnachrichten zu flirten.<\/p>\n<p>Die App verbindet Sie mit Singles basierend auf Ihrem Standort, Alter und Beziehungspr\u00e4ferenzen. Sie k\u00f6nnen Profile durchsuchen und virtuelle Geschenke senden, um Interesse zu bekunden. Wenn jemand dein Profil mit &#8222;Gef\u00e4llt mir&#8220; markiert, erh\u00e4lt er eine Benachrichtigung und du kannst mit dem Chatten beginnen. Wenn beide Parteien interessiert sind, k\u00f6nnen Sie sich treffen.<\/p>\n<p>Sie m\u00fcssen nicht einmal etwas bezahlen; Der Beitritt zur Website ist v\u00f6llig kostenlos. Und da es sich im Besitz der Match Group befindet, k\u00f6nnen Sie sicher sein, dass Ihre pers\u00f6nlichen Daten sicher sind.<\/p>\n<h3>SilberSingles<\/h3>\n<p>SilverSingles ist eine Online-Dating-Site, auf der Senioren Menschen treffen, die nach Liebe suchen. Sie glauben, dass es wichtig ist, die Dinge einfach und leicht zu bedienen zu halten. Aus diesem Grund ben\u00f6tigen sie keine Mitgliedsbeitr\u00e4ge, Verifizierungsschritte oder sogar E-Mails. Sie melden sich einfach an und beginnen zu surfen.<\/p>\n<h3>eHarmony<\/h3>\n<p>eHarmony ist eine der \u00e4ltesten Online-Dating-Sites \u00fcberhaupt. Es wurde im Jahr 2000 gegr\u00fcndet und bietet Kompatibilit\u00e4tstests und \u00dcbereinstimmungen auf der Grundlage von Pers\u00f6nlichkeitsmerkmalen an. Den Nutzern werden Fragen zu ihren Interessen, Werten, Hobbys, Karrierezielen usw. gestellt und sie erhalten Feedback, wie gut sie zusammenpassen. Wenn Sie Liebe finden m\u00f6chten, k\u00f6nnte eHarmony f\u00fcr Sie funktionieren.<\/p>\n<h3>Suchend<\/h3>\n<p>Auf der Suche nach etwas Ernstem? Seek.com wurde entwickelt, um Ihnen zu helfen, sich mit Menschen zu verbinden, die nach langfristigen Beziehungen suchen. Sie k\u00f6nnen Profile nach Alter, Standort, Beziehungsstatus und sogar Religion durchsuchen. Auf der Website k\u00f6nnen Sie Benachrichtigungen einrichten, um Sie zu benachrichtigen, wenn Ihnen jemand eine Freundschaftsanfrage sendet oder Ihnen eine Nachricht schreibt. Es ist kostenlos, sich anzumelden und zu st\u00f6bern, aber Sie m\u00fcssen bezahlen, um Nachrichten an potenzielle Freunde zu senden.<\/p>\n<h3>Ashley Madison<\/h3>\n<p>Ashley Madison gilt als das erste Ziel f\u00fcr verheiratete Menschen, die Aff\u00e4ren suchen. Als beliebteste Website f\u00fcr Kontaktanzeigen f\u00fcr Erwachsene verf\u00fcgt Ashley Madison \u00fcber mehr als 27 Millionen aktive Mitglieder. Benutzer k\u00f6nnen sich kostenlos anmelden und mit dem Durchsuchen von Profilen lokaler M\u00e4nner und Frauen beginnen. Sobald Sie jemanden gefunden haben, den Sie treffen m\u00f6chten, k\u00f6nnen Sie mit dem Chatten beginnen und sich treffen. Mitglieder k\u00f6nnen extra bezahlen, um spezielle Verg\u00fcnstigungen wie VIP-Status, verbesserte Sicherheitsma\u00dfnahmen und 24\/7-Kundensupport zu erhalten.<\/p>\n","protected":false},"excerpt":{"rendered":"<p>Wenn Sie online nach Liebe suchen, kann es schwierig sein, herauszufinden, wo Sie anfangen sollen. Mit Hunderten von Dating-Apps da drau\u00dfen, woher wissen Sie, welche &hellip; <\/p>\n","protected":false},"author":1,"featured_media":128,"parent":0,"menu_order":0,"comment_status":"closed","ping_status":"closed","template":"","meta":[],"yoast_head":"<!-- This site is optimized with the Yoast SEO plugin v17.7.1 - https:\/\/yoast.com\/wordpress\/plugins\/seo\/ -->\n<title>Beste Dating-Apps im Jahr 2022 f\u00fcr Singles - Jerk Dating<\/title>\n<meta name=\"robots\" content=\"index, follow, max-snippet:-1, max-image-preview:large, max-video-preview:-1\" \/>\n<link rel=\"canonical\" href=\"https:\/\/mamasjerkstation.com\/de\/beste-dating-apps-im-jahr-2022-fuer-singles\/\" \/>\n<meta property=\"og:locale\" content=\"de_DE\" \/>\n<meta property=\"og:type\" content=\"article\" \/>\n<meta property=\"og:title\" content=\"Beste Dating-Apps im Jahr 2022 f\u00fcr Singles - Jerk Dating\" \/>\n<meta property=\"og:description\" content=\"Wenn Sie online nach Liebe suchen, kann es schwierig sein, herauszufinden, wo Sie anfangen sollen. Mit Hunderten von Dating-Apps da drau\u00dfen, woher wissen Sie, welche &hellip;\" \/>\n<meta property=\"og:url\" content=\"https:\/\/mamasjerkstation.com\/de\/beste-dating-apps-im-jahr-2022-fuer-singles\/\" \/>\n<meta property=\"og:site_name\" content=\"Jerk Dating\" \/>\n<meta property=\"og:image\" content=\"http:\/\/mamasjerkstation.com\/wp-content\/uploads\/2022\/08\/dating.jpeg\" \/>\n\t<meta property=\"og:image:width\" content=\"2000\" \/>\n\t<meta property=\"og:image:height\" content=\"1500\" \/>\n<meta name=\"twitter:card\" content=\"summary_large_image\" \/>\n<meta name=\"twitter:label1\" content=\"Gesch\u00e4tzte Lesezeit\" \/>\n\t<meta name=\"twitter:data1\" content=\"3\u00a0Minuten\" \/>\n<script type=\"application\/ld+json\" class=\"yoast-schema-graph\">{\"@context\":\"https:\/\/schema.org\",\"@graph\":[{\"@type\":\"WebSite\",\"@id\":\"https:\/\/mamasjerkstation.com\/#website\",\"url\":\"https:\/\/mamasjerkstation.com\/\",\"name\":\"Jerk Dating\",\"description\":\"Online Sex Websites\",\"potentialAction\":[{\"@type\":\"SearchAction\",\"target\":{\"@type\":\"EntryPoint\",\"urlTemplate\":\"https:\/\/mamasjerkstation.com\/?s={search_term_string}\"},\"query-input\":\"required name=search_term_string\"}],\"inLanguage\":\"de\"},{\"@type\":\"ImageObject\",\"@id\":\"https:\/\/mamasjerkstation.com\/de\/beste-dating-apps-im-jahr-2022-fuer-singles\/#primaryimage\",\"inLanguage\":\"de\",\"url\":\"https:\/\/mamasjerkstation.com\/wp-content\/uploads\/2022\/08\/dating.jpeg\",\"contentUrl\":\"https:\/\/mamasjerkstation.com\/wp-content\/uploads\/2022\/08\/dating.jpeg\",\"width\":2000,\"height\":1500},{\"@type\":\"WebPage\",\"@id\":\"https:\/\/mamasjerkstation.com\/de\/beste-dating-apps-im-jahr-2022-fuer-singles\/#webpage\",\"url\":\"https:\/\/mamasjerkstation.com\/de\/beste-dating-apps-im-jahr-2022-fuer-singles\/\",\"name\":\"Beste Dating-Apps im Jahr 2022 f\\u00fcr Singles - Jerk Dating\",\"isPartOf\":{\"@id\":\"https:\/\/mamasjerkstation.com\/#website\"},\"primaryImageOfPage\":{\"@id\":\"https:\/\/mamasjerkstation.com\/de\/beste-dating-apps-im-jahr-2022-fuer-singles\/#primaryimage\"},\"datePublished\":\"2022-08-19T16:36:00+00:00\",\"dateModified\":\"2022-08-19T16:36:00+00:00\",\"breadcrumb\":{\"@id\":\"https:\/\/mamasjerkstation.com\/de\/beste-dating-apps-im-jahr-2022-fuer-singles\/#breadcrumb\"},\"inLanguage\":\"de\",\"potentialAction\":[{\"@type\":\"ReadAction\",\"target\":[\"https:\/\/mamasjerkstation.com\/de\/beste-dating-apps-im-jahr-2022-fuer-singles\/\"]}]},{\"@type\":\"BreadcrumbList\",\"@id\":\"https:\/\/mamasjerkstation.com\/de\/beste-dating-apps-im-jahr-2022-fuer-singles\/#breadcrumb\",\"itemListElement\":[{\"@type\":\"ListItem\",\"position\":1,\"name\":\"Home\",\"item\":\"http:\/\/mamasjerkstation.com\/de\/\"},{\"@type\":\"ListItem\",\"position\":2,\"name\":\"Beste Dating-Apps im Jahr 2022 f\\u00fcr Singles\"}]}]}<\/script>\n<!-- \/ Yoast SEO plugin. -->","yoast_head_json":{"title":"Beste Dating-Apps im Jahr 2022 f\u00fcr Singles - Jerk Dating","robots":{"index":"index","follow":"follow","max-snippet":"max-snippet:-1","max-image-preview":"max-image-preview:large","max-video-preview":"max-video-preview:-1"},"canonical":"https:\/\/mamasjerkstation.com\/de\/beste-dating-apps-im-jahr-2022-fuer-singles\/","og_locale":"de_DE","og_type":"article","og_title":"Beste Dating-Apps im Jahr 2022 f\u00fcr Singles - Jerk Dating","og_description":"Wenn Sie online nach Liebe suchen, kann es schwierig sein, herauszufinden, wo Sie anfangen sollen. Mit Hunderten von Dating-Apps da drau\u00dfen, woher wissen Sie, welche &hellip;","og_url":"https:\/\/mamasjerkstation.com\/de\/beste-dating-apps-im-jahr-2022-fuer-singles\/","og_site_name":"Jerk Dating","og_image":[{"width":2000,"height":1500,"url":"http:\/\/mamasjerkstation.com\/wp-content\/uploads\/2022\/08\/dating.jpeg","type":"image\/jpeg"}],"twitter_card":"summary_large_image","twitter_misc":{"Gesch\u00e4tzte Lesezeit":"3\u00a0Minuten"},"schema":{"@context":"https:\/\/schema.org","@graph":[{"@type":"WebSite","@id":"https:\/\/mamasjerkstation.com\/#website","url":"https:\/\/mamasjerkstation.com\/","name":"Jerk Dating","description":"Online Sex Websites","potentialAction":[{"@type":"SearchAction","target":{"@type":"EntryPoint","urlTemplate":"https:\/\/mamasjerkstation.com\/?s={search_term_string}"},"query-input":"required name=search_term_string"}],"inLanguage":"de"},{"@type":"ImageObject","@id":"https:\/\/mamasjerkstation.com\/de\/beste-dating-apps-im-jahr-2022-fuer-singles\/#primaryimage","inLanguage":"de","url":"https:\/\/mamasjerkstation.com\/wp-content\/uploads\/2022\/08\/dating.jpeg","contentUrl":"https:\/\/mamasjerkstation.com\/wp-content\/uploads\/2022\/08\/dating.jpeg","width":2000,"height":1500},{"@type":"WebPage","@id":"https:\/\/mamasjerkstation.com\/de\/beste-dating-apps-im-jahr-2022-fuer-singles\/#webpage","url":"https:\/\/mamasjerkstation.com\/de\/beste-dating-apps-im-jahr-2022-fuer-singles\/","name":"Beste Dating-Apps im Jahr 2022 f\u00fcr Singles - Jerk Dating","isPartOf":{"@id":"https:\/\/mamasjerkstation.com\/#website"},"primaryImageOfPage":{"@id":"https:\/\/mamasjerkstation.com\/de\/beste-dating-apps-im-jahr-2022-fuer-singles\/#primaryimage"},"datePublished":"2022-08-19T16:36:00+00:00","dateModified":"2022-08-19T16:36:00+00:00","breadcrumb":{"@id":"https:\/\/mamasjerkstation.com\/de\/beste-dating-apps-im-jahr-2022-fuer-singles\/#breadcrumb"},"inLanguage":"de","potentialAction":[{"@type":"ReadAction","target":["https:\/\/mamasjerkstation.com\/de\/beste-dating-apps-im-jahr-2022-fuer-singles\/"]}]},{"@type":"BreadcrumbList","@id":"https:\/\/mamasjerkstation.com\/de\/beste-dating-apps-im-jahr-2022-fuer-singles\/#breadcrumb","itemListElement":[{"@type":"ListItem","position":1,"name":"Home","item":"http:\/\/mamasjerkstation.com\/de\/"},{"@type":"ListItem","position":2,"name":"Beste Dating-Apps im Jahr 2022 f\u00fcr Singles"}]}]}},"_links":{"self":[{"href":"https:\/\/mamasjerkstation.com\/de\/wp-json\/wp\/v2\/pages\/312"}],"collection":[{"href":"https:\/\/mamasjerkstation.com\/de\/wp-json\/wp\/v2\/pages"}],"about":[{"href":"https:\/\/mamasjerkstation.com\/de\/wp-json\/wp\/v2\/types\/page"}],"author":[{"embeddable":true,"href":"https:\/\/mamasjerkstation.com\/de\/wp-json\/wp\/v2\/users\/1"}],"replies":[{"embeddable":true,"href":"https:\/\/mamasjerkstation.com\/de\/wp-json\/wp\/v2\/comments?post=312"}],"version-history":[{"count":0,"href":"https:\/\/mamasjerkstation.com\/de\/wp-json\/wp\/v2\/pages\/312\/revisions"}],"wp:featuredmedia":[{"embeddable":true,"href":"https:\/\/mamasjerkstation.com\/de\/wp-json\/wp\/v2\/media\/128"}],"wp:attachment":[{"href":"https:\/\/mamasjerkstation.com\/de\/wp-json\/wp\/v2\/media?parent=312"}],"curies":[{"name":"wp","href":"https:\/\/api.w.org\/{rel}","templated":true}]}}