{"id":304,"date":"2022-08-19T18:48:22","date_gmt":"2022-08-19T17:48:22","guid":{"rendered":"http:\/\/mamasjerkstation.com\/chatten-sie-online-mit-fremden\/"},"modified":"2022-08-19T18:48:22","modified_gmt":"2022-08-19T17:48:22","slug":"chatten-sie-online-mit-fremden","status":"publish","type":"page","link":"https:\/\/mamasjerkstation.com\/de\/chatten-sie-online-mit-fremden\/","title":{"rendered":"Chatten Sie online mit Fremden"},"content":{"rendered":"<p>Nicht jedes M\u00e4dchen auf diesen Seiten sucht nach Sex. Manche langweilen sich einfach und wollen mit Fremden reden. Andere suchen Freunde. Aber obwohl Sie auf keiner der beiden Websites jemanden treffen werden, sehen Sie m\u00f6glicherweise immer noch etwas, das Sie nicht erwartet haben.<\/p>\n<h2>Cam-Sites oder Chatrooms<\/h2>\n<p>Wenn Sie nach einem Ort suchen, an dem Sie echte M\u00e4dchen online treffen k\u00f6nnen, sind Sie wahrscheinlich von den Optionen entt\u00e4uscht. Das Problem ist, dass es nicht einfach ist, eine gute Website zu finden. Es gibt Tonnen von kostenlosen Porno-Chatrooms da drau\u00dfen, aber die meisten von ihnen sind eher mit Bots als mit Menschen gef\u00fcllt. Und obwohl es wahr ist, dass bezahlte Websites wie MyFreeCams echte Cam-Girls anbieten, sind diese Modelle nicht immer aktiv oder bereit, mit Besuchern zu interagieren.<\/p>\n<p>Wir haben das Internet nach den besten Sex-Chat-Sites durchsucht und sie alle gefunden. Egal, ob Sie mit MILFs, Jugendlichen, BDSM oder sogar Paaren chatten m\u00f6chten, unsere Liste enth\u00e4lt alles, was Sie m\u00f6glicherweise ben\u00f6tigen. Es gibt viele verschiedene Arten von Zimmern zur Auswahl, die jeweils auf spezifische Bed\u00fcrfnisse und W\u00fcnsche eingehen. Manche Leute bevorzugen es, mit Fremden zu chatten, w\u00e4hrend andere es genie\u00dfen, jemanden zu treffen, den sie bereits kennen. Manche Leute lieben es, schmutzig zu reden, w\u00e4hrend andere einfach \u00fcber alles andere als Sex reden wollen.<\/p>\n<h2>Dating-Apps<\/h2>\n<p>Es gibt viele <a href=\"http:\/\/mamasjerkstation.com\/de\/lgbt-dating\/\">Online-Dating-Plattformen<\/a> da drau\u00dfen, aber sobald Sie eine gefunden haben, die f\u00fcr Sie funktioniert, werden Sie wahrscheinlich f\u00fcr eine Weile dabei bleiben. Aber was passiert, wenn Sie bereit sind, weiterzumachen und etwas anderes auszuprobieren? Wenn Sie nach einer guten Anschluss-App suchen, finden Sie hier alles, was Sie wissen m\u00fcssen. Es gibt buchst\u00e4blich Tausende von verschiedenen Dating-Apps und Websites da drau\u00dfen, und obwohl Sie vielleicht denken, dass Sie wissen, was Sie tun, besteht die M\u00f6glichkeit, dass Sie leicht Stunden \u00fcber Stunden Ihres Lebens damit verschwenden, nach etwas zu suchen, das nicht einmal da ist. Egal, ob Sie nach gelegentlichen Verbindungen, langfristigen Beziehungen oder vielleicht sogar nach einer Ehe suchen, wir haben alles f\u00fcr Sie. In der Tat haben wir eine Liste der besten Sex-Chatrooms zusammengestellt, damit Sie endlich aufh\u00f6ren k\u00f6nnen, sich Sorgen zu machen, kein Gl\u00fcck mit Online-Dating zu haben.<\/p>\n<p><strong>Worauf Sie auf Dating-Sites achten sollten:<\/strong><\/p>\n<h3>Sicherheitsmerkmale<\/h3>\n<p>Hookup-Sites bieten in der Regel Sicherheitsfunktionen zum Schutz vor Betr\u00fcgern, Hackern und Identit\u00e4tsdieben. Dazu geh\u00f6ren Verifizierungsmethoden wie die Best\u00e4tigung der E-Mail-Adresse und die \u00dcberpr\u00fcfung der Telefonnummer. Sie werden auch oft nach zus\u00e4tzlichen Informationen \u00fcber sich selbst fragen, einschlie\u00dflich Ihres Alters und Standorts, bevor Sie darauf zugreifen k\u00f6nnen. Wenn Sie etwas Fischiges sehen, stehen die Chancen gut, dass die Website Ihre Zeit nicht wert ist.<\/p>\n<h3>Verifizierte Profile<\/h3>\n<p>Wenn Sie sich f\u00fcr eine Hookup-App oder -Website registrieren, stellen Sie sicher, dass Sie Ihr Profil best\u00e4tigen. Dadurch wird sichergestellt, dass das, was Sie auf Papier ablegen, mit dem \u00fcbereinstimmt, was mit der Website gespeichert ist. Die meisten Hookup-Sites erm\u00f6glichen es Ihnen, ein Foto von sich selbst hochzuladen, um zu best\u00e4tigen, dass Sie echt sind. Sie sollten nicht bezahlen m\u00fcssen, um Ihr Konto zu verifizieren, aber einige Websites berechnen zus\u00e4tzliche Geb\u00fchren f\u00fcr die Verifizierung.<\/p>\n<h3>Betrugsschutz<\/h3>\n<p>Die meisten Hookup-Sites bieten M\u00f6glichkeiten, betr\u00fcgerische Aktivit\u00e4ten zu verhindern. Beispielsweise verbieten viele Websites bestimmte Arten von Konten, z. B. solche, die von Bots und Betr\u00fcgern verwendet werden. Andere schr\u00e4nken ein, wie viele Kreditkarteninformationen Sie zur Einzahlung auf Ihr Konto verwenden k\u00f6nnen. Wieder andere lassen Sie wissen, wenn jemand versucht, Sie zu betr\u00fcgen. Achten Sie auf Anzeichen von Betrug und vermeiden Sie es, pers\u00f6nliche Informationen preiszugeben, es sei denn, Sie f\u00fchlen sich dabei wohl.<\/p>\n","protected":false},"excerpt":{"rendered":"<p>Nicht jedes M\u00e4dchen auf diesen Seiten sucht nach Sex. Manche langweilen sich einfach und wollen mit Fremden reden. Andere suchen Freunde. Aber obwohl Sie auf &hellip; <\/p>\n","protected":false},"author":1,"featured_media":158,"parent":0,"menu_order":0,"comment_status":"closed","ping_status":"closed","template":"","meta":[],"yoast_head":"<!-- This site is optimized with the Yoast SEO plugin v17.7.1 - https:\/\/yoast.com\/wordpress\/plugins\/seo\/ -->\n<title>Chatten Sie online mit Fremden - Jerk Dating<\/title>\n<meta name=\"robots\" content=\"index, follow, max-snippet:-1, max-image-preview:large, max-video-preview:-1\" \/>\n<link rel=\"canonical\" href=\"https:\/\/mamasjerkstation.com\/de\/chatten-sie-online-mit-fremden\/\" \/>\n<meta property=\"og:locale\" content=\"de_DE\" \/>\n<meta property=\"og:type\" content=\"article\" \/>\n<meta property=\"og:title\" content=\"Chatten Sie online mit Fremden - Jerk Dating\" \/>\n<meta property=\"og:description\" content=\"Nicht jedes M\u00e4dchen auf diesen Seiten sucht nach Sex. Manche langweilen sich einfach und wollen mit Fremden reden. Andere suchen Freunde. Aber obwohl Sie auf &hellip;\" \/>\n<meta property=\"og:url\" content=\"https:\/\/mamasjerkstation.com\/de\/chatten-sie-online-mit-fremden\/\" \/>\n<meta property=\"og:site_name\" content=\"Jerk Dating\" \/>\n<meta property=\"og:image\" content=\"http:\/\/mamasjerkstation.com\/wp-content\/uploads\/2022\/08\/hookups.jpeg\" \/>\n\t<meta property=\"og:image:width\" content=\"500\" \/>\n\t<meta property=\"og:image:height\" content=\"333\" \/>\n<meta name=\"twitter:card\" content=\"summary_large_image\" \/>\n<meta name=\"twitter:label1\" content=\"Gesch\u00e4tzte Lesezeit\" \/>\n\t<meta name=\"twitter:data1\" content=\"3\u00a0Minuten\" \/>\n<script type=\"application\/ld+json\" class=\"yoast-schema-graph\">{\"@context\":\"https:\/\/schema.org\",\"@graph\":[{\"@type\":\"WebSite\",\"@id\":\"https:\/\/mamasjerkstation.com\/#website\",\"url\":\"https:\/\/mamasjerkstation.com\/\",\"name\":\"Jerk Dating\",\"description\":\"Online Sex Websites\",\"potentialAction\":[{\"@type\":\"SearchAction\",\"target\":{\"@type\":\"EntryPoint\",\"urlTemplate\":\"https:\/\/mamasjerkstation.com\/?s={search_term_string}\"},\"query-input\":\"required name=search_term_string\"}],\"inLanguage\":\"de\"},{\"@type\":\"ImageObject\",\"@id\":\"https:\/\/mamasjerkstation.com\/de\/chatten-sie-online-mit-fremden\/#primaryimage\",\"inLanguage\":\"de\",\"url\":\"https:\/\/mamasjerkstation.com\/wp-content\/uploads\/2022\/08\/hookups.jpeg\",\"contentUrl\":\"https:\/\/mamasjerkstation.com\/wp-content\/uploads\/2022\/08\/hookups.jpeg\",\"width\":500,\"height\":333},{\"@type\":\"WebPage\",\"@id\":\"https:\/\/mamasjerkstation.com\/de\/chatten-sie-online-mit-fremden\/#webpage\",\"url\":\"https:\/\/mamasjerkstation.com\/de\/chatten-sie-online-mit-fremden\/\",\"name\":\"Chatten Sie online mit Fremden - Jerk Dating\",\"isPartOf\":{\"@id\":\"https:\/\/mamasjerkstation.com\/#website\"},\"primaryImageOfPage\":{\"@id\":\"https:\/\/mamasjerkstation.com\/de\/chatten-sie-online-mit-fremden\/#primaryimage\"},\"datePublished\":\"2022-08-19T17:48:22+00:00\",\"dateModified\":\"2022-08-19T17:48:22+00:00\",\"breadcrumb\":{\"@id\":\"https:\/\/mamasjerkstation.com\/de\/chatten-sie-online-mit-fremden\/#breadcrumb\"},\"inLanguage\":\"de\",\"potentialAction\":[{\"@type\":\"ReadAction\",\"target\":[\"https:\/\/mamasjerkstation.com\/de\/chatten-sie-online-mit-fremden\/\"]}]},{\"@type\":\"BreadcrumbList\",\"@id\":\"https:\/\/mamasjerkstation.com\/de\/chatten-sie-online-mit-fremden\/#breadcrumb\",\"itemListElement\":[{\"@type\":\"ListItem\",\"position\":1,\"name\":\"Home\",\"item\":\"http:\/\/mamasjerkstation.com\/de\/\"},{\"@type\":\"ListItem\",\"position\":2,\"name\":\"Chatten Sie online mit Fremden\"}]}]}<\/script>\n<!-- \/ Yoast SEO plugin. -->","yoast_head_json":{"title":"Chatten Sie online mit Fremden - Jerk Dating","robots":{"index":"index","follow":"follow","max-snippet":"max-snippet:-1","max-image-preview":"max-image-preview:large","max-video-preview":"max-video-preview:-1"},"canonical":"https:\/\/mamasjerkstation.com\/de\/chatten-sie-online-mit-fremden\/","og_locale":"de_DE","og_type":"article","og_title":"Chatten Sie online mit Fremden - Jerk Dating","og_description":"Nicht jedes M\u00e4dchen auf diesen Seiten sucht nach Sex. Manche langweilen sich einfach und wollen mit Fremden reden. Andere suchen Freunde. Aber obwohl Sie auf &hellip;","og_url":"https:\/\/mamasjerkstation.com\/de\/chatten-sie-online-mit-fremden\/","og_site_name":"Jerk Dating","og_image":[{"width":500,"height":333,"url":"http:\/\/mamasjerkstation.com\/wp-content\/uploads\/2022\/08\/hookups.jpeg","type":"image\/jpeg"}],"twitter_card":"summary_large_image","twitter_misc":{"Gesch\u00e4tzte Lesezeit":"3\u00a0Minuten"},"schema":{"@context":"https:\/\/schema.org","@graph":[{"@type":"WebSite","@id":"https:\/\/mamasjerkstation.com\/#website","url":"https:\/\/mamasjerkstation.com\/","name":"Jerk Dating","description":"Online Sex Websites","potentialAction":[{"@type":"SearchAction","target":{"@type":"EntryPoint","urlTemplate":"https:\/\/mamasjerkstation.com\/?s={search_term_string}"},"query-input":"required name=search_term_string"}],"inLanguage":"de"},{"@type":"ImageObject","@id":"https:\/\/mamasjerkstation.com\/de\/chatten-sie-online-mit-fremden\/#primaryimage","inLanguage":"de","url":"https:\/\/mamasjerkstation.com\/wp-content\/uploads\/2022\/08\/hookups.jpeg","contentUrl":"https:\/\/mamasjerkstation.com\/wp-content\/uploads\/2022\/08\/hookups.jpeg","width":500,"height":333},{"@type":"WebPage","@id":"https:\/\/mamasjerkstation.com\/de\/chatten-sie-online-mit-fremden\/#webpage","url":"https:\/\/mamasjerkstation.com\/de\/chatten-sie-online-mit-fremden\/","name":"Chatten Sie online mit Fremden - Jerk Dating","isPartOf":{"@id":"https:\/\/mamasjerkstation.com\/#website"},"primaryImageOfPage":{"@id":"https:\/\/mamasjerkstation.com\/de\/chatten-sie-online-mit-fremden\/#primaryimage"},"datePublished":"2022-08-19T17:48:22+00:00","dateModified":"2022-08-19T17:48:22+00:00","breadcrumb":{"@id":"https:\/\/mamasjerkstation.com\/de\/chatten-sie-online-mit-fremden\/#breadcrumb"},"inLanguage":"de","potentialAction":[{"@type":"ReadAction","target":["https:\/\/mamasjerkstation.com\/de\/chatten-sie-online-mit-fremden\/"]}]},{"@type":"BreadcrumbList","@id":"https:\/\/mamasjerkstation.com\/de\/chatten-sie-online-mit-fremden\/#breadcrumb","itemListElement":[{"@type":"ListItem","position":1,"name":"Home","item":"http:\/\/mamasjerkstation.com\/de\/"},{"@type":"ListItem","position":2,"name":"Chatten Sie online mit Fremden"}]}]}},"_links":{"self":[{"href":"https:\/\/mamasjerkstation.com\/de\/wp-json\/wp\/v2\/pages\/304"}],"collection":[{"href":"https:\/\/mamasjerkstation.com\/de\/wp-json\/wp\/v2\/pages"}],"about":[{"href":"https:\/\/mamasjerkstation.com\/de\/wp-json\/wp\/v2\/types\/page"}],"author":[{"embeddable":true,"href":"https:\/\/mamasjerkstation.com\/de\/wp-json\/wp\/v2\/users\/1"}],"replies":[{"embeddable":true,"href":"https:\/\/mamasjerkstation.com\/de\/wp-json\/wp\/v2\/comments?post=304"}],"version-history":[{"count":0,"href":"https:\/\/mamasjerkstation.com\/de\/wp-json\/wp\/v2\/pages\/304\/revisions"}],"wp:featuredmedia":[{"embeddable":true,"href":"https:\/\/mamasjerkstation.com\/de\/wp-json\/wp\/v2\/media\/158"}],"wp:attachment":[{"href":"https:\/\/mamasjerkstation.com\/de\/wp-json\/wp\/v2\/media?parent=304"}],"curies":[{"name":"wp","href":"https:\/\/api.w.org\/{rel}","templated":true}]}}