{"id":290,"date":"2022-08-19T18:51:33","date_gmt":"2022-08-19T17:51:33","guid":{"rendered":"http:\/\/mamasjerkstation.com\/lgbt-dating\/"},"modified":"2022-08-19T18:51:33","modified_gmt":"2022-08-19T17:51:33","slug":"lgbt-dating","status":"publish","type":"page","link":"https:\/\/mamasjerkstation.com\/de\/lgbt-dating\/","title":{"rendered":"LGBT+ Dating"},"content":{"rendered":"<p>Wenn Sie nach einer guten Hook-up-App suchen, m\u00f6chten Sie etwas, das Ihnen Zugang zu vielen verschiedenen Personen bietet. Sie m\u00f6chten nicht unbedingt f\u00fcr jede einzelne Person bezahlen, die Sie treffen.<\/p>\n<h2>Hier sind unsere Top 3 Tipps zur Verwendung von LGBT-Dating-Apps:<\/h2>\n<h3>Mobiler Support<\/h3>\n<p>Sie werden Ihr Telefon wahrscheinlich am h\u00e4ufigsten verwenden, wenn Sie <a href=\"http:\/\/mamasjerkstation.com\/de\/finden-sie-gelegenheitssex-in-ihrer-naehe\/\">nach einem Datum suchen<\/a>, zumal viele Anschluss-Apps eine kostenlose Version anbieten, mit der Sie Profile durchsuchen und Nachrichten senden k\u00f6nnen. Stellen Sie jedoch sicher, dass die App sowohl auf iOS- als auch auf Android-Ger\u00e4ten gut funktioniert. Nicht jeder verwendet iPhones oder Androids, daher ist die Kompatibilit\u00e4t wichtig. Wenn Sie sich entscheiden, die vollst\u00e4ndige App herunterzuladen, suchen Sie nach Bewertungen, in denen erw\u00e4hnt wird, wie einfach die Navigation ist und ob die Benutzer Probleme bei der Anmeldung hatten.<\/p>\n<h3>Ux<\/h3>\n<p>Das Design der App selbst ist nicht wichtig, aber Sie m\u00f6chten vielleicht ein paar verschiedene ausprobieren, bevor Sie sich f\u00fcr eine entscheiden. Einige Apps konzentrieren sich auf die Zuordnung von Personen basierend auf dem Standort, w\u00e4hrend Sie in anderen nach Altersgruppe oder Geschlecht filtern k\u00f6nnen. Stellen Sie sicher, dass Ihnen gef\u00e4llt, wie die App aussieht und sich anf\u00fchlt. Es gibt nichts Schlimmeres, als ein gro\u00dfartiges Match auf dich zu warten, nur um festzustellen, dass er nicht wirklich existiert.<\/p>\n<h3>Matching-System<\/h3>\n<p>Wie stellt die App fest, welche Menschen einander \u00e4hnlich sind? Basiert es auf gemeinsamen Freunden? Ein gemeinsames Interesse an Musik oder B\u00fcchern? Oder vielleicht findet es nur Menschen, die in der N\u00e4he voneinander leben? Wie viel Gewicht wird jedem Faktor beigemessen? Diese Faktoren beeinflussen, wie viele Personen in Ihrem Feed angezeigt werden und wie wahrscheinlich es ist, dass Sie sich mit ihnen verbinden.<\/p>\n<h2>gef\u00fchlt<\/h2>\n<p>Feeld ist eine der besten Anschluss-Apps \u00fcberhaupt. Mit \u00fcber 10 Millionen Downloads richtet es sich an Menschen, die nach Gelegenheitssex und \/ oder einfach nur Spa\u00df suchen. Diese App ist ideal f\u00fcr diejenigen, die Single, heterosexuell, schwul, bi, trans, lesbisch, queer, pansexuell, polyamor\u00f6 usw. sind.<\/p>\n<p>Die App funktioniert wie Tinder, wo Sie nach links wischen, um zu passen, und nach rechts, um zu passen. Sie k\u00f6nnen w\u00e4hlen, ob Sie Fotos sehen m\u00f6chten oder nicht. Wenn Sie sich entscheiden, Bilder zu sehen, gibt es Filter wie Geschlecht, Alter, ethnische Zugeh\u00f6rigkeit, K\u00f6rpertyp, sexuelle Orientierung, Beziehungsstatus, Rauchpr\u00e4ferenzen, Gr\u00f6\u00dfe, Haarfarbe, Augenfarbe, Religion, politische Ansichten, Beruf, Bildungsniveau, Einkommen und sogar Tattoos und Piercings. Sie k\u00f6nnen auch Interessen und Hobbys hinzuf\u00fcgen. Ich interessiere mich zum Beispiel f\u00fcr Sport, Essen, Musik, Kunst, Reisen und Fitness. Wenn mir jemand eine Anfrage sendet, kann ich sie entweder annehmen oder ablehnen. Wenn wir uns beide darauf einigen, uns zu treffen, k\u00f6nnen wir ein Datum und einen Ort festlegen.<\/p>\n<p>Wenn Sie sich entscheiden, mit jemandem auszugehen, k\u00f6nnen Sie mit ihm oder ihr \u00fcber Textnachrichten oder Videoanrufe chatten. Es gibt keinen Druck, sich zu treffen. Sie k\u00f6nnen auch Geschenke, Blumen, Pralinen und vieles mehr senden. Es gibt viele Funktionen in dieser App, einschlie\u00dflich der M\u00f6glichkeit, Freunde zu finden, Daten zu finden, Profile zu durchsuchen und gegenseitige \u00dcbereinstimmungen anzuzeigen. Sie k\u00f6nnen auch bestimmte Benutzer blockieren.<\/p>\n<h2>Ihr<\/h2>\n<p>HER ist die weltweit gr\u00f6\u00dfte kostenlose Dating-App f\u00fcr Lesben und bisexuelle Frauen. Mit \u00fcber 50 Millionen Mitgliedern weltweit gibt es keinen Mangel an Optionen. Doch was hebt HER von der Masse ab? Hier sind drei Gr\u00fcnde, warum wir es lieben.<\/p>\n<h3>Lokale Veranstaltungen &amp; Neuigkeiten<\/h3>\n<p>Die App teilt LGBTQ + -Nachrichten, einschlie\u00dflich lokaler Veranstaltungen und sicherer R\u00e4ume, in denen Sie Menschen in der N\u00e4he treffen k\u00f6nnen. Sie k\u00f6nnen sogar Veranstaltungen in der N\u00e4he von Orten wie Bars und Clubs finden, was die Suche nach einem Date erleichtert.<\/p>\n<h3>Sichere R\u00e4ume<\/h3>\n<p>Wenn du auf ein Date gehen willst, ohne dir Sorgen machen zu m\u00fcssen, bel\u00e4stigt, angegriffen oder diskriminiert zu werden, bietet HER einen sicheren Raum f\u00fcr alle. Genau wie im wirklichen Leben m\u00fcssen Sie sich keine Sorgen machen, dass Sie sich vor jemandem &#8222;outen&#8220; m\u00fcssen. Wenn Sie nerv\u00f6s sind, jemanden neu zu treffen, sprechen Sie einfach online mit anderen oder bitten Sie einen Freund, Sie vorzustellen.<\/p>\n<h3>Dreier-Finder<\/h3>\n<p>Wei\u00dft du, wie du manchmal das Gef\u00fchl hast, dass du wirklich etwas anderes ausprobieren m\u00f6chtest? Nun, das k\u00f6nnen Sie hier tun. W\u00e4hrend die meisten Apps erfordern, dass Sie explizit angeben, dass Sie sich verbinden m\u00f6chten, k\u00f6nnen Sie mit HER Termine mit anderen Personen basierend auf gemeinsamen Interessen vereinbaren. Auf diese Weise wird niemand ausgelassen.<\/p>\n","protected":false},"excerpt":{"rendered":"<p>Wenn Sie nach einer guten Hook-up-App suchen, m\u00f6chten Sie etwas, das Ihnen Zugang zu vielen verschiedenen Personen bietet. Sie m\u00f6chten nicht unbedingt f\u00fcr jede einzelne &hellip; <\/p>\n","protected":false},"author":1,"featured_media":83,"parent":0,"menu_order":0,"comment_status":"closed","ping_status":"closed","template":"","meta":[],"yoast_head":"<!-- This site is optimized with the Yoast SEO plugin v17.7.1 - https:\/\/yoast.com\/wordpress\/plugins\/seo\/ -->\n<title>LGBT+ Dating - Jerk Dating<\/title>\n<meta name=\"robots\" content=\"index, follow, max-snippet:-1, max-image-preview:large, max-video-preview:-1\" \/>\n<link rel=\"canonical\" href=\"https:\/\/mamasjerkstation.com\/de\/lgbt-dating\/\" \/>\n<meta property=\"og:locale\" content=\"de_DE\" \/>\n<meta property=\"og:type\" content=\"article\" \/>\n<meta property=\"og:title\" content=\"LGBT+ Dating - Jerk Dating\" \/>\n<meta property=\"og:description\" content=\"Wenn Sie nach einer guten Hook-up-App suchen, m\u00f6chten Sie etwas, das Ihnen Zugang zu vielen verschiedenen Personen bietet. Sie m\u00f6chten nicht unbedingt f\u00fcr jede einzelne &hellip;\" \/>\n<meta property=\"og:url\" content=\"https:\/\/mamasjerkstation.com\/de\/lgbt-dating\/\" \/>\n<meta property=\"og:site_name\" content=\"Jerk Dating\" \/>\n<meta property=\"og:image\" content=\"http:\/\/mamasjerkstation.com\/wp-content\/uploads\/2022\/08\/cam-sites.jpeg\" \/>\n\t<meta property=\"og:image:width\" content=\"1125\" \/>\n\t<meta property=\"og:image:height\" content=\"750\" \/>\n<meta name=\"twitter:card\" content=\"summary_large_image\" \/>\n<meta name=\"twitter:label1\" content=\"Gesch\u00e4tzte Lesezeit\" \/>\n\t<meta name=\"twitter:data1\" content=\"4\u00a0Minuten\" \/>\n<script type=\"application\/ld+json\" class=\"yoast-schema-graph\">{\"@context\":\"https:\/\/schema.org\",\"@graph\":[{\"@type\":\"WebSite\",\"@id\":\"https:\/\/mamasjerkstation.com\/#website\",\"url\":\"https:\/\/mamasjerkstation.com\/\",\"name\":\"Jerk Dating\",\"description\":\"Online Sex Websites\",\"potentialAction\":[{\"@type\":\"SearchAction\",\"target\":{\"@type\":\"EntryPoint\",\"urlTemplate\":\"https:\/\/mamasjerkstation.com\/?s={search_term_string}\"},\"query-input\":\"required name=search_term_string\"}],\"inLanguage\":\"de\"},{\"@type\":\"ImageObject\",\"@id\":\"https:\/\/mamasjerkstation.com\/de\/lgbt-dating\/#primaryimage\",\"inLanguage\":\"de\",\"url\":\"https:\/\/mamasjerkstation.com\/wp-content\/uploads\/2022\/08\/cam-sites.jpeg\",\"contentUrl\":\"https:\/\/mamasjerkstation.com\/wp-content\/uploads\/2022\/08\/cam-sites.jpeg\",\"width\":1125,\"height\":750},{\"@type\":\"WebPage\",\"@id\":\"https:\/\/mamasjerkstation.com\/de\/lgbt-dating\/#webpage\",\"url\":\"https:\/\/mamasjerkstation.com\/de\/lgbt-dating\/\",\"name\":\"LGBT+ Dating - Jerk Dating\",\"isPartOf\":{\"@id\":\"https:\/\/mamasjerkstation.com\/#website\"},\"primaryImageOfPage\":{\"@id\":\"https:\/\/mamasjerkstation.com\/de\/lgbt-dating\/#primaryimage\"},\"datePublished\":\"2022-08-19T17:51:33+00:00\",\"dateModified\":\"2022-08-19T17:51:33+00:00\",\"breadcrumb\":{\"@id\":\"https:\/\/mamasjerkstation.com\/de\/lgbt-dating\/#breadcrumb\"},\"inLanguage\":\"de\",\"potentialAction\":[{\"@type\":\"ReadAction\",\"target\":[\"https:\/\/mamasjerkstation.com\/de\/lgbt-dating\/\"]}]},{\"@type\":\"BreadcrumbList\",\"@id\":\"https:\/\/mamasjerkstation.com\/de\/lgbt-dating\/#breadcrumb\",\"itemListElement\":[{\"@type\":\"ListItem\",\"position\":1,\"name\":\"Home\",\"item\":\"http:\/\/mamasjerkstation.com\/de\/\"},{\"@type\":\"ListItem\",\"position\":2,\"name\":\"LGBT+ Dating\"}]}]}<\/script>\n<!-- \/ Yoast SEO plugin. -->","yoast_head_json":{"title":"LGBT+ Dating - Jerk Dating","robots":{"index":"index","follow":"follow","max-snippet":"max-snippet:-1","max-image-preview":"max-image-preview:large","max-video-preview":"max-video-preview:-1"},"canonical":"https:\/\/mamasjerkstation.com\/de\/lgbt-dating\/","og_locale":"de_DE","og_type":"article","og_title":"LGBT+ Dating - Jerk Dating","og_description":"Wenn Sie nach einer guten Hook-up-App suchen, m\u00f6chten Sie etwas, das Ihnen Zugang zu vielen verschiedenen Personen bietet. Sie m\u00f6chten nicht unbedingt f\u00fcr jede einzelne &hellip;","og_url":"https:\/\/mamasjerkstation.com\/de\/lgbt-dating\/","og_site_name":"Jerk Dating","og_image":[{"width":1125,"height":750,"url":"http:\/\/mamasjerkstation.com\/wp-content\/uploads\/2022\/08\/cam-sites.jpeg","type":"image\/jpeg"}],"twitter_card":"summary_large_image","twitter_misc":{"Gesch\u00e4tzte Lesezeit":"4\u00a0Minuten"},"schema":{"@context":"https:\/\/schema.org","@graph":[{"@type":"WebSite","@id":"https:\/\/mamasjerkstation.com\/#website","url":"https:\/\/mamasjerkstation.com\/","name":"Jerk Dating","description":"Online Sex Websites","potentialAction":[{"@type":"SearchAction","target":{"@type":"EntryPoint","urlTemplate":"https:\/\/mamasjerkstation.com\/?s={search_term_string}"},"query-input":"required name=search_term_string"}],"inLanguage":"de"},{"@type":"ImageObject","@id":"https:\/\/mamasjerkstation.com\/de\/lgbt-dating\/#primaryimage","inLanguage":"de","url":"https:\/\/mamasjerkstation.com\/wp-content\/uploads\/2022\/08\/cam-sites.jpeg","contentUrl":"https:\/\/mamasjerkstation.com\/wp-content\/uploads\/2022\/08\/cam-sites.jpeg","width":1125,"height":750},{"@type":"WebPage","@id":"https:\/\/mamasjerkstation.com\/de\/lgbt-dating\/#webpage","url":"https:\/\/mamasjerkstation.com\/de\/lgbt-dating\/","name":"LGBT+ Dating - Jerk Dating","isPartOf":{"@id":"https:\/\/mamasjerkstation.com\/#website"},"primaryImageOfPage":{"@id":"https:\/\/mamasjerkstation.com\/de\/lgbt-dating\/#primaryimage"},"datePublished":"2022-08-19T17:51:33+00:00","dateModified":"2022-08-19T17:51:33+00:00","breadcrumb":{"@id":"https:\/\/mamasjerkstation.com\/de\/lgbt-dating\/#breadcrumb"},"inLanguage":"de","potentialAction":[{"@type":"ReadAction","target":["https:\/\/mamasjerkstation.com\/de\/lgbt-dating\/"]}]},{"@type":"BreadcrumbList","@id":"https:\/\/mamasjerkstation.com\/de\/lgbt-dating\/#breadcrumb","itemListElement":[{"@type":"ListItem","position":1,"name":"Home","item":"http:\/\/mamasjerkstation.com\/de\/"},{"@type":"ListItem","position":2,"name":"LGBT+ Dating"}]}]}},"_links":{"self":[{"href":"https:\/\/mamasjerkstation.com\/de\/wp-json\/wp\/v2\/pages\/290"}],"collection":[{"href":"https:\/\/mamasjerkstation.com\/de\/wp-json\/wp\/v2\/pages"}],"about":[{"href":"https:\/\/mamasjerkstation.com\/de\/wp-json\/wp\/v2\/types\/page"}],"author":[{"embeddable":true,"href":"https:\/\/mamasjerkstation.com\/de\/wp-json\/wp\/v2\/users\/1"}],"replies":[{"embeddable":true,"href":"https:\/\/mamasjerkstation.com\/de\/wp-json\/wp\/v2\/comments?post=290"}],"version-history":[{"count":0,"href":"https:\/\/mamasjerkstation.com\/de\/wp-json\/wp\/v2\/pages\/290\/revisions"}],"wp:featuredmedia":[{"embeddable":true,"href":"https:\/\/mamasjerkstation.com\/de\/wp-json\/wp\/v2\/media\/83"}],"wp:attachment":[{"href":"https:\/\/mamasjerkstation.com\/de\/wp-json\/wp\/v2\/media?parent=290"}],"curies":[{"name":"wp","href":"https:\/\/api.w.org\/{rel}","templated":true}]}}