{"id":273,"date":"2022-08-19T19:01:00","date_gmt":"2022-08-19T18:01:00","guid":{"rendered":"http:\/\/mamasjerkstation.com\/finden-sie-gelegenheitssex-in-ihrer-naehe\/"},"modified":"2022-08-19T19:01:00","modified_gmt":"2022-08-19T18:01:00","slug":"finden-sie-gelegenheitssex-in-ihrer-naehe","status":"publish","type":"page","link":"https:\/\/mamasjerkstation.com\/de\/finden-sie-gelegenheitssex-in-ihrer-naehe\/","title":{"rendered":"Finden Sie Gelegenheitssex in Ihrer N\u00e4he"},"content":{"rendered":"<p>Wenn Sie Gelegenheitssex in Ihrer N\u00e4he finden m\u00f6chten, gibt es ein paar Dinge, die Sie wahrscheinlich beachten sollten. Stellen Sie zun\u00e4chst sicher, dass Sie wissen, welche Art von Erfahrung Sie suchen. Wenn Sie nur einen Fick-Kumpel treffen m\u00f6chten, gehen Sie zu einer der vielen Dating-Apps da drau\u00dfen.<\/p>\n<p>Wir empfehlen Ihnen, ein paar verschiedene Seiten aus unserer Liste auszuprobieren und zu sehen, welche f\u00fcr Sie funktioniert. Niemand m\u00f6chte Stunden damit verbringen, durch endlose Profile zu wischen, nur um sich mit einem Fremden zu treffen. Deshalb haben wir einige Tipps zusammengestellt, die Ihnen helfen, sich sicher in der Welt des Online-Datings zurechtzufinden.<\/p>\n<h2>Unsere Top-Tipps f\u00fcr Gelegenheitssex<\/h2>\n<p>Wenn Sie den ganzen M\u00fcll online mit <a href=\"http:\/\/mamasjerkstation.com\/de\/zucker-dating-beratung\/\">Dating-Apps<\/a> durchschneiden m\u00f6chten, empfehlen wir Ihnen, ein paar auf unserer Liste auszuprobieren. Sie werden dir helfen, die Art von Beziehung zu finden, die du willst.<\/p>\n<p>Wir haben pers\u00f6nliche Erfahrungen, Benutzerbewertungen, Sicherheits- \/ Datenschutzfunktionen und vieles mehr bei der Erstellung dieser Liste ber\u00fccksichtigt.<\/p>\n<h3>Aff<\/h3>\n<p>AdultFriendFinder ist die beliebteste Dating-Site, um gelegentliche Sexpartner zu finden. Die Website gibt es seit 1995 und z\u00e4hlt weltweit \u00fcber 40 Millionen Mitglieder. Die Website bietet eine kostenlose Mitgliedschaft, aber Sie sollten auf Premium-Zugang upgraden, um mehr Profile zu sehen und mehr Tools wie Messaging, Chatrooms und Webcam-Videos zu verwenden. Zus\u00e4tzlich zu den Standardprofilinformationen k\u00f6nnen Sie Fotos und Videos hochladen, Freunde hinzuf\u00fcgen, Winks senden und lokale Angebote durchsuchen.<\/p>\n<p>Egal, ob Sie mit jemandem ausgehen m\u00f6chten, der nach Liebe, Swingern, Paaren oder einfach nur nach altmodischem Spa\u00df sucht, AFF wird Ihnen sicher helfen.<\/p>\n<h3>Suchend<\/h3>\n<p>SeekingArrangement wurde 2004 gegr\u00fcndet und hat mittlerweile \u00fcber 20 Millionen registrierte Nutzer. Der Slogan lautet &#8222;Finding Love Online&#8220;. Es richtet sich an wohlhabende Singles, die langfristige Beziehungen suchen. Sie zahlen eine monatliche Geb\u00fchr, um der Website beizutreten, und k\u00f6nnen w\u00e4hlen, ob Sie Freundschaft, Romantik, Ehe oder etwas ganz anderes suchen.<\/p>\n<p>Diese Dating-App wurde speziell f\u00fcr diejenigen entwickelt, die Luxus-Dating genie\u00dfen. Wenn Sie daran interessiert sind, sch\u00f6ne Frauen zu treffen, die bereit sind, Geld f\u00fcr Sie auszugeben, ist dies der beste Ort, um sie zu finden.<\/p>\n<p>Das Gute an dieser Seite ist die Sicherheit, alle Mitglieder m\u00fcssen einen Ausweis vorlegen, um beizutreten. Dies bedeutet, dass Sie weniger Betr\u00fcger haben, die die Plattform verwenden.<\/p>\n<h3>Schleifer<\/h3>\n<p>Dies ist ein soziales Netzwerk, das speziell f\u00fcr schwule und bisexuelle M\u00e4nner entwickelt wurde. Es unterscheidet sich ein wenig von anderen Websites, da Benutzer keine Daten finden k\u00f6nnen. Stattdessen konzentriert es sich darauf, ihnen zu helfen, potenzielle romantische Partner zu treffen. Die Mitglieder k\u00f6nnen sich gegenseitig Bilder ansehen und \u00fcber sich selbst, ihre Hobbys und das, was sie interessiert, sprechen.<\/p>\n<h3>gef\u00fchlt<\/h3>\n<p>Dies ist eine queere Dating-App, die sich darauf konzentriert, schwule M\u00e4nner auf der ganzen Welt zu verbinden. Es ist \u00e4hnlich wie Grindr, au\u00dfer dass es sich an diejenigen richtet, die eher zuf\u00e4llige Verbindungen als langfristige Beziehungen suchen. Feeld kann kostenlos heruntergeladen und verwendet werden, aber Sie m\u00fcssen $ 9.99 pro Monat bezahlen, um zus\u00e4tzliche Funktionen wie Gruppenchats, Events und exklusive Clubs freizuschalten.<\/p>\n<h3>Geile Singles<\/h3>\n<p>HornySingles ist eine kostenlose Online-Dating-App, mit der sich Menschen basierend auf gemeinsamen Interessen verbinden k\u00f6nnen. Mitglieder k\u00f6nnen Profile durchsuchen, Nachrichten senden und Verbindungen zu anderen Personen in der N\u00e4he herstellen. Benutzer k\u00f6nnen ihr Profil so einrichten, dass es Fotos, Videos und zus\u00e4tzliche Informationen \u00fcber sich selbst enth\u00e4lt. Es gibt keine Geb\u00fchren, die mit der Mitgliedschaft verbunden sind, was es ideal f\u00fcr diejenigen macht, die jemanden treffen m\u00f6chten, ohne im Voraus Geld ausgeben zu m\u00fcssen.<\/p>\n<h2>Unser Rat an Sie?<\/h2>\n<p>Sie sollten bedenken, dass einige Websites v\u00f6llig kostenlos sind, w\u00e4hrend andere eine kleine Menge an Premium-Funktionen haben. Viele der beliebten Websites wie Tinder, OKCupid und Bumble bieten sowohl kostenlose als auch kostenpflichtige Versionen an. Einige sind jedoch v\u00f6llig kostenlos (und andere sind exklusiver wie Seeking). Sie m\u00fcssen den richtigen f\u00fcr Sie finden, wir empfehlen, ein paar zu testen und zu sehen, wie Sie sie m\u00f6gen.<\/p>\n","protected":false},"excerpt":{"rendered":"<p>Wenn Sie Gelegenheitssex in Ihrer N\u00e4he finden m\u00f6chten, gibt es ein paar Dinge, die Sie wahrscheinlich beachten sollten. Stellen Sie zun\u00e4chst sicher, dass Sie wissen, &hellip; <\/p>\n","protected":false},"author":1,"featured_media":188,"parent":0,"menu_order":0,"comment_status":"closed","ping_status":"closed","template":"","meta":[],"yoast_head":"<!-- This site is optimized with the Yoast SEO plugin v17.7.1 - https:\/\/yoast.com\/wordpress\/plugins\/seo\/ -->\n<title>Finden Sie Gelegenheitssex in Ihrer N\u00e4he - Jerk Dating<\/title>\n<meta name=\"robots\" content=\"index, follow, max-snippet:-1, max-image-preview:large, max-video-preview:-1\" \/>\n<link rel=\"canonical\" href=\"https:\/\/mamasjerkstation.com\/de\/finden-sie-gelegenheitssex-in-ihrer-naehe\/\" \/>\n<meta property=\"og:locale\" content=\"de_DE\" \/>\n<meta property=\"og:type\" content=\"article\" \/>\n<meta property=\"og:title\" content=\"Finden Sie Gelegenheitssex in Ihrer N\u00e4he - Jerk Dating\" \/>\n<meta property=\"og:description\" content=\"Wenn Sie Gelegenheitssex in Ihrer N\u00e4he finden m\u00f6chten, gibt es ein paar Dinge, die Sie wahrscheinlich beachten sollten. Stellen Sie zun\u00e4chst sicher, dass Sie wissen, &hellip;\" \/>\n<meta property=\"og:url\" content=\"https:\/\/mamasjerkstation.com\/de\/finden-sie-gelegenheitssex-in-ihrer-naehe\/\" \/>\n<meta property=\"og:site_name\" content=\"Jerk Dating\" \/>\n<meta property=\"og:image\" content=\"http:\/\/mamasjerkstation.com\/wp-content\/uploads\/2022\/08\/casual-sex-dating-websites.jpeg\" \/>\n\t<meta property=\"og:image:width\" content=\"2094\" \/>\n\t<meta property=\"og:image:height\" content=\"1500\" \/>\n<meta name=\"twitter:card\" content=\"summary_large_image\" \/>\n<meta name=\"twitter:label1\" content=\"Gesch\u00e4tzte Lesezeit\" \/>\n\t<meta name=\"twitter:data1\" content=\"3\u00a0Minuten\" \/>\n<script type=\"application\/ld+json\" class=\"yoast-schema-graph\">{\"@context\":\"https:\/\/schema.org\",\"@graph\":[{\"@type\":\"WebSite\",\"@id\":\"https:\/\/mamasjerkstation.com\/#website\",\"url\":\"https:\/\/mamasjerkstation.com\/\",\"name\":\"Jerk Dating\",\"description\":\"Online Sex Websites\",\"potentialAction\":[{\"@type\":\"SearchAction\",\"target\":{\"@type\":\"EntryPoint\",\"urlTemplate\":\"https:\/\/mamasjerkstation.com\/?s={search_term_string}\"},\"query-input\":\"required name=search_term_string\"}],\"inLanguage\":\"de\"},{\"@type\":\"ImageObject\",\"@id\":\"https:\/\/mamasjerkstation.com\/de\/finden-sie-gelegenheitssex-in-ihrer-naehe\/#primaryimage\",\"inLanguage\":\"de\",\"url\":\"https:\/\/mamasjerkstation.com\/wp-content\/uploads\/2022\/08\/casual-sex-dating-websites.jpeg\",\"contentUrl\":\"https:\/\/mamasjerkstation.com\/wp-content\/uploads\/2022\/08\/casual-sex-dating-websites.jpeg\",\"width\":2094,\"height\":1500},{\"@type\":\"WebPage\",\"@id\":\"https:\/\/mamasjerkstation.com\/de\/finden-sie-gelegenheitssex-in-ihrer-naehe\/#webpage\",\"url\":\"https:\/\/mamasjerkstation.com\/de\/finden-sie-gelegenheitssex-in-ihrer-naehe\/\",\"name\":\"Finden Sie Gelegenheitssex in Ihrer N\\u00e4he - Jerk Dating\",\"isPartOf\":{\"@id\":\"https:\/\/mamasjerkstation.com\/#website\"},\"primaryImageOfPage\":{\"@id\":\"https:\/\/mamasjerkstation.com\/de\/finden-sie-gelegenheitssex-in-ihrer-naehe\/#primaryimage\"},\"datePublished\":\"2022-08-19T18:01:00+00:00\",\"dateModified\":\"2022-08-19T18:01:00+00:00\",\"breadcrumb\":{\"@id\":\"https:\/\/mamasjerkstation.com\/de\/finden-sie-gelegenheitssex-in-ihrer-naehe\/#breadcrumb\"},\"inLanguage\":\"de\",\"potentialAction\":[{\"@type\":\"ReadAction\",\"target\":[\"https:\/\/mamasjerkstation.com\/de\/finden-sie-gelegenheitssex-in-ihrer-naehe\/\"]}]},{\"@type\":\"BreadcrumbList\",\"@id\":\"https:\/\/mamasjerkstation.com\/de\/finden-sie-gelegenheitssex-in-ihrer-naehe\/#breadcrumb\",\"itemListElement\":[{\"@type\":\"ListItem\",\"position\":1,\"name\":\"Home\",\"item\":\"http:\/\/mamasjerkstation.com\/de\/\"},{\"@type\":\"ListItem\",\"position\":2,\"name\":\"Finden Sie Gelegenheitssex in Ihrer N\\u00e4he\"}]}]}<\/script>\n<!-- \/ Yoast SEO plugin. -->","yoast_head_json":{"title":"Finden Sie Gelegenheitssex in Ihrer N\u00e4he - Jerk Dating","robots":{"index":"index","follow":"follow","max-snippet":"max-snippet:-1","max-image-preview":"max-image-preview:large","max-video-preview":"max-video-preview:-1"},"canonical":"https:\/\/mamasjerkstation.com\/de\/finden-sie-gelegenheitssex-in-ihrer-naehe\/","og_locale":"de_DE","og_type":"article","og_title":"Finden Sie Gelegenheitssex in Ihrer N\u00e4he - Jerk Dating","og_description":"Wenn Sie Gelegenheitssex in Ihrer N\u00e4he finden m\u00f6chten, gibt es ein paar Dinge, die Sie wahrscheinlich beachten sollten. Stellen Sie zun\u00e4chst sicher, dass Sie wissen, &hellip;","og_url":"https:\/\/mamasjerkstation.com\/de\/finden-sie-gelegenheitssex-in-ihrer-naehe\/","og_site_name":"Jerk Dating","og_image":[{"width":2094,"height":1500,"url":"http:\/\/mamasjerkstation.com\/wp-content\/uploads\/2022\/08\/casual-sex-dating-websites.jpeg","type":"image\/jpeg"}],"twitter_card":"summary_large_image","twitter_misc":{"Gesch\u00e4tzte Lesezeit":"3\u00a0Minuten"},"schema":{"@context":"https:\/\/schema.org","@graph":[{"@type":"WebSite","@id":"https:\/\/mamasjerkstation.com\/#website","url":"https:\/\/mamasjerkstation.com\/","name":"Jerk Dating","description":"Online Sex Websites","potentialAction":[{"@type":"SearchAction","target":{"@type":"EntryPoint","urlTemplate":"https:\/\/mamasjerkstation.com\/?s={search_term_string}"},"query-input":"required name=search_term_string"}],"inLanguage":"de"},{"@type":"ImageObject","@id":"https:\/\/mamasjerkstation.com\/de\/finden-sie-gelegenheitssex-in-ihrer-naehe\/#primaryimage","inLanguage":"de","url":"https:\/\/mamasjerkstation.com\/wp-content\/uploads\/2022\/08\/casual-sex-dating-websites.jpeg","contentUrl":"https:\/\/mamasjerkstation.com\/wp-content\/uploads\/2022\/08\/casual-sex-dating-websites.jpeg","width":2094,"height":1500},{"@type":"WebPage","@id":"https:\/\/mamasjerkstation.com\/de\/finden-sie-gelegenheitssex-in-ihrer-naehe\/#webpage","url":"https:\/\/mamasjerkstation.com\/de\/finden-sie-gelegenheitssex-in-ihrer-naehe\/","name":"Finden Sie Gelegenheitssex in Ihrer N\u00e4he - Jerk Dating","isPartOf":{"@id":"https:\/\/mamasjerkstation.com\/#website"},"primaryImageOfPage":{"@id":"https:\/\/mamasjerkstation.com\/de\/finden-sie-gelegenheitssex-in-ihrer-naehe\/#primaryimage"},"datePublished":"2022-08-19T18:01:00+00:00","dateModified":"2022-08-19T18:01:00+00:00","breadcrumb":{"@id":"https:\/\/mamasjerkstation.com\/de\/finden-sie-gelegenheitssex-in-ihrer-naehe\/#breadcrumb"},"inLanguage":"de","potentialAction":[{"@type":"ReadAction","target":["https:\/\/mamasjerkstation.com\/de\/finden-sie-gelegenheitssex-in-ihrer-naehe\/"]}]},{"@type":"BreadcrumbList","@id":"https:\/\/mamasjerkstation.com\/de\/finden-sie-gelegenheitssex-in-ihrer-naehe\/#breadcrumb","itemListElement":[{"@type":"ListItem","position":1,"name":"Home","item":"http:\/\/mamasjerkstation.com\/de\/"},{"@type":"ListItem","position":2,"name":"Finden Sie Gelegenheitssex in Ihrer N\u00e4he"}]}]}},"_links":{"self":[{"href":"https:\/\/mamasjerkstation.com\/de\/wp-json\/wp\/v2\/pages\/273"}],"collection":[{"href":"https:\/\/mamasjerkstation.com\/de\/wp-json\/wp\/v2\/pages"}],"about":[{"href":"https:\/\/mamasjerkstation.com\/de\/wp-json\/wp\/v2\/types\/page"}],"author":[{"embeddable":true,"href":"https:\/\/mamasjerkstation.com\/de\/wp-json\/wp\/v2\/users\/1"}],"replies":[{"embeddable":true,"href":"https:\/\/mamasjerkstation.com\/de\/wp-json\/wp\/v2\/comments?post=273"}],"version-history":[{"count":0,"href":"https:\/\/mamasjerkstation.com\/de\/wp-json\/wp\/v2\/pages\/273\/revisions"}],"wp:featuredmedia":[{"embeddable":true,"href":"https:\/\/mamasjerkstation.com\/de\/wp-json\/wp\/v2\/media\/188"}],"wp:attachment":[{"href":"https:\/\/mamasjerkstation.com\/de\/wp-json\/wp\/v2\/media?parent=273"}],"curies":[{"name":"wp","href":"https:\/\/api.w.org\/{rel}","templated":true}]}}