{"id":257,"date":"2022-08-19T19:23:43","date_gmt":"2022-08-19T18:23:43","guid":{"rendered":"http:\/\/mamasjerkstation.com\/zucker-dating-beratung\/"},"modified":"2022-08-19T19:23:43","modified_gmt":"2022-08-19T18:23:43","slug":"zucker-dating-beratung","status":"publish","type":"page","link":"https:\/\/mamasjerkstation.com\/de\/zucker-dating-beratung\/","title":{"rendered":"Zucker Dating Beratung"},"content":{"rendered":"<h2>Bist du Single und auf der Suche nach einem Sugar Daddy?<\/h2>\n<p>Es gibt Tausende von M\u00e4nnern online, die bereit sind, f\u00fcr Sex zu bezahlen. Sie nennen sich &#8222;Sugar Daddies&#8220;.<\/p>\n<p>Es scheint, als ob jeder Mann ein Sugar Daddy sein m\u00f6chte. Warum? Weil es ihm das Gef\u00fchl gibt, dass er Macht hat. Er kann <a href=\"http:\/\/mamasjerkstation.com\/de\/wie-man-sext-chat-mit-maedchen\/\">seine Frau ausw\u00e4hlen<\/a> und ihr sagen, was sie tun soll. Sie tut, was immer er sagt.<\/p>\n<p>Im Gegenzug gibt sie ihm Sex. Und wenn er sie mag, kann er ihr auch Geschenke machen.<\/p>\n<p>Sind Sie daran interessiert, mit einem Sugar Daddy auszugehen? Wenn ja, dann lesen Sie diesen Artikel sorgf\u00e4ltig durch. Hier sind einige Tipps, die Ihnen helfen, einen Sugar Daddy zu finden.<\/p>\n<h3>Wissen, was Sie wollen<\/h3>\n<p>Bevor Sie nach einem Sugar Daddy suchen, m\u00fcssen Sie genau wissen, was Sie wollen. Willst du eine Beziehung mit ihm\/ihr? M\u00f6chten Sie Zeit miteinander verbringen? M\u00f6chten Sie mit ihm\/ihr reisen?<\/p>\n<p>Willst du ihn\/sie heiraten?<\/p>\n<p>Diese Fragen helfen Ihnen festzustellen, ob Sie einen Sugar Daddy oder ein Sugar Baby wollen.<\/p>\n<h3>Sei du selbst<\/h3>\n<p>Sei du selbst. Tu nicht so, als w\u00e4rst du jemand anderes. Das mag offensichtlich klingen, aber die meisten M\u00e4nner wollen nicht mit einer falschen Person ausgehen. Sie wollen echte Frauen daten.<\/p>\n<h3>Finde jemanden, der \u00e4hnliche Interessen teilt<\/h3>\n<p>Finden Sie jemanden, der \u00e4hnliche Interessen teilt. Zum Beispiel, wenn Sie Sport m\u00f6gen, dann finden Sie einen Mann, der auch Sport mag.<\/p>\n<p>Dies gibt Ihnen eine gemeinsame Basis, \u00fcber die Sie sprechen k\u00f6nnen. Und \u00fcber Dinge zu sprechen, die Sie gemeinsam haben, wird Ihnen helfen, sich schnell zu verbinden.<\/p>\n<h3>Fragen Sie ihn nach seiner Familie<\/h3>\n<p>Fragen Sie ihn nach seiner Familie. Wie alt ist seine\/ihre Mutter? Lebt sie noch bei ihm\/seinen Eltern?<\/p>\n<p>Hat er\/sie Geschwister?<\/p>\n<h2>H\u00e4ufig gestellte Fragen<\/h2>\n<h3>Was bedeutet die NSA in der Zuckerdatierung?<\/h3>\n<p>NSA steht f\u00fcr No Strings Attached. Dies bedeutet, dass Sie sich keine Sorgen machen m\u00fcssen, in irgendeine Art von Beziehung zu geraten. Sugar Dating ist eine gro\u00dfartige M\u00f6glichkeit, neue Leute kennenzulernen, die \u00e4hnliche Interessen teilen.<\/p>\n<h3>Wie werde ich ein NSA Sugar Baby oder Papa?<\/h3>\n<p>Wenn Sie ein Zuckerbaby oder Papa sein wollen, dann m\u00fcssen Sie wissen, wie Sie sie finden. Der beste Weg, dies zu tun, ist durch eine Dating-App wie Tinder. Sobald Sie jemanden gefunden haben, der interessant erscheint, fragen Sie nach seiner Nummer und rufen Sie ihn an. Dies ist der einfachste Weg, um mit einem Zuckerbaby oder Papa zu sprechen.<\/p>\n<h3>Was ist eine NSA-Beziehung und wie funktioniert sie?<\/h3>\n<p>Eine NSA-Beziehung ist, wenn sich zwei Menschen zum ersten Mal treffen und sie sich beide von fr\u00fcheren Begegnungen kennen. Die Person, die das Treffen initiiert, wird NSA (New Spouse) genannt. Dieser Begriff wurde vom Komiker Jerry Seinfeld in seinem Buch &#8222;The Marriage Ref&#8220; gepr\u00e4gt, in dem er den Prozess der Liebesfindung beschreibt.<\/p>\n<h3>Was ist ein Sugar Daddy?<\/h3>\n<p>Ein Sugar Daddy ist jemand, der seiner Freundin finanziell hilft. Diese Person hat normalerweise Geld und m\u00f6chte ihr helfen. Er kann auch bereit sein, ihr Geschenke wie teure Abendessen und Feiertage zu geben. Die Beziehung zwischen diesen beiden Parteien ist oft romantisch, obwohl einige Sugar Daddies keinen sexuellen Kontakt wollen.<\/p>\n","protected":false},"excerpt":{"rendered":"<p>Bist du Single und auf der Suche nach einem Sugar Daddy? Es gibt Tausende von M\u00e4nnern online, die bereit sind, f\u00fcr Sex zu bezahlen. Sie &hellip; <\/p>\n","protected":false},"author":1,"featured_media":203,"parent":0,"menu_order":0,"comment_status":"closed","ping_status":"closed","template":"","meta":[],"yoast_head":"<!-- This site is optimized with the Yoast SEO plugin v17.7.1 - https:\/\/yoast.com\/wordpress\/plugins\/seo\/ -->\n<title>Zucker Dating Beratung: Werde eine Sugar Daddy - Jerk Dating<\/title>\n<meta name=\"robots\" content=\"index, follow, max-snippet:-1, max-image-preview:large, max-video-preview:-1\" \/>\n<link rel=\"canonical\" href=\"https:\/\/mamasjerkstation.com\/de\/zucker-dating-beratung\/\" \/>\n<meta property=\"og:locale\" content=\"de_DE\" \/>\n<meta property=\"og:type\" content=\"article\" \/>\n<meta property=\"og:title\" content=\"Zucker Dating Beratung: Werde eine Sugar Daddy - Jerk Dating\" \/>\n<meta property=\"og:description\" content=\"Bist du Single und auf der Suche nach einem Sugar Daddy? Es gibt Tausende von M\u00e4nnern online, die bereit sind, f\u00fcr Sex zu bezahlen. Sie &hellip;\" \/>\n<meta property=\"og:url\" content=\"https:\/\/mamasjerkstation.com\/de\/zucker-dating-beratung\/\" \/>\n<meta property=\"og:site_name\" content=\"Jerk Dating\" \/>\n<meta name=\"twitter:card\" content=\"summary_large_image\" \/>\n<meta name=\"twitter:image\" content=\"https:\/\/mamasjerkstation.com\/wp-content\/uploads\/2022\/08\/match-making.webp\" \/>\n<meta name=\"twitter:label1\" content=\"Gesch\u00e4tzte Lesezeit\" \/>\n\t<meta name=\"twitter:data1\" content=\"3\u00a0Minuten\" \/>\n<script type=\"application\/ld+json\" class=\"yoast-schema-graph\">{\"@context\":\"https:\/\/schema.org\",\"@graph\":[{\"@type\":\"WebSite\",\"@id\":\"https:\/\/mamasjerkstation.com\/#website\",\"url\":\"https:\/\/mamasjerkstation.com\/\",\"name\":\"Jerk Dating\",\"description\":\"Online Sex Websites\",\"potentialAction\":[{\"@type\":\"SearchAction\",\"target\":{\"@type\":\"EntryPoint\",\"urlTemplate\":\"https:\/\/mamasjerkstation.com\/?s={search_term_string}\"},\"query-input\":\"required name=search_term_string\"}],\"inLanguage\":\"de\"},{\"@type\":\"ImageObject\",\"@id\":\"https:\/\/mamasjerkstation.com\/de\/zucker-dating-beratung\/#primaryimage\",\"inLanguage\":\"de\",\"url\":\"https:\/\/mamasjerkstation.com\/wp-content\/uploads\/2022\/08\/match-making.webp\",\"contentUrl\":\"https:\/\/mamasjerkstation.com\/wp-content\/uploads\/2022\/08\/match-making.webp\",\"width\":1125,\"height\":750},{\"@type\":\"WebPage\",\"@id\":\"https:\/\/mamasjerkstation.com\/de\/zucker-dating-beratung\/#webpage\",\"url\":\"https:\/\/mamasjerkstation.com\/de\/zucker-dating-beratung\/\",\"name\":\"Zucker Dating Beratung: Werde eine Sugar Daddy - Jerk Dating\",\"isPartOf\":{\"@id\":\"https:\/\/mamasjerkstation.com\/#website\"},\"primaryImageOfPage\":{\"@id\":\"https:\/\/mamasjerkstation.com\/de\/zucker-dating-beratung\/#primaryimage\"},\"datePublished\":\"2022-08-19T18:23:43+00:00\",\"dateModified\":\"2022-08-19T18:23:43+00:00\",\"breadcrumb\":{\"@id\":\"https:\/\/mamasjerkstation.com\/de\/zucker-dating-beratung\/#breadcrumb\"},\"inLanguage\":\"de\",\"potentialAction\":[{\"@type\":\"ReadAction\",\"target\":[\"https:\/\/mamasjerkstation.com\/de\/zucker-dating-beratung\/\"]}]},{\"@type\":\"BreadcrumbList\",\"@id\":\"https:\/\/mamasjerkstation.com\/de\/zucker-dating-beratung\/#breadcrumb\",\"itemListElement\":[{\"@type\":\"ListItem\",\"position\":1,\"name\":\"Home\",\"item\":\"http:\/\/mamasjerkstation.com\/de\/\"},{\"@type\":\"ListItem\",\"position\":2,\"name\":\"Zucker Dating Beratung\"}]}]}<\/script>\n<!-- \/ Yoast SEO plugin. -->","yoast_head_json":{"title":"Zucker Dating Beratung: Werde eine Sugar Daddy - Jerk Dating","robots":{"index":"index","follow":"follow","max-snippet":"max-snippet:-1","max-image-preview":"max-image-preview:large","max-video-preview":"max-video-preview:-1"},"canonical":"https:\/\/mamasjerkstation.com\/de\/zucker-dating-beratung\/","og_locale":"de_DE","og_type":"article","og_title":"Zucker Dating Beratung: Werde eine Sugar Daddy - Jerk Dating","og_description":"Bist du Single und auf der Suche nach einem Sugar Daddy? Es gibt Tausende von M\u00e4nnern online, die bereit sind, f\u00fcr Sex zu bezahlen. Sie &hellip;","og_url":"https:\/\/mamasjerkstation.com\/de\/zucker-dating-beratung\/","og_site_name":"Jerk Dating","twitter_card":"summary_large_image","twitter_image":"https:\/\/mamasjerkstation.com\/wp-content\/uploads\/2022\/08\/match-making.webp","twitter_misc":{"Gesch\u00e4tzte Lesezeit":"3\u00a0Minuten"},"schema":{"@context":"https:\/\/schema.org","@graph":[{"@type":"WebSite","@id":"https:\/\/mamasjerkstation.com\/#website","url":"https:\/\/mamasjerkstation.com\/","name":"Jerk Dating","description":"Online Sex Websites","potentialAction":[{"@type":"SearchAction","target":{"@type":"EntryPoint","urlTemplate":"https:\/\/mamasjerkstation.com\/?s={search_term_string}"},"query-input":"required name=search_term_string"}],"inLanguage":"de"},{"@type":"ImageObject","@id":"https:\/\/mamasjerkstation.com\/de\/zucker-dating-beratung\/#primaryimage","inLanguage":"de","url":"https:\/\/mamasjerkstation.com\/wp-content\/uploads\/2022\/08\/match-making.webp","contentUrl":"https:\/\/mamasjerkstation.com\/wp-content\/uploads\/2022\/08\/match-making.webp","width":1125,"height":750},{"@type":"WebPage","@id":"https:\/\/mamasjerkstation.com\/de\/zucker-dating-beratung\/#webpage","url":"https:\/\/mamasjerkstation.com\/de\/zucker-dating-beratung\/","name":"Zucker Dating Beratung: Werde eine Sugar Daddy - Jerk Dating","isPartOf":{"@id":"https:\/\/mamasjerkstation.com\/#website"},"primaryImageOfPage":{"@id":"https:\/\/mamasjerkstation.com\/de\/zucker-dating-beratung\/#primaryimage"},"datePublished":"2022-08-19T18:23:43+00:00","dateModified":"2022-08-19T18:23:43+00:00","breadcrumb":{"@id":"https:\/\/mamasjerkstation.com\/de\/zucker-dating-beratung\/#breadcrumb"},"inLanguage":"de","potentialAction":[{"@type":"ReadAction","target":["https:\/\/mamasjerkstation.com\/de\/zucker-dating-beratung\/"]}]},{"@type":"BreadcrumbList","@id":"https:\/\/mamasjerkstation.com\/de\/zucker-dating-beratung\/#breadcrumb","itemListElement":[{"@type":"ListItem","position":1,"name":"Home","item":"http:\/\/mamasjerkstation.com\/de\/"},{"@type":"ListItem","position":2,"name":"Zucker Dating Beratung"}]}]}},"_links":{"self":[{"href":"https:\/\/mamasjerkstation.com\/de\/wp-json\/wp\/v2\/pages\/257"}],"collection":[{"href":"https:\/\/mamasjerkstation.com\/de\/wp-json\/wp\/v2\/pages"}],"about":[{"href":"https:\/\/mamasjerkstation.com\/de\/wp-json\/wp\/v2\/types\/page"}],"author":[{"embeddable":true,"href":"https:\/\/mamasjerkstation.com\/de\/wp-json\/wp\/v2\/users\/1"}],"replies":[{"embeddable":true,"href":"https:\/\/mamasjerkstation.com\/de\/wp-json\/wp\/v2\/comments?post=257"}],"version-history":[{"count":0,"href":"https:\/\/mamasjerkstation.com\/de\/wp-json\/wp\/v2\/pages\/257\/revisions"}],"wp:featuredmedia":[{"embeddable":true,"href":"https:\/\/mamasjerkstation.com\/de\/wp-json\/wp\/v2\/media\/203"}],"wp:attachment":[{"href":"https:\/\/mamasjerkstation.com\/de\/wp-json\/wp\/v2\/media?parent=257"}],"curies":[{"name":"wp","href":"https:\/\/api.w.org\/{rel}","templated":true}]}}