{"id":252,"date":"2022-08-19T16:45:46","date_gmt":"2022-08-19T15:45:46","guid":{"rendered":"http:\/\/mamasjerkstation.com\/den-richtigen-idioten-ausserhalb-der-website-fuer-sie-finden-sexting-online\/"},"modified":"2022-08-19T16:45:46","modified_gmt":"2022-08-19T15:45:46","slug":"den-richtigen-idioten-ausserhalb-der-website-fuer-sie-finden-sexting-online","status":"publish","type":"page","link":"https:\/\/mamasjerkstation.com\/de\/","title":{"rendered":"Den richtigen Idioten au\u00dferhalb der Website f\u00fcr Sie finden: Sexting Online"},"content":{"rendered":"<p>Sex Chat ist eine Art der Online-Kommunikation, bei der Menschen sexuelle Aktivit\u00e4ten aus\u00fcben, w\u00e4hrend sie \u00fcber Textnachrichten, Instant Messaging-Apps, Social-Media-Plattformen usw. kommunizieren. Diese Form der Kommunikation wird oft als Sexting bezeichnet, obwohl sie sich technisch vom Sexting unterscheidet, da sie das Chatten \u00fcber Sex beinhaltet, anstatt explizite Bilder oder Videos von sich selbst zu senden.<\/p>\n<h2>Finden Sie die richtigen Jerk Cam-Sites<\/h2>\n<p>Es gibt keinen besseren Weg, <a href=\"http:\/\/mamasjerkstation.com\/de\/lgbt-dating\/\">Gleichgesinnte zu treffen<\/a> und Themen wie BDSM, Fetische, Knick, Rollenspiele, Fetischkleidung und vieles mehr zu diskutieren. Mit unserer Live-Video-Chat-Funktion k\u00f6nnen Sie sehen, wie andere aussehen, sodass Sie entscheiden k\u00f6nnen, ob Sie mit ihnen interagieren m\u00f6chten. Wenn Sie lieber nur lesen m\u00f6chten, haben wir viele Artikel, die von echten Menschen geschrieben wurden, die alles diskutieren, von der Frage, wie man M\u00e4dchen abholt und wie man sich unwiderstehlich macht.<\/p>\n<h3>Dating-Apps oder Sex-Chat-Sites?<\/h3>\n<p>Die Welt ist voll von Menschen, die online nach Liebe suchen. Egal, ob sie jemanden suchen, der bis heute etwas Besonderes ist, oder einfach nur eine Verbindung herstellen m\u00f6chten, es gibt viele M\u00f6glichkeiten, Romantik zu finden. Eine M\u00f6glichkeit, dies zu tun, ist \u00fcber eine Dating-App wie Tinder. Aber w\u00e4hrend Apps wie Tinder gro\u00dfartig sind, um potenzielle Termine zu treffen, bieten sie nicht immer die beste Erfahrung f\u00fcr diejenigen, die andere im wirklichen Leben treffen m\u00f6chten.<\/p>\n<p>Deshalb gibt es viele verschiedene Arten von sozialen Netzwerken, die Ihnen helfen sollen, sich pers\u00f6nlich mit Menschen zu verbinden. Bei einigen k\u00f6nnen Sie Gruppen beitreten, die auf Interessen, Hobbys und mehr basieren. Andere erm\u00f6glichen es Ihnen, sich mit Fremden anzufreunden oder einfach mit Menschen in der N\u00e4he zu sprechen. Und wieder andere bieten Gelegenheiten f\u00fcr zwanglose Begegnungen &#8211; wie einen Quickie in einem Park oder einen One-Night-Stand in einem Hotelzimmer.<\/p>\n<p><img loading=\"lazy\" class=\"aligncenter wp-image-53\" src=\"http:\/\/mamasjerkstation.com\/wp-content\/uploads\/2022\/08\/adult-cams-1024x683.jpeg\" alt=\"\" width=\"705\" height=\"470\" srcset=\"https:\/\/mamasjerkstation.com\/wp-content\/uploads\/2022\/08\/adult-cams-1024x683.jpeg 1024w, https:\/\/mamasjerkstation.com\/wp-content\/uploads\/2022\/08\/adult-cams-300x200.jpeg 300w, https:\/\/mamasjerkstation.com\/wp-content\/uploads\/2022\/08\/adult-cams-768x512.jpeg 768w, https:\/\/mamasjerkstation.com\/wp-content\/uploads\/2022\/08\/adult-cams.jpeg 1125w\" sizes=\"(max-width: 705px) 100vw, 705px\" \/><\/p>\n<h3>Was ist mit der Verwendung von Cam-Sites?<\/h3>\n<p>Diese Websites erm\u00f6glichen es Einzelpersonen, andere bei sexuellen Handlungen zu beobachten, ohne bezahlen zu m\u00fcssen. Einige der bekanntesten Live-Sex-Cam-Sites sind Chaturbate, LiveJasmin, Cam4, MyFreeCams und Streamberry.<\/p>\n<p>W\u00e4hrend einige Leute annehmen k\u00f6nnten, dass Pornostars den Gro\u00dfteil des Geldes mit Webcamming verdienen, stellt sich heraus, dass viele Modelle tats\u00e4chlich weniger als 100 US-Dollar pro Monat verdienen. Und obwohl es sicherlich Ausnahmen gibt, verdienen die meisten Modelle nicht genug Geld, um sich vollst\u00e4ndig von Webcamming zu ern\u00e4hren. Aber was ist mit den Zeiten, in denen Sie keine Lust haben, Pornos zu sehen? Oder vielleicht willst du einfach nur sehen, wie sexy eine andere Person nackt aussieht? Es gibt auch viele M\u00f6glichkeiten, dies zu tun. Zum Beispiel streamen einige Sex-Chat-Sites Live-Video-Feeds von den Webcams ihrer Mitglieder. Diese Live-Streams sind in der Regel mit Kosten verbunden, aber manchmal sind sie v\u00f6llig kostenlos.<\/p>\n<h2>Unsere Hot Pick: Dirty Roulette<\/h2>\n<p>Dirty Roulette ist eine der \u00e4ltesten Webcam-Seiten online, sie wurde 2005 ins Leben gerufen. Diese Video-Chat-Site f\u00fcr Erwachsene bietet kostenlose Live-Sex-Cams mit Tausenden von Modellen aus der ganzen Welt. Sie m\u00fcssen sich nicht einmal registrieren. W\u00e4hlen Sie einfach ein Modell aus, das Ihnen gef\u00e4llt, und beginnen Sie zu chatten. Wenn Sie mehr sehen wollen, geben Sie ihr einfach ein Trinkgeld &#8211; sie wird alles f\u00fcr Geld tun. Schauen Sie sich die Liste der besten Cam-Girls hier an. Dirtyroulette ist eine der beliebtesten Live-Cam-Sites online. Sie k\u00f6nnen Hunderte von sexy M\u00e4dchen beobachten, die Live-Sexakte wie Masturbation, Blasen und mehr durchf\u00fchren. Diese Seite ist sehr einfach zu bedienen. Registrieren Sie sich einfach und Sie k\u00f6nnen sofort mit dem Ansehen beginnen. Es sind keine Downloads erforderlich, melden Sie sich einfach an und beginnen Sie zu chatten.<\/p>\n<h2>Kamera 4<\/h2>\n<p>Cam4 ist eine der beliebtesten Seiten, um Live-Webcam-M\u00e4dchen online zu sehen. Es gibt Tausende und Abertausende von sch\u00f6nen Frauen, die darauf warten, Sie online zu treffen. Alles, was Sie tun m\u00fcssen, ist, sich f\u00fcr ein kostenloses Konto anzumelden und ihre Webcam-M\u00e4dchen zu durchsuchen.<\/p>\n<p>Sie werden feststellen, dass wir verschiedene Kategorien haben, je nachdem, was Sie finden m\u00f6chten. Egal, ob es sich um Teenager-Webcam-M\u00e4dchen, MILF-Webcam-M\u00e4dchen oder auch nur um Amateur-Webcam-M\u00e4dchen handelt, hier ist f\u00fcr jeden etwas dabei. St\u00f6bern Sie auf ihrer Website und sehen Sie, wie viele hei\u00dfe Webcam-M\u00e4dchen Sie finden k\u00f6nnen. Sobald Sie das Modell gefunden haben, mit dem Sie sprechen m\u00f6chten, betreten Sie einfach ihren Chatroom und sie wird bereit sein, Ihre Fragen zu beantworten. Wenn Sie nicht wissen, wo Sie anfangen sollen, k\u00f6nnen Sie uns gerne etwas \u00fcber die Webcam-M\u00e4dchen fragen, mit denen Sie sprechen m\u00f6chten. Ihr Kundensupport-Team hilft Ihnen gerne weiter.<\/p>\n<p>Der Hauptgrund, warum sich CAM4 vom Rest der Konkurrenz abhebt, ist die Tatsache, dass sie ihren Benutzern die M\u00f6glichkeit bieten, w\u00e4hrend ihrer Live-Show mit jedem Modell zu interagieren. Mit dieser Funktion k\u00f6nnen Sie die Action genie\u00dfen, w\u00e4hrend Sie direkt mit den Modellen chatten. Dar\u00fcber hinaus k\u00f6nnen Sie w\u00e4hrend der gesamten Sitzung unbegrenzt Textnachrichten senden, Fragen zum Aussehen, K\u00f6rpertyp, zur ethnischen Zugeh\u00f6rigkeit, zur Haarfarbe, zum Alter und zu vielem<\/p>\n<h2>Unser Rat<\/h2>\n<p>Geben Sie zuerst den beiden Apps, die wir oben empfohlen haben, einen Versuch, wenn sie nicht f\u00fcr Sie sind, probieren Sie eine andere beliebte Wahl wie Chaturbate aus.<\/p>\n<p>Dies ist wahrscheinlich der gr\u00f6\u00dfte Name in der heutigen Erwachsenenunterhaltung. Mit \u00fcber 5 Millionen monatlichen Besuchen ist Chaturbate die weltweit gr\u00f6\u00dfte Live-Camming-Plattform. Sie bieten eine gro\u00dfe Auswahl an Funktionen, darunter sexy Video-Chats, freche Fotogalerien und sogar-Sessions.<\/p>\n","protected":false},"excerpt":{"rendered":"<p>Sex Chat ist eine Art der Online-Kommunikation, bei der Menschen sexuelle Aktivit\u00e4ten aus\u00fcben, w\u00e4hrend sie \u00fcber Textnachrichten, Instant Messaging-Apps, Social-Media-Plattformen usw. kommunizieren. Diese Form der &hellip; <\/p>\n","protected":false},"author":1,"featured_media":98,"parent":0,"menu_order":0,"comment_status":"closed","ping_status":"closed","template":"","meta":[],"yoast_head":"<!-- This site is optimized with the Yoast SEO plugin v17.7.1 - https:\/\/yoast.com\/wordpress\/plugins\/seo\/ -->\n<title>Den richtigen Idioten au\u00dferhalb der Website f\u00fcr Sie finden: Sexting Online - Jerk Dating<\/title>\n<meta name=\"robots\" content=\"index, follow, max-snippet:-1, max-image-preview:large, max-video-preview:-1\" \/>\n<link rel=\"canonical\" href=\"https:\/\/mamasjerkstation.com\/de\/\" \/>\n<meta property=\"og:locale\" content=\"de_DE\" \/>\n<meta property=\"og:type\" content=\"article\" \/>\n<meta property=\"og:title\" content=\"Den richtigen Idioten au\u00dferhalb der Website f\u00fcr Sie finden: Sexting Online - Jerk Dating\" \/>\n<meta property=\"og:description\" content=\"Sex Chat ist eine Art der Online-Kommunikation, bei der Menschen sexuelle Aktivit\u00e4ten aus\u00fcben, w\u00e4hrend sie \u00fcber Textnachrichten, Instant Messaging-Apps, Social-Media-Plattformen usw. kommunizieren. Diese Form der &hellip;\" \/>\n<meta property=\"og:url\" content=\"https:\/\/mamasjerkstation.com\/de\/\" \/>\n<meta property=\"og:site_name\" content=\"Jerk Dating\" \/>\n<meta property=\"og:image\" content=\"https:\/\/mamasjerkstation.com\/wp-content\/uploads\/2022\/08\/sexting-cam-rooms.jpeg\" \/>\n\t<meta property=\"og:image:width\" content=\"1125\" \/>\n\t<meta property=\"og:image:height\" content=\"750\" \/>\n<meta name=\"twitter:card\" content=\"summary_large_image\" \/>\n<meta name=\"twitter:label1\" content=\"Gesch\u00e4tzte Lesezeit\" \/>\n\t<meta name=\"twitter:data1\" content=\"5\u00a0Minuten\" \/>\n<script type=\"application\/ld+json\" class=\"yoast-schema-graph\">{\"@context\":\"https:\/\/schema.org\",\"@graph\":[{\"@type\":\"WebSite\",\"@id\":\"https:\/\/mamasjerkstation.com\/#website\",\"url\":\"https:\/\/mamasjerkstation.com\/\",\"name\":\"Jerk Dating\",\"description\":\"Online Sex Websites\",\"potentialAction\":[{\"@type\":\"SearchAction\",\"target\":{\"@type\":\"EntryPoint\",\"urlTemplate\":\"https:\/\/mamasjerkstation.com\/?s={search_term_string}\"},\"query-input\":\"required name=search_term_string\"}],\"inLanguage\":\"de\"},{\"@type\":\"ImageObject\",\"@id\":\"https:\/\/mamasjerkstation.com\/de\/#primaryimage\",\"inLanguage\":\"de\",\"url\":\"https:\/\/mamasjerkstation.com\/wp-content\/uploads\/2022\/08\/sexting-cam-rooms.jpeg\",\"contentUrl\":\"https:\/\/mamasjerkstation.com\/wp-content\/uploads\/2022\/08\/sexting-cam-rooms.jpeg\",\"width\":1125,\"height\":750},{\"@type\":\"WebPage\",\"@id\":\"https:\/\/mamasjerkstation.com\/de\/#webpage\",\"url\":\"https:\/\/mamasjerkstation.com\/de\/\",\"name\":\"Den richtigen Idioten au\\u00dferhalb der Website f\\u00fcr Sie finden: Sexting Online - Jerk Dating\",\"isPartOf\":{\"@id\":\"https:\/\/mamasjerkstation.com\/#website\"},\"primaryImageOfPage\":{\"@id\":\"https:\/\/mamasjerkstation.com\/de\/#primaryimage\"},\"datePublished\":\"2022-08-19T15:45:46+00:00\",\"dateModified\":\"2022-08-19T15:45:46+00:00\",\"breadcrumb\":{\"@id\":\"https:\/\/mamasjerkstation.com\/de\/#breadcrumb\"},\"inLanguage\":\"de\",\"potentialAction\":[{\"@type\":\"ReadAction\",\"target\":[\"https:\/\/mamasjerkstation.com\/de\/\"]}]},{\"@type\":\"BreadcrumbList\",\"@id\":\"https:\/\/mamasjerkstation.com\/de\/#breadcrumb\",\"itemListElement\":[{\"@type\":\"ListItem\",\"position\":1,\"name\":\"Home\",\"item\":\"https:\/\/mamasjerkstation.com\/de\/\"},{\"@type\":\"ListItem\",\"position\":2,\"name\":\"Den richtigen Idioten au\\u00dferhalb der Website f\\u00fcr Sie finden: Sexting Online\"}]}]}<\/script>\n<!-- \/ Yoast SEO plugin. -->","yoast_head_json":{"title":"Den richtigen Idioten au\u00dferhalb der Website f\u00fcr Sie finden: Sexting Online - Jerk Dating","robots":{"index":"index","follow":"follow","max-snippet":"max-snippet:-1","max-image-preview":"max-image-preview:large","max-video-preview":"max-video-preview:-1"},"canonical":"https:\/\/mamasjerkstation.com\/de\/","og_locale":"de_DE","og_type":"article","og_title":"Den richtigen Idioten au\u00dferhalb der Website f\u00fcr Sie finden: Sexting Online - Jerk Dating","og_description":"Sex Chat ist eine Art der Online-Kommunikation, bei der Menschen sexuelle Aktivit\u00e4ten aus\u00fcben, w\u00e4hrend sie \u00fcber Textnachrichten, Instant Messaging-Apps, Social-Media-Plattformen usw. kommunizieren. Diese Form der &hellip;","og_url":"https:\/\/mamasjerkstation.com\/de\/","og_site_name":"Jerk Dating","og_image":[{"width":1125,"height":750,"url":"https:\/\/mamasjerkstation.com\/wp-content\/uploads\/2022\/08\/sexting-cam-rooms.jpeg","type":"image\/jpeg"}],"twitter_card":"summary_large_image","twitter_misc":{"Gesch\u00e4tzte Lesezeit":"5\u00a0Minuten"},"schema":{"@context":"https:\/\/schema.org","@graph":[{"@type":"WebSite","@id":"https:\/\/mamasjerkstation.com\/#website","url":"https:\/\/mamasjerkstation.com\/","name":"Jerk Dating","description":"Online Sex Websites","potentialAction":[{"@type":"SearchAction","target":{"@type":"EntryPoint","urlTemplate":"https:\/\/mamasjerkstation.com\/?s={search_term_string}"},"query-input":"required name=search_term_string"}],"inLanguage":"de"},{"@type":"ImageObject","@id":"https:\/\/mamasjerkstation.com\/de\/#primaryimage","inLanguage":"de","url":"https:\/\/mamasjerkstation.com\/wp-content\/uploads\/2022\/08\/sexting-cam-rooms.jpeg","contentUrl":"https:\/\/mamasjerkstation.com\/wp-content\/uploads\/2022\/08\/sexting-cam-rooms.jpeg","width":1125,"height":750},{"@type":"WebPage","@id":"https:\/\/mamasjerkstation.com\/de\/#webpage","url":"https:\/\/mamasjerkstation.com\/de\/","name":"Den richtigen Idioten au\u00dferhalb der Website f\u00fcr Sie finden: Sexting Online - Jerk Dating","isPartOf":{"@id":"https:\/\/mamasjerkstation.com\/#website"},"primaryImageOfPage":{"@id":"https:\/\/mamasjerkstation.com\/de\/#primaryimage"},"datePublished":"2022-08-19T15:45:46+00:00","dateModified":"2022-08-19T15:45:46+00:00","breadcrumb":{"@id":"https:\/\/mamasjerkstation.com\/de\/#breadcrumb"},"inLanguage":"de","potentialAction":[{"@type":"ReadAction","target":["https:\/\/mamasjerkstation.com\/de\/"]}]},{"@type":"BreadcrumbList","@id":"https:\/\/mamasjerkstation.com\/de\/#breadcrumb","itemListElement":[{"@type":"ListItem","position":1,"name":"Home","item":"https:\/\/mamasjerkstation.com\/de\/"},{"@type":"ListItem","position":2,"name":"Den richtigen Idioten au\u00dferhalb der Website f\u00fcr Sie finden: Sexting Online"}]}]}},"_links":{"self":[{"href":"https:\/\/mamasjerkstation.com\/de\/wp-json\/wp\/v2\/pages\/252"}],"collection":[{"href":"https:\/\/mamasjerkstation.com\/de\/wp-json\/wp\/v2\/pages"}],"about":[{"href":"https:\/\/mamasjerkstation.com\/de\/wp-json\/wp\/v2\/types\/page"}],"author":[{"embeddable":true,"href":"https:\/\/mamasjerkstation.com\/de\/wp-json\/wp\/v2\/users\/1"}],"replies":[{"embeddable":true,"href":"https:\/\/mamasjerkstation.com\/de\/wp-json\/wp\/v2\/comments?post=252"}],"version-history":[{"count":0,"href":"https:\/\/mamasjerkstation.com\/de\/wp-json\/wp\/v2\/pages\/252\/revisions"}],"wp:featuredmedia":[{"embeddable":true,"href":"https:\/\/mamasjerkstation.com\/de\/wp-json\/wp\/v2\/media\/98"}],"wp:attachment":[{"href":"https:\/\/mamasjerkstation.com\/de\/wp-json\/wp\/v2\/media?parent=252"}],"curies":[{"name":"wp","href":"https:\/\/api.w.org\/{rel}","templated":true}]}}