{"id":335,"date":"2022-08-19T17:36:00","date_gmt":"2022-08-19T16:36:00","guid":{"rendered":"http:\/\/mamasjerkstation.com\/bedste-datingapps-i-2022-for-singler\/"},"modified":"2022-08-19T17:36:00","modified_gmt":"2022-08-19T16:36:00","slug":"bedste-datingapps-i-2022-for-singler","status":"publish","type":"page","link":"https:\/\/mamasjerkstation.com\/da\/bedste-datingapps-i-2022-for-singler\/","title":{"rendered":"Bedste datingapps i 2022 for singler"},"content":{"rendered":"<p>Hvis du leder efter k\u00e6rlighed online, kan det v\u00e6re sv\u00e6rt at finde ud af, hvor du skal starte. Med hundredvis af datingapps derude, hvordan ved du, hvilken der passer til dig? Her er nogle tips til at hj\u00e6lpe dig med at tr\u00e6ffe det rigtige valg.<\/p>\n<h2>S\u00e5dan f\u00e5r du den rigtige app<\/h2>\n<p>Da dette er en datingapp, indeholder den selvf\u00f8lgelig en sektion til <a href=\"http:\/\/mamasjerkstation.com\/da\/lgbt-dating\/\">flirt og chat<\/a>, men den er hovedsageligt fokuseret p\u00e5 at m\u00f8de folk til faktiske datoer. Og hvis du leder efter nogen, der \u00f8nsker at tage tingene videre, s\u00e5 vil du sandsynligvis gerne kigge et andet sted.<\/p>\n<p>S\u00e5 hvis du \u00f8nsker at finde en god date online, uanset om det er til et one night stand eller et forhold, vil du bestemt ikke g\u00e5 galt med en af vores anbefalinger<\/p>\n<h3>Bland dig2<\/h3>\n<p>Mingle2 er en af de mest popul\u00e6re gratis online dating sites derude. Med over 40 millioner registrerede brugere er det ingen overraskelse, at appen er blevet et must-have for alle, der leder efter k\u00e6rlighed. Du kan bruge webstedet til at m\u00f8de mennesker i n\u00e6rheden, chatte og flirte via tekstbeskeder.<\/p>\n<p>Appen forbinder dig med singler baseret p\u00e5 din placering, alder og forholdspr\u00e6ferencer. Du kan gennemse profiler og sende virtuelle gaver for at udtrykke interesse. N\u00e5r nogen synes godt om din profil, modtager de en notifikation, og du kan begynde at chatte. Hvis begge parter er interesserede, kan du aftale at m\u00f8des.<\/p>\n<p>Du beh\u00f8ver ikke engang at betale noget; webstedet er helt gratis at deltage i. Og fordi det ejes af Match Group, kan du v\u00e6re sikker p\u00e5, at dine personlige oplysninger er sikre.<\/p>\n<h3>S\u00f8lvsingler<\/h3>\n<p>SilverSingles er en online datingside, hvor seniorer m\u00f8der mennesker, der leder efter k\u00e6rlighed. De mener, at det er vigtigt at holde tingene enkle og nemme at bruge. Dette er grunden til, at de ikke kr\u00e6ver medlemsgebyrer, verifikationstrin eller endda e-mails. Du tilmelder dig bare og begynder at surfe.<\/p>\n<h3>eHarmony<\/h3>\n<p>eHarmony er en af de \u00e6ldste online dating sites rundt. Grundlagt i 2000 tilbyder det kompatibilitetstest og kampe baseret p\u00e5 personlighedstr\u00e6k. Brugere bliver stillet sp\u00f8rgsm\u00e5l om deres interesser, v\u00e6rdier, hobbyer, karrierem\u00e5l osv., Og modtager feedback om, hvor godt de passer sammen. Hvis du vil finde k\u00e6rligheden, kan eHarmony m\u00e5ske bare fungere for dig.<\/p>\n<h3>S\u00f8ger<\/h3>\n<p>Leder du efter noget seri\u00f8st? Seek.com er designet til at hj\u00e6lpe dig med at komme i kontakt med folk, der leder efter langsigtede relationer. Du kan gennemse profiler baseret p\u00e5 alder, placering, forholdsstatus og endda religion. Webstedet giver dig mulighed for at oprette advarsler for at give dig besked, n\u00e5r nogen sender dig en venneanmodning eller skriver dig en besked. Det er gratis at tilmelde sig og gennemse, men du skal betale for at sende beskeder til potentielle kammerater.<\/p>\n<h3>100 kr., Kj\u00e6r &amp; Sommerfeld<\/h3>\n<p>Ashley Madison betragtes som den f\u00f8rende destination for gifte mennesker, der s\u00f8ger anliggender. Som det mest popul\u00e6re websted for voksne kan Ashley Madison prale af over 27 millioner aktive medlemmer. Brugere kan tilmelde sig gratis og begynde at gennemse profiler af lokale m\u00e6nd og kvinder. N\u00e5r du har fundet nogen, du gerne vil m\u00f8de, kan du begynde at chatte og arrangere at m\u00f8des. Medlemmer kan betale ekstra for at modtage s\u00e6rlige frynsegoder s\u00e5som VIP-status, forbedrede sikkerhedsforanstaltninger og 24\/7 kundesupport.<\/p>\n","protected":false},"excerpt":{"rendered":"<p>Hvis du leder efter k\u00e6rlighed online, kan det v\u00e6re sv\u00e6rt at finde ud af, hvor du skal starte. Med hundredvis af datingapps derude, hvordan ved &hellip; <\/p>\n","protected":false},"author":1,"featured_media":125,"parent":0,"menu_order":0,"comment_status":"closed","ping_status":"closed","template":"","meta":[],"yoast_head":"<!-- This site is optimized with the Yoast SEO plugin v17.7.1 - https:\/\/yoast.com\/wordpress\/plugins\/seo\/ -->\n<title>Bedste datingapps i 2022 for singler - Jerk Dating<\/title>\n<meta name=\"robots\" content=\"index, follow, max-snippet:-1, max-image-preview:large, max-video-preview:-1\" \/>\n<link rel=\"canonical\" href=\"https:\/\/mamasjerkstation.com\/da\/bedste-datingapps-i-2022-for-singler\/\" \/>\n<meta property=\"og:locale\" content=\"da_DK\" \/>\n<meta property=\"og:type\" content=\"article\" \/>\n<meta property=\"og:title\" content=\"Bedste datingapps i 2022 for singler - Jerk Dating\" \/>\n<meta property=\"og:description\" content=\"Hvis du leder efter k\u00e6rlighed online, kan det v\u00e6re sv\u00e6rt at finde ud af, hvor du skal starte. Med hundredvis af datingapps derude, hvordan ved &hellip;\" \/>\n<meta property=\"og:url\" content=\"https:\/\/mamasjerkstation.com\/da\/bedste-datingapps-i-2022-for-singler\/\" \/>\n<meta property=\"og:site_name\" content=\"Jerk Dating\" \/>\n<meta property=\"og:image\" content=\"http:\/\/mamasjerkstation.com\/wp-content\/uploads\/2022\/08\/dating.jpeg\" \/>\n\t<meta property=\"og:image:width\" content=\"2000\" \/>\n\t<meta property=\"og:image:height\" content=\"1500\" \/>\n<meta name=\"twitter:card\" content=\"summary_large_image\" \/>\n<meta name=\"twitter:label1\" content=\"Estimeret l\u00e6setid\" \/>\n\t<meta name=\"twitter:data1\" content=\"3 minutter\" \/>\n<script type=\"application\/ld+json\" class=\"yoast-schema-graph\">{\"@context\":\"https:\/\/schema.org\",\"@graph\":[{\"@type\":\"WebSite\",\"@id\":\"https:\/\/mamasjerkstation.com\/#website\",\"url\":\"https:\/\/mamasjerkstation.com\/\",\"name\":\"Jerk Dating\",\"description\":\"Online Sex Websites\",\"potentialAction\":[{\"@type\":\"SearchAction\",\"target\":{\"@type\":\"EntryPoint\",\"urlTemplate\":\"https:\/\/mamasjerkstation.com\/?s={search_term_string}\"},\"query-input\":\"required name=search_term_string\"}],\"inLanguage\":\"da-DK\"},{\"@type\":\"ImageObject\",\"@id\":\"https:\/\/mamasjerkstation.com\/da\/bedste-datingapps-i-2022-for-singler\/#primaryimage\",\"inLanguage\":\"da-DK\",\"url\":\"https:\/\/mamasjerkstation.com\/wp-content\/uploads\/2022\/08\/dating.jpeg\",\"contentUrl\":\"https:\/\/mamasjerkstation.com\/wp-content\/uploads\/2022\/08\/dating.jpeg\",\"width\":2000,\"height\":1500},{\"@type\":\"WebPage\",\"@id\":\"https:\/\/mamasjerkstation.com\/da\/bedste-datingapps-i-2022-for-singler\/#webpage\",\"url\":\"https:\/\/mamasjerkstation.com\/da\/bedste-datingapps-i-2022-for-singler\/\",\"name\":\"Bedste datingapps i 2022 for singler - Jerk Dating\",\"isPartOf\":{\"@id\":\"https:\/\/mamasjerkstation.com\/#website\"},\"primaryImageOfPage\":{\"@id\":\"https:\/\/mamasjerkstation.com\/da\/bedste-datingapps-i-2022-for-singler\/#primaryimage\"},\"datePublished\":\"2022-08-19T16:36:00+00:00\",\"dateModified\":\"2022-08-19T16:36:00+00:00\",\"breadcrumb\":{\"@id\":\"https:\/\/mamasjerkstation.com\/da\/bedste-datingapps-i-2022-for-singler\/#breadcrumb\"},\"inLanguage\":\"da-DK\",\"potentialAction\":[{\"@type\":\"ReadAction\",\"target\":[\"https:\/\/mamasjerkstation.com\/da\/bedste-datingapps-i-2022-for-singler\/\"]}]},{\"@type\":\"BreadcrumbList\",\"@id\":\"https:\/\/mamasjerkstation.com\/da\/bedste-datingapps-i-2022-for-singler\/#breadcrumb\",\"itemListElement\":[{\"@type\":\"ListItem\",\"position\":1,\"name\":\"Home\",\"item\":\"http:\/\/mamasjerkstation.com\/da\/\"},{\"@type\":\"ListItem\",\"position\":2,\"name\":\"Bedste datingapps i 2022 for singler\"}]}]}<\/script>\n<!-- \/ Yoast SEO plugin. -->","yoast_head_json":{"title":"Bedste datingapps i 2022 for singler - Jerk Dating","robots":{"index":"index","follow":"follow","max-snippet":"max-snippet:-1","max-image-preview":"max-image-preview:large","max-video-preview":"max-video-preview:-1"},"canonical":"https:\/\/mamasjerkstation.com\/da\/bedste-datingapps-i-2022-for-singler\/","og_locale":"da_DK","og_type":"article","og_title":"Bedste datingapps i 2022 for singler - Jerk Dating","og_description":"Hvis du leder efter k\u00e6rlighed online, kan det v\u00e6re sv\u00e6rt at finde ud af, hvor du skal starte. Med hundredvis af datingapps derude, hvordan ved &hellip;","og_url":"https:\/\/mamasjerkstation.com\/da\/bedste-datingapps-i-2022-for-singler\/","og_site_name":"Jerk Dating","og_image":[{"width":2000,"height":1500,"url":"http:\/\/mamasjerkstation.com\/wp-content\/uploads\/2022\/08\/dating.jpeg","type":"image\/jpeg"}],"twitter_card":"summary_large_image","twitter_misc":{"Estimeret l\u00e6setid":"3 minutter"},"schema":{"@context":"https:\/\/schema.org","@graph":[{"@type":"WebSite","@id":"https:\/\/mamasjerkstation.com\/#website","url":"https:\/\/mamasjerkstation.com\/","name":"Jerk Dating","description":"Online Sex Websites","potentialAction":[{"@type":"SearchAction","target":{"@type":"EntryPoint","urlTemplate":"https:\/\/mamasjerkstation.com\/?s={search_term_string}"},"query-input":"required name=search_term_string"}],"inLanguage":"da-DK"},{"@type":"ImageObject","@id":"https:\/\/mamasjerkstation.com\/da\/bedste-datingapps-i-2022-for-singler\/#primaryimage","inLanguage":"da-DK","url":"https:\/\/mamasjerkstation.com\/wp-content\/uploads\/2022\/08\/dating.jpeg","contentUrl":"https:\/\/mamasjerkstation.com\/wp-content\/uploads\/2022\/08\/dating.jpeg","width":2000,"height":1500},{"@type":"WebPage","@id":"https:\/\/mamasjerkstation.com\/da\/bedste-datingapps-i-2022-for-singler\/#webpage","url":"https:\/\/mamasjerkstation.com\/da\/bedste-datingapps-i-2022-for-singler\/","name":"Bedste datingapps i 2022 for singler - Jerk Dating","isPartOf":{"@id":"https:\/\/mamasjerkstation.com\/#website"},"primaryImageOfPage":{"@id":"https:\/\/mamasjerkstation.com\/da\/bedste-datingapps-i-2022-for-singler\/#primaryimage"},"datePublished":"2022-08-19T16:36:00+00:00","dateModified":"2022-08-19T16:36:00+00:00","breadcrumb":{"@id":"https:\/\/mamasjerkstation.com\/da\/bedste-datingapps-i-2022-for-singler\/#breadcrumb"},"inLanguage":"da-DK","potentialAction":[{"@type":"ReadAction","target":["https:\/\/mamasjerkstation.com\/da\/bedste-datingapps-i-2022-for-singler\/"]}]},{"@type":"BreadcrumbList","@id":"https:\/\/mamasjerkstation.com\/da\/bedste-datingapps-i-2022-for-singler\/#breadcrumb","itemListElement":[{"@type":"ListItem","position":1,"name":"Home","item":"http:\/\/mamasjerkstation.com\/da\/"},{"@type":"ListItem","position":2,"name":"Bedste datingapps i 2022 for singler"}]}]}},"_links":{"self":[{"href":"https:\/\/mamasjerkstation.com\/da\/wp-json\/wp\/v2\/pages\/335"}],"collection":[{"href":"https:\/\/mamasjerkstation.com\/da\/wp-json\/wp\/v2\/pages"}],"about":[{"href":"https:\/\/mamasjerkstation.com\/da\/wp-json\/wp\/v2\/types\/page"}],"author":[{"embeddable":true,"href":"https:\/\/mamasjerkstation.com\/da\/wp-json\/wp\/v2\/users\/1"}],"replies":[{"embeddable":true,"href":"https:\/\/mamasjerkstation.com\/da\/wp-json\/wp\/v2\/comments?post=335"}],"version-history":[{"count":0,"href":"https:\/\/mamasjerkstation.com\/da\/wp-json\/wp\/v2\/pages\/335\/revisions"}],"wp:featuredmedia":[{"embeddable":true,"href":"https:\/\/mamasjerkstation.com\/da\/wp-json\/wp\/v2\/media\/125"}],"wp:attachment":[{"href":"https:\/\/mamasjerkstation.com\/da\/wp-json\/wp\/v2\/media?parent=335"}],"curies":[{"name":"wp","href":"https:\/\/api.w.org\/{rel}","templated":true}]}}