{"id":331,"date":"2022-08-19T16:45:46","date_gmt":"2022-08-19T15:45:46","guid":{"rendered":"http:\/\/mamasjerkstation.com\/find-det-rigtige-ryk-off-site-for-dig-sexting-online\/"},"modified":"2022-08-19T16:45:46","modified_gmt":"2022-08-19T15:45:46","slug":"find-det-rigtige-ryk-off-site-for-dig-sexting-online","status":"publish","type":"page","link":"https:\/\/mamasjerkstation.com\/da\/","title":{"rendered":"Find det rigtige ryk off site for dig: Sexting Online"},"content":{"rendered":"<p>Sex Chat er en form for online kommunikation, hvor folk deltager i seksuelle aktiviteter, mens de kommunikerer via tekstbeskeder, instant messaging-apps, sociale medieplatforme osv. Denne form for kommunikation kaldes ofte sexting, selvom det teknisk set adskiller sig fra sexting, fordi det indeb\u00e6rer at chatte om sex snarere end at sende eksplicitte billeder eller videoer af sig selv.<\/p>\n<h2>Find de rigtige Jerk Cam-websteder<\/h2>\n<p>Der er ingen bedre m\u00e5de at <a href=\"http:\/\/mamasjerkstation.com\/da\/lgbt-dating\/\">m\u00f8de ligesindede og<\/a> diskutere emner som BDSM, feticher, kink, rollespil, fetisht\u00f8j og meget mere. Vores live videochat-funktion giver dig mulighed for at se, hvordan andre ser ud, s\u00e5 du kan beslutte, om du vil interagere med dem. Hvis du hellere bare vil l\u00e6se, har vi masser af artikler skrevet af rigtige mennesker, der diskuterer alt fra, hvordan man henter piger til, hvordan man g\u00f8r sig uimodst\u00e5elig.<\/p>\n<h3>Dating apps eller sex chat sites?<\/h3>\n<p>Verden er fuld af mennesker, der leder efter k\u00e6rlighed online. Uanset om de s\u00f8ger nogen speciel til dato, eller bare vil tilslutte sig, er der masser af m\u00e5der at finde romantik p\u00e5. En m\u00e5de at g\u00f8re det p\u00e5 er via en datingapp som Tinder. Men selvom apps som Tinder er gode til at m\u00f8de potentielle dates, giver de ikke altid den bedste oplevelse for dem, der \u00f8nsker at m\u00f8de andre i det virkelige liv.<\/p>\n<p>Derfor er der mange forskellige typer sociale netv\u00e6rk designet til at hj\u00e6lpe dig med at oprette forbindelse til mennesker personligt. Nogle giver dig mulighed for at deltage i grupper baseret p\u00e5 interesser, hobbyer og mere. Andre giver dig mulighed for at blive venner med fremmede eller blot tale med folk i n\u00e6rheden. Og atter andre tilbyder muligheder for afslappede m\u00f8der &#8211; som en quickie i en park eller et one night stand p\u00e5 et hotelv\u00e6relse.<\/p>\n<p><img loading=\"lazy\" class=\"aligncenter wp-image-53\" src=\"http:\/\/mamasjerkstation.com\/wp-content\/uploads\/2022\/08\/adult-cams-1024x683.jpeg\" alt=\"\" width=\"705\" height=\"470\" srcset=\"https:\/\/mamasjerkstation.com\/wp-content\/uploads\/2022\/08\/adult-cams-1024x683.jpeg 1024w, https:\/\/mamasjerkstation.com\/wp-content\/uploads\/2022\/08\/adult-cams-300x200.jpeg 300w, https:\/\/mamasjerkstation.com\/wp-content\/uploads\/2022\/08\/adult-cams-768x512.jpeg 768w, https:\/\/mamasjerkstation.com\/wp-content\/uploads\/2022\/08\/adult-cams.jpeg 1125w\" sizes=\"(max-width: 705px) 100vw, 705px\" \/><\/p>\n<h3>Hvad med at bruge cam-websteder?<\/h3>\n<p>Disse websteder giver enkeltpersoner mulighed for at se andre deltage i seksuelle handlinger uden at skulle betale. Nogle af de mest kendte live sex cam sites omfatter Chaturbate, LiveJasmin, Cam4, MyFreeCams og Streamberry.<\/p>\n<p>Mens nogle mennesker m\u00e5ske antager, at pornostjerner tjener st\u00f8rstedelen af pengene p\u00e5 webcamming, viser det sig, at mange modeller faktisk tjener mindre end $ 100 pr. M\u00e5ned. Og selvom der bestemt er undtagelser, tjener de fleste modeller ikke nok penge til at fors\u00f8rge sig selv helt uden webcamming. Men hvad med de tidspunkter, hvor du ikke har lyst til at se porno? Eller m\u00e5ske vil du bare se, hvor sexet en anden person ser n\u00f8gen ud? Der er ogs\u00e5 masser af m\u00e5der at g\u00f8re det p\u00e5. For eksempel streamer nogle sexchatsider live videofeeds fra deres medlemmers webkameraer. Disse livestreams kommer normalt med en pris, men nogle gange er de helt gratis.<\/p>\n<h2>Vores hot pick: Dirty Roulette<\/h2>\n<p>Dirty Roulette er en af de \u00e6ldste webcam sites online, det blev lanceret i 2005. Dette websted for videochat for voksne tilbyder gratis live sexcams med tusindvis af modeller fra hele verden. Du beh\u00f8ver ikke engang at registrere dig. V\u00e6lg bare en model, du kan lide, og begynd at chatte. Hvis du vil se mere, skal du bare tippe hende &#8211; hun vil g\u00f8re alt for penge. Tjek listen over bedste cam-piger her. Dirtyroulette er en af de mest popul\u00e6re live cam sites online. Du kan se hundredvis af sexede piger udf\u00f8re live sexhandlinger som onani, blowjobs og mere. Dette websted er meget nemt at bruge. Bare tilmeld dig, og du kan begynde at se med det samme. Der kr\u00e6ves ingen downloads, bare tilmeld dig og begynd at chatte.<\/p>\n<h2>Cam4<\/h2>\n<p>Cam4 er et af de mest popul\u00e6re websteder til at se live webcam-piger online. Der er tusinder og atter tusinder af smukke kvinder, der venter p\u00e5 at m\u00f8de dig online. Alt du skal g\u00f8re er at tilmelde dig en gratis konto og begynde at gennemse deres webcam-piger.<\/p>\n<p>Du vil bem\u00e6rke, at vi har forskellige kategorier baseret p\u00e5, hvad du er interesseret i at finde. Uanset om det er teenage webcam piger, MILF webcam piger eller endda bare amat\u00f8r webcam piger, er der noget for enhver smag her. Gennemse deres websted og se, hvor mange hot webcam-piger du kan finde. N\u00e5r du har fundet den model, du vil tale med, skal du blot g\u00e5 ind i hendes chatrum, s\u00e5 er hun klar til at tage imod dine sp\u00f8rgsm\u00e5l. Hvis du ikke ved, hvor du skal begynde, er du velkommen til at sp\u00f8rge os om noget om de webcam-piger, du gerne vil tale med. Deres kundesupportteam er altid glade for at hj\u00e6lpe dig.<\/p>\n<p>Hoved\u00e5rsagen til, at CAM4 skiller sig ud fra resten af konkurrencen, er p\u00e5 grund af det faktum, at de giver deres brugere mulighed for at interagere med hver model under deres live show. Denne funktion giver dig mulighed for at nyde handlingen, mens du chatter direkte med modellerne. Derudover kan du sende ubegr\u00e6nsede tekstbeskeder under hele sessionen, stille sp\u00f8rgsm\u00e5l om kunstnerens udseende, kropstype, etnicitet, h\u00e5rfarve, alder og mange<\/p>\n<h2>Vores r\u00e5dgivning<\/h2>\n<p>Giv f\u00f8rst de to apps, vi anbefalede ovenfor, et fors\u00f8g, hvis de ikke er noget for dig, kan du pr\u00f8ve et andet popul\u00e6rt valg som Chaturbate.<\/p>\n<p>Dette er nok det st\u00f8rste navn inden for voksenunderholdning i dag. Med over 5 millioner m\u00e5nedlige bes\u00f8g er Chaturbate verdens st\u00f8rste live camming platform. De giver et stort udvalg af funktioner, herunder sexede videochats, fr\u00e6kke fotogallerier og endda gruppesexsessioner.<\/p>\n","protected":false},"excerpt":{"rendered":"<p>Sex Chat er en form for online kommunikation, hvor folk deltager i seksuelle aktiviteter, mens de kommunikerer via tekstbeskeder, instant messaging-apps, sociale medieplatforme osv. Denne &hellip; <\/p>\n","protected":false},"author":1,"featured_media":95,"parent":0,"menu_order":0,"comment_status":"closed","ping_status":"closed","template":"","meta":[],"yoast_head":"<!-- This site is optimized with the Yoast SEO plugin v17.7.1 - https:\/\/yoast.com\/wordpress\/plugins\/seo\/ -->\n<title>Find det rigtige ryk off site for dig: Sexting Online - Jerk Dating<\/title>\n<meta name=\"robots\" content=\"index, follow, max-snippet:-1, max-image-preview:large, max-video-preview:-1\" \/>\n<link rel=\"canonical\" href=\"https:\/\/mamasjerkstation.com\/da\/\" \/>\n<meta property=\"og:locale\" content=\"da_DK\" \/>\n<meta property=\"og:type\" content=\"article\" \/>\n<meta property=\"og:title\" content=\"Find det rigtige ryk off site for dig: Sexting Online - Jerk Dating\" \/>\n<meta property=\"og:description\" content=\"Sex Chat er en form for online kommunikation, hvor folk deltager i seksuelle aktiviteter, mens de kommunikerer via tekstbeskeder, instant messaging-apps, sociale medieplatforme osv. Denne &hellip;\" \/>\n<meta property=\"og:url\" content=\"https:\/\/mamasjerkstation.com\/da\/\" \/>\n<meta property=\"og:site_name\" content=\"Jerk Dating\" \/>\n<meta property=\"og:image\" content=\"https:\/\/mamasjerkstation.com\/wp-content\/uploads\/2022\/08\/sexting-cam-rooms.jpeg\" \/>\n\t<meta property=\"og:image:width\" content=\"1125\" \/>\n\t<meta property=\"og:image:height\" content=\"750\" \/>\n<meta name=\"twitter:card\" content=\"summary_large_image\" \/>\n<meta name=\"twitter:label1\" content=\"Estimeret l\u00e6setid\" \/>\n\t<meta name=\"twitter:data1\" content=\"5 minutter\" \/>\n<script type=\"application\/ld+json\" class=\"yoast-schema-graph\">{\"@context\":\"https:\/\/schema.org\",\"@graph\":[{\"@type\":\"WebSite\",\"@id\":\"https:\/\/mamasjerkstation.com\/#website\",\"url\":\"https:\/\/mamasjerkstation.com\/\",\"name\":\"Jerk Dating\",\"description\":\"Online Sex Websites\",\"potentialAction\":[{\"@type\":\"SearchAction\",\"target\":{\"@type\":\"EntryPoint\",\"urlTemplate\":\"https:\/\/mamasjerkstation.com\/?s={search_term_string}\"},\"query-input\":\"required name=search_term_string\"}],\"inLanguage\":\"da-DK\"},{\"@type\":\"ImageObject\",\"@id\":\"https:\/\/mamasjerkstation.com\/da\/#primaryimage\",\"inLanguage\":\"da-DK\",\"url\":\"https:\/\/mamasjerkstation.com\/wp-content\/uploads\/2022\/08\/sexting-cam-rooms.jpeg\",\"contentUrl\":\"https:\/\/mamasjerkstation.com\/wp-content\/uploads\/2022\/08\/sexting-cam-rooms.jpeg\",\"width\":1125,\"height\":750},{\"@type\":\"WebPage\",\"@id\":\"https:\/\/mamasjerkstation.com\/da\/#webpage\",\"url\":\"https:\/\/mamasjerkstation.com\/da\/\",\"name\":\"Find det rigtige ryk off site for dig: Sexting Online - Jerk Dating\",\"isPartOf\":{\"@id\":\"https:\/\/mamasjerkstation.com\/#website\"},\"primaryImageOfPage\":{\"@id\":\"https:\/\/mamasjerkstation.com\/da\/#primaryimage\"},\"datePublished\":\"2022-08-19T15:45:46+00:00\",\"dateModified\":\"2022-08-19T15:45:46+00:00\",\"breadcrumb\":{\"@id\":\"https:\/\/mamasjerkstation.com\/da\/#breadcrumb\"},\"inLanguage\":\"da-DK\",\"potentialAction\":[{\"@type\":\"ReadAction\",\"target\":[\"https:\/\/mamasjerkstation.com\/da\/\"]}]},{\"@type\":\"BreadcrumbList\",\"@id\":\"https:\/\/mamasjerkstation.com\/da\/#breadcrumb\",\"itemListElement\":[{\"@type\":\"ListItem\",\"position\":1,\"name\":\"Home\",\"item\":\"https:\/\/mamasjerkstation.com\/da\/\"},{\"@type\":\"ListItem\",\"position\":2,\"name\":\"Find det rigtige ryk off site for dig: Sexting Online\"}]}]}<\/script>\n<!-- \/ Yoast SEO plugin. -->","yoast_head_json":{"title":"Find det rigtige ryk off site for dig: Sexting Online - Jerk Dating","robots":{"index":"index","follow":"follow","max-snippet":"max-snippet:-1","max-image-preview":"max-image-preview:large","max-video-preview":"max-video-preview:-1"},"canonical":"https:\/\/mamasjerkstation.com\/da\/","og_locale":"da_DK","og_type":"article","og_title":"Find det rigtige ryk off site for dig: Sexting Online - Jerk Dating","og_description":"Sex Chat er en form for online kommunikation, hvor folk deltager i seksuelle aktiviteter, mens de kommunikerer via tekstbeskeder, instant messaging-apps, sociale medieplatforme osv. Denne &hellip;","og_url":"https:\/\/mamasjerkstation.com\/da\/","og_site_name":"Jerk Dating","og_image":[{"width":1125,"height":750,"url":"https:\/\/mamasjerkstation.com\/wp-content\/uploads\/2022\/08\/sexting-cam-rooms.jpeg","type":"image\/jpeg"}],"twitter_card":"summary_large_image","twitter_misc":{"Estimeret l\u00e6setid":"5 minutter"},"schema":{"@context":"https:\/\/schema.org","@graph":[{"@type":"WebSite","@id":"https:\/\/mamasjerkstation.com\/#website","url":"https:\/\/mamasjerkstation.com\/","name":"Jerk Dating","description":"Online Sex Websites","potentialAction":[{"@type":"SearchAction","target":{"@type":"EntryPoint","urlTemplate":"https:\/\/mamasjerkstation.com\/?s={search_term_string}"},"query-input":"required name=search_term_string"}],"inLanguage":"da-DK"},{"@type":"ImageObject","@id":"https:\/\/mamasjerkstation.com\/da\/#primaryimage","inLanguage":"da-DK","url":"https:\/\/mamasjerkstation.com\/wp-content\/uploads\/2022\/08\/sexting-cam-rooms.jpeg","contentUrl":"https:\/\/mamasjerkstation.com\/wp-content\/uploads\/2022\/08\/sexting-cam-rooms.jpeg","width":1125,"height":750},{"@type":"WebPage","@id":"https:\/\/mamasjerkstation.com\/da\/#webpage","url":"https:\/\/mamasjerkstation.com\/da\/","name":"Find det rigtige ryk off site for dig: Sexting Online - Jerk Dating","isPartOf":{"@id":"https:\/\/mamasjerkstation.com\/#website"},"primaryImageOfPage":{"@id":"https:\/\/mamasjerkstation.com\/da\/#primaryimage"},"datePublished":"2022-08-19T15:45:46+00:00","dateModified":"2022-08-19T15:45:46+00:00","breadcrumb":{"@id":"https:\/\/mamasjerkstation.com\/da\/#breadcrumb"},"inLanguage":"da-DK","potentialAction":[{"@type":"ReadAction","target":["https:\/\/mamasjerkstation.com\/da\/"]}]},{"@type":"BreadcrumbList","@id":"https:\/\/mamasjerkstation.com\/da\/#breadcrumb","itemListElement":[{"@type":"ListItem","position":1,"name":"Home","item":"https:\/\/mamasjerkstation.com\/da\/"},{"@type":"ListItem","position":2,"name":"Find det rigtige ryk off site for dig: Sexting Online"}]}]}},"_links":{"self":[{"href":"https:\/\/mamasjerkstation.com\/da\/wp-json\/wp\/v2\/pages\/331"}],"collection":[{"href":"https:\/\/mamasjerkstation.com\/da\/wp-json\/wp\/v2\/pages"}],"about":[{"href":"https:\/\/mamasjerkstation.com\/da\/wp-json\/wp\/v2\/types\/page"}],"author":[{"embeddable":true,"href":"https:\/\/mamasjerkstation.com\/da\/wp-json\/wp\/v2\/users\/1"}],"replies":[{"embeddable":true,"href":"https:\/\/mamasjerkstation.com\/da\/wp-json\/wp\/v2\/comments?post=331"}],"version-history":[{"count":0,"href":"https:\/\/mamasjerkstation.com\/da\/wp-json\/wp\/v2\/pages\/331\/revisions"}],"wp:featuredmedia":[{"embeddable":true,"href":"https:\/\/mamasjerkstation.com\/da\/wp-json\/wp\/v2\/media\/95"}],"wp:attachment":[{"href":"https:\/\/mamasjerkstation.com\/da\/wp-json\/wp\/v2\/media?parent=331"}],"curies":[{"name":"wp","href":"https:\/\/api.w.org\/{rel}","templated":true}]}}