{"id":310,"date":"2022-08-19T18:48:22","date_gmt":"2022-08-19T17:48:22","guid":{"rendered":"http:\/\/mamasjerkstation.com\/chat-med-fremmede-online\/"},"modified":"2022-08-19T18:48:22","modified_gmt":"2022-08-19T17:48:22","slug":"chat-med-fremmede-online","status":"publish","type":"page","link":"https:\/\/mamasjerkstation.com\/da\/chat-med-fremmede-online\/","title":{"rendered":"Chat med fremmede online"},"content":{"rendered":"<p>Ikke alle piger p\u00e5 disse websteder leder efter sex. Nogle keder sig bare og vil tale med fremmede. Andre leder efter venner. Men selvom du ikke m\u00f8der nogen p\u00e5 nogen af siderne, kan du stadig ende med at se noget, du ikke havde forventet.<\/p>\n<h2>Cam-websteder eller chatrum<\/h2>\n<p>Hvis du leder efter et sted, hvor du kan m\u00f8de rigtige piger online, er chancerne for, at du er blevet skuffet over mulighederne derude. Problemet er at finde et godt sted er ikke let. Der er masser af gratis pornochatrum derude, men de fleste af dem er fyldt med bots snarere end mennesker. Og selvom det er rigtigt, at betalte websteder som MyFreeCams tilbyder \u00e6gte cam-piger, er disse modeller ikke altid aktive eller villige til at interagere med bes\u00f8gende.<\/p>\n<p>Vi gennems\u00f8gte internettet for de allerbedste sexchatsider rundt, og vi fandt dem alle. S\u00e5 uanset om du vil chatte med MILF&#8217;er, teenagere, BDSM eller endda par, har vores liste alt hvad du muligvis har brug for. Der er mange forskellige typer v\u00e6relser at v\u00e6lge imellem, der hver is\u00e6r im\u00f8dekommer specifikke behov og \u00f8nsker. Nogle mennesker foretr\u00e6kker at chatte med fremmede, mens andre nyder at m\u00f8de nogen, de allerede kender. Nogle mennesker elsker at tale beskidt, mens andre blot vil tale om andet end sex.<\/p>\n<h2>Dating Apps<\/h2>\n<p>Der er masser af <a href=\"http:\/\/mamasjerkstation.com\/da\/lgbt-dating\/\">online dating platforme<\/a> derude, men n\u00e5r du har fundet en, der fungerer for dig, vil du sandsynligvis holde fast i det et stykke tid. Men hvad sker der, n\u00e5r du er klar til at komme videre og pr\u00f8ve noget andet? Hvis du leder efter en god tilslutningsapp, er her alt hvad du beh\u00f8ver at vide. Der er bogstaveligt talt tusindvis af forskellige datingapps og websteder derude, og selvom du m\u00e5ske tror, at du ved, hvad du laver, er chancerne for, at du let kan ende med at spilde timer efter timer af dit liv p\u00e5 at s\u00f8ge efter noget, der ikke engang er der. S\u00e5 uanset om du leder efter afslappede tilslutninger, langsigtede forhold eller m\u00e5ske endda \u00e6gteskab, har vi dig d\u00e6kket. Faktisk har vi samlet en liste over de allerbedste sexchatrum i dag, s\u00e5 du endelig kan stoppe med at bekymre dig om ikke at have held med online dating.<\/p>\n<p><strong>Det skal du holde \u00f8je med p\u00e5 datingsider:<\/strong><\/p>\n<h3>Sikkerhedsfunktioner<\/h3>\n<p>Tilslutningswebsteder tilbyder normalt sikkerhedsfunktioner til beskyttelse mod svindlere, hackere og identitetstyve. Disse omfatter bekr\u00e6ftelsesmetoder s\u00e5som bekr\u00e6ftelse af e-mail-adresse og bekr\u00e6ftelse af telefonnummer. De vil ogs\u00e5 ofte bede om yderligere oplysninger om dig selv, herunder din alder og placering, f\u00f8r de giver dig adgang. Hvis du ser noget fishy, er chancerne gode for, at webstedet ikke er din tid v\u00e6rd.<\/p>\n<h3>Verificerede profiler<\/h3>\n<p>N\u00e5r du tilmelder dig en tilslutningsapp eller et websted, skal du s\u00f8rge for at bekr\u00e6fte din profil. Dette sikrer, at det, du l\u00e6gger ned p\u00e5 papir, stemmer overens med det, der er registreret p\u00e5 webstedet. De fleste tilslutningssider giver dig mulighed for at uploade et billede af dig selv, hvilket hj\u00e6lper med at bekr\u00e6fte, at du er \u00e6gte. Du skal ikke betale for at bekr\u00e6fte din konto, men nogle websteder opkr\u00e6ver ekstra gebyrer for bekr\u00e6ftelse.<\/p>\n<h3>Beskyttelse mod svindel<\/h3>\n<p>De fleste tilslutningswebsteder har m\u00e5der at forhindre svigagtig aktivitet p\u00e5. For eksempel forbyder mange websteder visse typer konti, s\u00e5som dem, der bruges af bots og svindlere. Andre begr\u00e6nser, hvor mange kreditkortoplysninger du kan bruge til at finansiere din konto. Stadig andre fort\u00e6ller dig, hvis nogen fors\u00f8ger at snyde dig. Se efter tegn p\u00e5 svig, og undg\u00e5 at give personlige oplysninger, medmindre du f\u00f8ler dig tryg ved at g\u00f8re det.<\/p>\n","protected":false},"excerpt":{"rendered":"<p>Ikke alle piger p\u00e5 disse websteder leder efter sex. Nogle keder sig bare og vil tale med fremmede. Andre leder efter venner. Men selvom du &hellip; <\/p>\n","protected":false},"author":1,"featured_media":155,"parent":0,"menu_order":0,"comment_status":"closed","ping_status":"closed","template":"","meta":[],"yoast_head":"<!-- This site is optimized with the Yoast SEO plugin v17.7.1 - https:\/\/yoast.com\/wordpress\/plugins\/seo\/ -->\n<title>Chat med fremmede online - Jerk Dating<\/title>\n<meta name=\"robots\" content=\"index, follow, max-snippet:-1, max-image-preview:large, max-video-preview:-1\" \/>\n<link rel=\"canonical\" href=\"https:\/\/mamasjerkstation.com\/da\/chat-med-fremmede-online\/\" \/>\n<meta property=\"og:locale\" content=\"da_DK\" \/>\n<meta property=\"og:type\" content=\"article\" \/>\n<meta property=\"og:title\" content=\"Chat med fremmede online - Jerk Dating\" \/>\n<meta property=\"og:description\" content=\"Ikke alle piger p\u00e5 disse websteder leder efter sex. Nogle keder sig bare og vil tale med fremmede. Andre leder efter venner. Men selvom du &hellip;\" \/>\n<meta property=\"og:url\" content=\"https:\/\/mamasjerkstation.com\/da\/chat-med-fremmede-online\/\" \/>\n<meta property=\"og:site_name\" content=\"Jerk Dating\" \/>\n<meta property=\"og:image\" content=\"http:\/\/mamasjerkstation.com\/wp-content\/uploads\/2022\/08\/hookups.jpeg\" \/>\n\t<meta property=\"og:image:width\" content=\"500\" \/>\n\t<meta property=\"og:image:height\" content=\"333\" \/>\n<meta name=\"twitter:card\" content=\"summary_large_image\" \/>\n<meta name=\"twitter:label1\" content=\"Estimeret l\u00e6setid\" \/>\n\t<meta name=\"twitter:data1\" content=\"3 minutter\" \/>\n<script type=\"application\/ld+json\" class=\"yoast-schema-graph\">{\"@context\":\"https:\/\/schema.org\",\"@graph\":[{\"@type\":\"WebSite\",\"@id\":\"https:\/\/mamasjerkstation.com\/#website\",\"url\":\"https:\/\/mamasjerkstation.com\/\",\"name\":\"Jerk Dating\",\"description\":\"Online Sex Websites\",\"potentialAction\":[{\"@type\":\"SearchAction\",\"target\":{\"@type\":\"EntryPoint\",\"urlTemplate\":\"https:\/\/mamasjerkstation.com\/?s={search_term_string}\"},\"query-input\":\"required name=search_term_string\"}],\"inLanguage\":\"da-DK\"},{\"@type\":\"ImageObject\",\"@id\":\"https:\/\/mamasjerkstation.com\/da\/chat-med-fremmede-online\/#primaryimage\",\"inLanguage\":\"da-DK\",\"url\":\"https:\/\/mamasjerkstation.com\/wp-content\/uploads\/2022\/08\/hookups.jpeg\",\"contentUrl\":\"https:\/\/mamasjerkstation.com\/wp-content\/uploads\/2022\/08\/hookups.jpeg\",\"width\":500,\"height\":333},{\"@type\":\"WebPage\",\"@id\":\"https:\/\/mamasjerkstation.com\/da\/chat-med-fremmede-online\/#webpage\",\"url\":\"https:\/\/mamasjerkstation.com\/da\/chat-med-fremmede-online\/\",\"name\":\"Chat med fremmede online - Jerk Dating\",\"isPartOf\":{\"@id\":\"https:\/\/mamasjerkstation.com\/#website\"},\"primaryImageOfPage\":{\"@id\":\"https:\/\/mamasjerkstation.com\/da\/chat-med-fremmede-online\/#primaryimage\"},\"datePublished\":\"2022-08-19T17:48:22+00:00\",\"dateModified\":\"2022-08-19T17:48:22+00:00\",\"breadcrumb\":{\"@id\":\"https:\/\/mamasjerkstation.com\/da\/chat-med-fremmede-online\/#breadcrumb\"},\"inLanguage\":\"da-DK\",\"potentialAction\":[{\"@type\":\"ReadAction\",\"target\":[\"https:\/\/mamasjerkstation.com\/da\/chat-med-fremmede-online\/\"]}]},{\"@type\":\"BreadcrumbList\",\"@id\":\"https:\/\/mamasjerkstation.com\/da\/chat-med-fremmede-online\/#breadcrumb\",\"itemListElement\":[{\"@type\":\"ListItem\",\"position\":1,\"name\":\"Home\",\"item\":\"http:\/\/mamasjerkstation.com\/da\/\"},{\"@type\":\"ListItem\",\"position\":2,\"name\":\"Chat med fremmede online\"}]}]}<\/script>\n<!-- \/ Yoast SEO plugin. -->","yoast_head_json":{"title":"Chat med fremmede online - Jerk Dating","robots":{"index":"index","follow":"follow","max-snippet":"max-snippet:-1","max-image-preview":"max-image-preview:large","max-video-preview":"max-video-preview:-1"},"canonical":"https:\/\/mamasjerkstation.com\/da\/chat-med-fremmede-online\/","og_locale":"da_DK","og_type":"article","og_title":"Chat med fremmede online - Jerk Dating","og_description":"Ikke alle piger p\u00e5 disse websteder leder efter sex. Nogle keder sig bare og vil tale med fremmede. Andre leder efter venner. Men selvom du &hellip;","og_url":"https:\/\/mamasjerkstation.com\/da\/chat-med-fremmede-online\/","og_site_name":"Jerk Dating","og_image":[{"width":500,"height":333,"url":"http:\/\/mamasjerkstation.com\/wp-content\/uploads\/2022\/08\/hookups.jpeg","type":"image\/jpeg"}],"twitter_card":"summary_large_image","twitter_misc":{"Estimeret l\u00e6setid":"3 minutter"},"schema":{"@context":"https:\/\/schema.org","@graph":[{"@type":"WebSite","@id":"https:\/\/mamasjerkstation.com\/#website","url":"https:\/\/mamasjerkstation.com\/","name":"Jerk Dating","description":"Online Sex Websites","potentialAction":[{"@type":"SearchAction","target":{"@type":"EntryPoint","urlTemplate":"https:\/\/mamasjerkstation.com\/?s={search_term_string}"},"query-input":"required name=search_term_string"}],"inLanguage":"da-DK"},{"@type":"ImageObject","@id":"https:\/\/mamasjerkstation.com\/da\/chat-med-fremmede-online\/#primaryimage","inLanguage":"da-DK","url":"https:\/\/mamasjerkstation.com\/wp-content\/uploads\/2022\/08\/hookups.jpeg","contentUrl":"https:\/\/mamasjerkstation.com\/wp-content\/uploads\/2022\/08\/hookups.jpeg","width":500,"height":333},{"@type":"WebPage","@id":"https:\/\/mamasjerkstation.com\/da\/chat-med-fremmede-online\/#webpage","url":"https:\/\/mamasjerkstation.com\/da\/chat-med-fremmede-online\/","name":"Chat med fremmede online - Jerk Dating","isPartOf":{"@id":"https:\/\/mamasjerkstation.com\/#website"},"primaryImageOfPage":{"@id":"https:\/\/mamasjerkstation.com\/da\/chat-med-fremmede-online\/#primaryimage"},"datePublished":"2022-08-19T17:48:22+00:00","dateModified":"2022-08-19T17:48:22+00:00","breadcrumb":{"@id":"https:\/\/mamasjerkstation.com\/da\/chat-med-fremmede-online\/#breadcrumb"},"inLanguage":"da-DK","potentialAction":[{"@type":"ReadAction","target":["https:\/\/mamasjerkstation.com\/da\/chat-med-fremmede-online\/"]}]},{"@type":"BreadcrumbList","@id":"https:\/\/mamasjerkstation.com\/da\/chat-med-fremmede-online\/#breadcrumb","itemListElement":[{"@type":"ListItem","position":1,"name":"Home","item":"http:\/\/mamasjerkstation.com\/da\/"},{"@type":"ListItem","position":2,"name":"Chat med fremmede online"}]}]}},"_links":{"self":[{"href":"https:\/\/mamasjerkstation.com\/da\/wp-json\/wp\/v2\/pages\/310"}],"collection":[{"href":"https:\/\/mamasjerkstation.com\/da\/wp-json\/wp\/v2\/pages"}],"about":[{"href":"https:\/\/mamasjerkstation.com\/da\/wp-json\/wp\/v2\/types\/page"}],"author":[{"embeddable":true,"href":"https:\/\/mamasjerkstation.com\/da\/wp-json\/wp\/v2\/users\/1"}],"replies":[{"embeddable":true,"href":"https:\/\/mamasjerkstation.com\/da\/wp-json\/wp\/v2\/comments?post=310"}],"version-history":[{"count":0,"href":"https:\/\/mamasjerkstation.com\/da\/wp-json\/wp\/v2\/pages\/310\/revisions"}],"wp:featuredmedia":[{"embeddable":true,"href":"https:\/\/mamasjerkstation.com\/da\/wp-json\/wp\/v2\/media\/155"}],"wp:attachment":[{"href":"https:\/\/mamasjerkstation.com\/da\/wp-json\/wp\/v2\/media?parent=310"}],"curies":[{"name":"wp","href":"https:\/\/api.w.org\/{rel}","templated":true}]}}