{"id":302,"date":"2022-08-19T18:41:19","date_gmt":"2022-08-19T17:41:19","guid":{"rendered":"http:\/\/mamasjerkstation.com\/sex-chatrum\/"},"modified":"2022-08-19T18:41:19","modified_gmt":"2022-08-19T17:41:19","slug":"sex-chatrum","status":"publish","type":"page","link":"https:\/\/mamasjerkstation.com\/da\/sex-chatrum\/","title":{"rendered":"Sex chatrum"},"content":{"rendered":"<p>Meet in Chat er det bedste sted at finde rigtige mennesker at tale beskidt med online! Du vil ikke tro, hvor let det er at f\u00e5 nye venner her, og hvor sjovt det er at flirte med fremmede. Vi har hundredvis af sexede piger, der venter p\u00e5 at tage dine opkald!<\/p>\n<p>Du er aldrig for gammel eller for ung til at pr\u00f8ve vores helt <a href=\"http:\/\/mamasjerkstation.com\/da\/bedste-datingapps-i-2022-for-singler\/\">gratis chatrum for voksne<\/a>. V\u00e6lg bare en af kategorierne ovenfor, log ind i lokalet, og begynd at chatte v\u00e6k!<\/p>\n<p>Der er ingen gr\u00e6nser for, hvad du kan g\u00f8re i vores v\u00e6relser &#8211; bare sp\u00f8rg os om noget! Hvis du vil vide mere om sexleget\u00f8j, kan vi ogs\u00e5 hj\u00e6lpe der. Vil du l\u00e6re mere om oralsex teknikker? Sp\u00f8rg os! Vil du vide mere om BDSM? Lad os vide! Vi elsker at tale om alt kinky!<\/p>\n<h2>Hvad er det bedste sted at bruge?<\/h2>\n<p>Jeg er sikker p\u00e5, at mange af os ser frem til en bedre fremtid, hvor vi ikke l\u00e6ngere skal betale for porno online. Men bare fordi der er masser af gode gratis pornosider derude, betyder det ikke, at det altid er let at finde en, der fungerer godt. N\u00e5r du leder efter et premium-websted, der tilbyder video i h\u00f8j kvalitet, cam-piger og live webcam-chats, vil du sikre dig, at du v\u00e6lger en velrenommeret kilde.<\/p>\n<h3>Chaturbate<\/h3>\n<p>Chaturbate er et af de mest popul\u00e6re webcam-websteder online. Hvis du vil se nogle hotte live sexvideoer, s\u00e5 er du sikkert allerede bekendt med det. Men vidste du, at der er mange forskellige m\u00e5der at gennemse cam-piger p\u00e5? Her er tre nemme metoder.<\/p>\n<p>Der er tusindvis af cam-piger p\u00e5 Chaturbate, og hver model har normalt flere videoklip, hvor hun udf\u00f8rer visse seksuelle handlinger. For eksempel, hvis du vil se hende onanere, kan du se under fanen &#8220;onani&#8221;. Nogle modeller har flere onanivideoer, mens andre kun har en eller to.<\/p>\n<h2>Skal du betale?<\/h2>\n<p>Alle de websteder \/ piger, der er anf\u00f8rt ovenfor, er helt gratis at gennemse, s\u00e5 du beh\u00f8ver ikke bekymre dig om at bruge penge p\u00e5 deres indhold. Men hvis du foretr\u00e6kker at st\u00f8tte de cam-piger, du kan lide, accepterer mange af dem tip via PayPal. Dette g\u00f8r det lettere at sende dem penge direkte fra din browser. Derudover tilbyder mange af webstederne rabatter for tilmelding til premium-medlemskaber. For eksempel kan du tilmelde dig et m\u00e5nedlangt pr\u00f8vemedlemskab for $ 1.99 pr. Dag, eller du kan blive VIP-medlem for $ 29.95 om m\u00e5neden.<\/p>\n<p>Det meste af dette finder sted p\u00e5 voksne cam-websteder. Voksen camming er praksis med at deltage i webcam chats via live video feeds. Disse typer webkameraer giver folk mulighed for at se hinanden, mens de taler ansigt til ansigt. Faktisk bruger de fleste cam-websteder, fordi de ikke \u00f8nsker at skulle betale for telefonopkald. Den st\u00f8rste forskel mellem normale chatrum og cam-websteder er dog, at cam-websteder kr\u00e6ver registrering. Ud over at tilbyde gratis videochat tilbyder cam-websteder ofte yderligere funktioner s\u00e5som instant messaging, tekstchat og e-mail. For eksempel tilbyder Chaturbate gratis videochat, live-udsendelse og instant messaging. Et andet popul\u00e6rt websted, My Free Cams, giver gratis videochat, lydchat og instant messaging.<\/p>\n","protected":false},"excerpt":{"rendered":"<p>Meet in Chat er det bedste sted at finde rigtige mennesker at tale beskidt med online! Du vil ikke tro, hvor let det er at &hellip; <\/p>\n","protected":false},"author":1,"featured_media":140,"parent":0,"menu_order":0,"comment_status":"closed","ping_status":"closed","template":"","meta":[],"yoast_head":"<!-- This site is optimized with the Yoast SEO plugin v17.7.1 - https:\/\/yoast.com\/wordpress\/plugins\/seo\/ -->\n<title>Sex chatrum - Jerk Dating<\/title>\n<meta name=\"robots\" content=\"index, follow, max-snippet:-1, max-image-preview:large, max-video-preview:-1\" \/>\n<link rel=\"canonical\" href=\"https:\/\/mamasjerkstation.com\/da\/sex-chatrum\/\" \/>\n<meta property=\"og:locale\" content=\"da_DK\" \/>\n<meta property=\"og:type\" content=\"article\" \/>\n<meta property=\"og:title\" content=\"Sex chatrum - Jerk Dating\" \/>\n<meta property=\"og:description\" content=\"Meet in Chat er det bedste sted at finde rigtige mennesker at tale beskidt med online! Du vil ikke tro, hvor let det er at &hellip;\" \/>\n<meta property=\"og:url\" content=\"https:\/\/mamasjerkstation.com\/da\/sex-chatrum\/\" \/>\n<meta property=\"og:site_name\" content=\"Jerk Dating\" \/>\n<meta property=\"og:image\" content=\"https:\/\/mamasjerkstation.com\/wp-content\/uploads\/2022\/08\/online-sex-sites.jpeg\" \/>\n\t<meta property=\"og:image:width\" content=\"2250\" \/>\n\t<meta property=\"og:image:height\" content=\"1500\" \/>\n<meta name=\"twitter:card\" content=\"summary_large_image\" \/>\n<meta name=\"twitter:label1\" content=\"Estimeret l\u00e6setid\" \/>\n\t<meta name=\"twitter:data1\" content=\"3 minutter\" \/>\n<script type=\"application\/ld+json\" class=\"yoast-schema-graph\">{\"@context\":\"https:\/\/schema.org\",\"@graph\":[{\"@type\":\"WebSite\",\"@id\":\"http:\/\/mamasjerkstation.com\/#website\",\"url\":\"http:\/\/mamasjerkstation.com\/\",\"name\":\"Jerk Dating\",\"description\":\"Online Sex Websites\",\"potentialAction\":[{\"@type\":\"SearchAction\",\"target\":{\"@type\":\"EntryPoint\",\"urlTemplate\":\"http:\/\/mamasjerkstation.com\/?s={search_term_string}\"},\"query-input\":\"required name=search_term_string\"}],\"inLanguage\":\"da-DK\"},{\"@type\":\"ImageObject\",\"@id\":\"https:\/\/mamasjerkstation.com\/da\/sex-chatrum\/#primaryimage\",\"inLanguage\":\"da-DK\",\"url\":\"https:\/\/mamasjerkstation.com\/wp-content\/uploads\/2022\/08\/online-sex-sites.jpeg\",\"contentUrl\":\"https:\/\/mamasjerkstation.com\/wp-content\/uploads\/2022\/08\/online-sex-sites.jpeg\",\"width\":2250,\"height\":1500},{\"@type\":\"WebPage\",\"@id\":\"https:\/\/mamasjerkstation.com\/da\/sex-chatrum\/#webpage\",\"url\":\"https:\/\/mamasjerkstation.com\/da\/sex-chatrum\/\",\"name\":\"Sex chatrum - Jerk Dating\",\"isPartOf\":{\"@id\":\"http:\/\/mamasjerkstation.com\/#website\"},\"primaryImageOfPage\":{\"@id\":\"https:\/\/mamasjerkstation.com\/da\/sex-chatrum\/#primaryimage\"},\"datePublished\":\"2022-08-19T17:41:19+00:00\",\"dateModified\":\"2022-08-19T17:41:19+00:00\",\"breadcrumb\":{\"@id\":\"https:\/\/mamasjerkstation.com\/da\/sex-chatrum\/#breadcrumb\"},\"inLanguage\":\"da-DK\",\"potentialAction\":[{\"@type\":\"ReadAction\",\"target\":[\"https:\/\/mamasjerkstation.com\/da\/sex-chatrum\/\"]}]},{\"@type\":\"BreadcrumbList\",\"@id\":\"https:\/\/mamasjerkstation.com\/da\/sex-chatrum\/#breadcrumb\",\"itemListElement\":[{\"@type\":\"ListItem\",\"position\":1,\"name\":\"Home\",\"item\":\"https:\/\/mamasjerkstation.com\/da\/\"},{\"@type\":\"ListItem\",\"position\":2,\"name\":\"Sex chatrum\"}]}]}<\/script>\n<!-- \/ Yoast SEO plugin. -->","yoast_head_json":{"title":"Sex chatrum - Jerk Dating","robots":{"index":"index","follow":"follow","max-snippet":"max-snippet:-1","max-image-preview":"max-image-preview:large","max-video-preview":"max-video-preview:-1"},"canonical":"https:\/\/mamasjerkstation.com\/da\/sex-chatrum\/","og_locale":"da_DK","og_type":"article","og_title":"Sex chatrum - Jerk Dating","og_description":"Meet in Chat er det bedste sted at finde rigtige mennesker at tale beskidt med online! Du vil ikke tro, hvor let det er at &hellip;","og_url":"https:\/\/mamasjerkstation.com\/da\/sex-chatrum\/","og_site_name":"Jerk Dating","og_image":[{"width":2250,"height":1500,"url":"https:\/\/mamasjerkstation.com\/wp-content\/uploads\/2022\/08\/online-sex-sites.jpeg","type":"image\/jpeg"}],"twitter_card":"summary_large_image","twitter_misc":{"Estimeret l\u00e6setid":"3 minutter"},"schema":{"@context":"https:\/\/schema.org","@graph":[{"@type":"WebSite","@id":"http:\/\/mamasjerkstation.com\/#website","url":"http:\/\/mamasjerkstation.com\/","name":"Jerk Dating","description":"Online Sex Websites","potentialAction":[{"@type":"SearchAction","target":{"@type":"EntryPoint","urlTemplate":"http:\/\/mamasjerkstation.com\/?s={search_term_string}"},"query-input":"required name=search_term_string"}],"inLanguage":"da-DK"},{"@type":"ImageObject","@id":"https:\/\/mamasjerkstation.com\/da\/sex-chatrum\/#primaryimage","inLanguage":"da-DK","url":"https:\/\/mamasjerkstation.com\/wp-content\/uploads\/2022\/08\/online-sex-sites.jpeg","contentUrl":"https:\/\/mamasjerkstation.com\/wp-content\/uploads\/2022\/08\/online-sex-sites.jpeg","width":2250,"height":1500},{"@type":"WebPage","@id":"https:\/\/mamasjerkstation.com\/da\/sex-chatrum\/#webpage","url":"https:\/\/mamasjerkstation.com\/da\/sex-chatrum\/","name":"Sex chatrum - Jerk Dating","isPartOf":{"@id":"http:\/\/mamasjerkstation.com\/#website"},"primaryImageOfPage":{"@id":"https:\/\/mamasjerkstation.com\/da\/sex-chatrum\/#primaryimage"},"datePublished":"2022-08-19T17:41:19+00:00","dateModified":"2022-08-19T17:41:19+00:00","breadcrumb":{"@id":"https:\/\/mamasjerkstation.com\/da\/sex-chatrum\/#breadcrumb"},"inLanguage":"da-DK","potentialAction":[{"@type":"ReadAction","target":["https:\/\/mamasjerkstation.com\/da\/sex-chatrum\/"]}]},{"@type":"BreadcrumbList","@id":"https:\/\/mamasjerkstation.com\/da\/sex-chatrum\/#breadcrumb","itemListElement":[{"@type":"ListItem","position":1,"name":"Home","item":"https:\/\/mamasjerkstation.com\/da\/"},{"@type":"ListItem","position":2,"name":"Sex chatrum"}]}]}},"_links":{"self":[{"href":"https:\/\/mamasjerkstation.com\/da\/wp-json\/wp\/v2\/pages\/302"}],"collection":[{"href":"https:\/\/mamasjerkstation.com\/da\/wp-json\/wp\/v2\/pages"}],"about":[{"href":"https:\/\/mamasjerkstation.com\/da\/wp-json\/wp\/v2\/types\/page"}],"author":[{"embeddable":true,"href":"https:\/\/mamasjerkstation.com\/da\/wp-json\/wp\/v2\/users\/1"}],"replies":[{"embeddable":true,"href":"https:\/\/mamasjerkstation.com\/da\/wp-json\/wp\/v2\/comments?post=302"}],"version-history":[{"count":0,"href":"https:\/\/mamasjerkstation.com\/da\/wp-json\/wp\/v2\/pages\/302\/revisions"}],"wp:featuredmedia":[{"embeddable":true,"href":"https:\/\/mamasjerkstation.com\/da\/wp-json\/wp\/v2\/media\/140"}],"wp:attachment":[{"href":"https:\/\/mamasjerkstation.com\/da\/wp-json\/wp\/v2\/media?parent=302"}],"curies":[{"name":"wp","href":"https:\/\/api.w.org\/{rel}","templated":true}]}}