{"id":281,"date":"2022-08-19T18:51:33","date_gmt":"2022-08-19T17:51:33","guid":{"rendered":"http:\/\/mamasjerkstation.com\/lgbt-dating\/"},"modified":"2022-08-19T18:51:33","modified_gmt":"2022-08-19T17:51:33","slug":"lgbt-dating","status":"publish","type":"page","link":"https:\/\/mamasjerkstation.com\/da\/lgbt-dating\/","title":{"rendered":"LGBT+ Dating"},"content":{"rendered":"<p>N\u00e5r du leder efter en god tilslutningsapp, vil du have noget, der giver dig adgang til mange forskellige mennesker. Du \u00f8nsker ikke n\u00f8dvendigvis at betale for hver eneste person, du m\u00f8der.<\/p>\n<h2>Her er vores top 3 tips til at bruge LGBT dating apps:<\/h2>\n<h3>Mobil support<\/h3>\n<p>Du vil sandsynligvis bruge din telefon oftest, mens <a href=\"http:\/\/mamasjerkstation.com\/da\/find-afslappet-sex-i-naerheden-af-dig\/\">du s\u00f8ger efter en dato<\/a>, is\u00e6r da mange tilslutningsapps tilbyder en gratis version, der giver dig mulighed for at gennemse profiler og sende beskeder. Men s\u00f8rg for, at appen fungerer godt p\u00e5 b\u00e5de iOS- og Android-enheder. Ikke alle bruger iPhones eller Androids, s\u00e5 kompatibilitet betyder noget. Hvis du beslutter dig for at downloade hele appen, skal du kigge efter anmeldelser, der n\u00e6vner, hvor let det er at navigere, og om folk havde problemer med at logge ind.<\/p>\n<h3>Ux<\/h3>\n<p>Designet af selve appen er ikke vigtigt, men du vil m\u00e5ske pr\u00f8ve et par forskellige, f\u00f8r du beslutter dig for en. Nogle apps fokuserer p\u00e5 at matche personer baseret p\u00e5 placering, mens andre giver dig mulighed for at filtrere efter aldersgruppe eller k\u00f8n. S\u00f8rg for, at du kan lide den m\u00e5de, appen ser ud og f\u00f8les p\u00e5. Der er ikke noget v\u00e6rre end at have et godt match, der venter p\u00e5 dig, kun for at opdage, at han faktisk ikke eksisterer.<\/p>\n<h3>Matchende system<\/h3>\n<p>Hvordan bestemmer appen, hvilke personer der ligner hinanden? Er det baseret p\u00e5 f\u00e6lles venner? En f\u00e6lles interesse for musik eller b\u00f8ger? Eller m\u00e5ske finder den bare folk, der bor t\u00e6t p\u00e5 hinanden? Hvor meget v\u00e6gt till\u00e6gges hver faktor? Disse faktorer p\u00e5virker, hvor mange personer der vises i dit feed, og hvor sandsynligt det er, at du opretter forbindelse til dem.<\/p>\n<h2>F\u00f8lte sig<\/h2>\n<p>Feeld er en af de bedste tilslutningsapps, der findes. Med over 10 millioner downloads henvender det sig til folk, der leder efter afslappet sex og \/ eller bare noget sjovt. Denne app er fantastisk til dem, der er single, lige, homoseksuelle, bi, trans, lesbiske, queer, panseksuelle, polyamor\u00f8se osv.<\/p>\n<p>Appen fungerer som Tinder, hvor du stryger til venstre for at passere og h\u00f8jre for at matche. Du kan v\u00e6lge, om du vil se billeder eller ej. Hvis du beslutter dig for at se billeder, er der filtre som k\u00f8n, alder, etnicitet, kropstype, seksuel orientering, forholdsstatus, rygepr\u00e6ferencer, h\u00f8jde, h\u00e5rfarve, \u00f8jenfarve, religion, politiske synspunkter, erhverv, uddannelsesniveau, indkomst og endda tatoveringer og piercinger. Du kan ogs\u00e5 tilf\u00f8je interesser og hobbyer. For eksempel er jeg interesseret i sport, mad, musik, kunst, rejser og fitness. N\u00e5r nogen sender mig en anmodning, kan jeg enten acceptere eller afvise den. Hvis vi begge er enige om at m\u00f8des, kan vi s\u00e6tte en dato og et sted.<\/p>\n<p>Hvis du beslutter dig for at g\u00e5 ud med nogen, kan du chatte med ham eller hende via tekstbeskeder eller videoopkald. Der er ikke noget pres for at m\u00f8des. Du kan ogs\u00e5 sende gaver, blomster, chokolade og meget mere. Der er mange funktioner i denne app, herunder muligheden for at f\u00e5 venner, finde datoer, gennemse profiler og se gensidige kampe. Du kan ogs\u00e5 blokere bestemte brugere.<\/p>\n<h2>Hendes<\/h2>\n<p>HER er verdens st\u00f8rste gratis dating app for lesbiske og biseksuelle kvinder. Med over 50 millioner medlemmer over hele verden er der ingen mangel p\u00e5 muligheder. Men hvad f\u00e5r HENDE til at skille sig ud fra m\u00e6ngden? Her er tre grunde til, at vi elsker det.<\/p>\n<h3>Lokale begivenheder &amp;nyheder<\/h3>\n<p>Appen deler LGBTQ+-nyheder, herunder lokale begivenheder og sikre steder, hvor du kan m\u00f8de mennesker i n\u00e6rheden. Du kan endda finde begivenheder i n\u00e6rheden af steder som barer og klubber, hvilket g\u00f8r det lettere at finde en dato.<\/p>\n<h3>Sikre rum<\/h3>\n<p>Hvis du vil g\u00e5 p\u00e5 date uden at bekymre dig om at blive chikaneret, overfaldet eller diskrimineret, giver HER et sikkert sted for alle. Ligesom det virkelige liv beh\u00f8ver du ikke bekymre dig om at skulle &#8220;komme ud&#8221; til nogen. Hvis du f\u00f8ler dig nerv\u00f8s for at m\u00f8de en ny, skal du bare tale med andre online eller bede en ven om at introducere dig.<\/p>\n<h3>Trekant finder<\/h3>\n<p>Ved du, hvordan du nogle gange har lyst til at pr\u00f8ve noget andet? Det kan du g\u00f8re her. Mens de fleste apps kr\u00e6ver, at du udtrykkeligt angiver, at du vil tilslutte dig, giver HER dig mulighed for at oprette datoer med andre mennesker baseret p\u00e5 gensidige interesser. P\u00e5 denne m\u00e5de bliver ingen udeladt.<\/p>\n","protected":false},"excerpt":{"rendered":"<p>N\u00e5r du leder efter en god tilslutningsapp, vil du have noget, der giver dig adgang til mange forskellige mennesker. Du \u00f8nsker ikke n\u00f8dvendigvis at betale &hellip; <\/p>\n","protected":false},"author":1,"featured_media":80,"parent":0,"menu_order":0,"comment_status":"closed","ping_status":"closed","template":"","meta":[],"yoast_head":"<!-- This site is optimized with the Yoast SEO plugin v17.7.1 - https:\/\/yoast.com\/wordpress\/plugins\/seo\/ -->\n<title>LGBT+ Dating - Jerk Dating<\/title>\n<meta name=\"robots\" content=\"index, follow, max-snippet:-1, max-image-preview:large, max-video-preview:-1\" \/>\n<link rel=\"canonical\" href=\"https:\/\/mamasjerkstation.com\/da\/lgbt-dating\/\" \/>\n<meta property=\"og:locale\" content=\"da_DK\" \/>\n<meta property=\"og:type\" content=\"article\" \/>\n<meta property=\"og:title\" content=\"LGBT+ Dating - Jerk Dating\" \/>\n<meta property=\"og:description\" content=\"N\u00e5r du leder efter en god tilslutningsapp, vil du have noget, der giver dig adgang til mange forskellige mennesker. Du \u00f8nsker ikke n\u00f8dvendigvis at betale &hellip;\" \/>\n<meta property=\"og:url\" content=\"https:\/\/mamasjerkstation.com\/da\/lgbt-dating\/\" \/>\n<meta property=\"og:site_name\" content=\"Jerk Dating\" \/>\n<meta property=\"og:image\" content=\"http:\/\/mamasjerkstation.com\/wp-content\/uploads\/2022\/08\/cam-sites.jpeg\" \/>\n\t<meta property=\"og:image:width\" content=\"1125\" \/>\n\t<meta property=\"og:image:height\" content=\"750\" \/>\n<meta name=\"twitter:card\" content=\"summary_large_image\" \/>\n<meta name=\"twitter:label1\" content=\"Estimeret l\u00e6setid\" \/>\n\t<meta name=\"twitter:data1\" content=\"4 minutter\" \/>\n<script type=\"application\/ld+json\" class=\"yoast-schema-graph\">{\"@context\":\"https:\/\/schema.org\",\"@graph\":[{\"@type\":\"WebSite\",\"@id\":\"http:\/\/mamasjerkstation.com\/#website\",\"url\":\"http:\/\/mamasjerkstation.com\/\",\"name\":\"Jerk Dating\",\"description\":\"Online Sex Websites\",\"potentialAction\":[{\"@type\":\"SearchAction\",\"target\":{\"@type\":\"EntryPoint\",\"urlTemplate\":\"http:\/\/mamasjerkstation.com\/?s={search_term_string}\"},\"query-input\":\"required name=search_term_string\"}],\"inLanguage\":\"da-DK\"},{\"@type\":\"ImageObject\",\"@id\":\"https:\/\/mamasjerkstation.com\/da\/lgbt-dating\/#primaryimage\",\"inLanguage\":\"da-DK\",\"url\":\"https:\/\/mamasjerkstation.com\/wp-content\/uploads\/2022\/08\/cam-sites.jpeg\",\"contentUrl\":\"https:\/\/mamasjerkstation.com\/wp-content\/uploads\/2022\/08\/cam-sites.jpeg\",\"width\":1125,\"height\":750},{\"@type\":\"WebPage\",\"@id\":\"https:\/\/mamasjerkstation.com\/da\/lgbt-dating\/#webpage\",\"url\":\"https:\/\/mamasjerkstation.com\/da\/lgbt-dating\/\",\"name\":\"LGBT+ Dating - Jerk Dating\",\"isPartOf\":{\"@id\":\"http:\/\/mamasjerkstation.com\/#website\"},\"primaryImageOfPage\":{\"@id\":\"https:\/\/mamasjerkstation.com\/da\/lgbt-dating\/#primaryimage\"},\"datePublished\":\"2022-08-19T17:51:33+00:00\",\"dateModified\":\"2022-08-19T17:51:33+00:00\",\"breadcrumb\":{\"@id\":\"https:\/\/mamasjerkstation.com\/da\/lgbt-dating\/#breadcrumb\"},\"inLanguage\":\"da-DK\",\"potentialAction\":[{\"@type\":\"ReadAction\",\"target\":[\"https:\/\/mamasjerkstation.com\/da\/lgbt-dating\/\"]}]},{\"@type\":\"BreadcrumbList\",\"@id\":\"https:\/\/mamasjerkstation.com\/da\/lgbt-dating\/#breadcrumb\",\"itemListElement\":[{\"@type\":\"ListItem\",\"position\":1,\"name\":\"Home\",\"item\":\"http:\/\/mamasjerkstation.com\/da\/\"},{\"@type\":\"ListItem\",\"position\":2,\"name\":\"LGBT+ Dating\"}]}]}<\/script>\n<!-- \/ Yoast SEO plugin. -->","yoast_head_json":{"title":"LGBT+ Dating - Jerk Dating","robots":{"index":"index","follow":"follow","max-snippet":"max-snippet:-1","max-image-preview":"max-image-preview:large","max-video-preview":"max-video-preview:-1"},"canonical":"https:\/\/mamasjerkstation.com\/da\/lgbt-dating\/","og_locale":"da_DK","og_type":"article","og_title":"LGBT+ Dating - Jerk Dating","og_description":"N\u00e5r du leder efter en god tilslutningsapp, vil du have noget, der giver dig adgang til mange forskellige mennesker. Du \u00f8nsker ikke n\u00f8dvendigvis at betale &hellip;","og_url":"https:\/\/mamasjerkstation.com\/da\/lgbt-dating\/","og_site_name":"Jerk Dating","og_image":[{"width":1125,"height":750,"url":"http:\/\/mamasjerkstation.com\/wp-content\/uploads\/2022\/08\/cam-sites.jpeg","type":"image\/jpeg"}],"twitter_card":"summary_large_image","twitter_misc":{"Estimeret l\u00e6setid":"4 minutter"},"schema":{"@context":"https:\/\/schema.org","@graph":[{"@type":"WebSite","@id":"http:\/\/mamasjerkstation.com\/#website","url":"http:\/\/mamasjerkstation.com\/","name":"Jerk Dating","description":"Online Sex Websites","potentialAction":[{"@type":"SearchAction","target":{"@type":"EntryPoint","urlTemplate":"http:\/\/mamasjerkstation.com\/?s={search_term_string}"},"query-input":"required name=search_term_string"}],"inLanguage":"da-DK"},{"@type":"ImageObject","@id":"https:\/\/mamasjerkstation.com\/da\/lgbt-dating\/#primaryimage","inLanguage":"da-DK","url":"https:\/\/mamasjerkstation.com\/wp-content\/uploads\/2022\/08\/cam-sites.jpeg","contentUrl":"https:\/\/mamasjerkstation.com\/wp-content\/uploads\/2022\/08\/cam-sites.jpeg","width":1125,"height":750},{"@type":"WebPage","@id":"https:\/\/mamasjerkstation.com\/da\/lgbt-dating\/#webpage","url":"https:\/\/mamasjerkstation.com\/da\/lgbt-dating\/","name":"LGBT+ Dating - Jerk Dating","isPartOf":{"@id":"http:\/\/mamasjerkstation.com\/#website"},"primaryImageOfPage":{"@id":"https:\/\/mamasjerkstation.com\/da\/lgbt-dating\/#primaryimage"},"datePublished":"2022-08-19T17:51:33+00:00","dateModified":"2022-08-19T17:51:33+00:00","breadcrumb":{"@id":"https:\/\/mamasjerkstation.com\/da\/lgbt-dating\/#breadcrumb"},"inLanguage":"da-DK","potentialAction":[{"@type":"ReadAction","target":["https:\/\/mamasjerkstation.com\/da\/lgbt-dating\/"]}]},{"@type":"BreadcrumbList","@id":"https:\/\/mamasjerkstation.com\/da\/lgbt-dating\/#breadcrumb","itemListElement":[{"@type":"ListItem","position":1,"name":"Home","item":"http:\/\/mamasjerkstation.com\/da\/"},{"@type":"ListItem","position":2,"name":"LGBT+ Dating"}]}]}},"_links":{"self":[{"href":"https:\/\/mamasjerkstation.com\/da\/wp-json\/wp\/v2\/pages\/281"}],"collection":[{"href":"https:\/\/mamasjerkstation.com\/da\/wp-json\/wp\/v2\/pages"}],"about":[{"href":"https:\/\/mamasjerkstation.com\/da\/wp-json\/wp\/v2\/types\/page"}],"author":[{"embeddable":true,"href":"https:\/\/mamasjerkstation.com\/da\/wp-json\/wp\/v2\/users\/1"}],"replies":[{"embeddable":true,"href":"https:\/\/mamasjerkstation.com\/da\/wp-json\/wp\/v2\/comments?post=281"}],"version-history":[{"count":0,"href":"https:\/\/mamasjerkstation.com\/da\/wp-json\/wp\/v2\/pages\/281\/revisions"}],"wp:featuredmedia":[{"embeddable":true,"href":"https:\/\/mamasjerkstation.com\/da\/wp-json\/wp\/v2\/media\/80"}],"wp:attachment":[{"href":"https:\/\/mamasjerkstation.com\/da\/wp-json\/wp\/v2\/media?parent=281"}],"curies":[{"name":"wp","href":"https:\/\/api.w.org\/{rel}","templated":true}]}}