{"id":267,"date":"2022-08-19T19:01:00","date_gmt":"2022-08-19T18:01:00","guid":{"rendered":"http:\/\/mamasjerkstation.com\/find-afslappet-sex-i-naerheden-af-dig\/"},"modified":"2022-08-19T19:01:00","modified_gmt":"2022-08-19T18:01:00","slug":"find-afslappet-sex-i-naerheden-af-dig","status":"publish","type":"page","link":"https:\/\/mamasjerkstation.com\/da\/find-afslappet-sex-i-naerheden-af-dig\/","title":{"rendered":"Find afslappet sex i n\u00e6rheden af dig"},"content":{"rendered":"<p>Hvis du vil finde afslappet sex i dit omr\u00e5de, er der et par ting, du sandsynligvis vil overveje. F\u00f8rst og fremmest skal du s\u00f8rge for at vide, hvilken type oplevelse du leder efter. Hvis du bare \u00f8nsker at m\u00f8de en fuck buddy, skal du g\u00e5 til en af de mange dating apps derude.<\/p>\n<p>Vi anbefaler, at du pr\u00f8ver et par forskellige websteder fra vores liste og ser, hvilken der fungerer for dig. Ingen \u00f8nsker at bruge timer p\u00e5 at stryge gennem endel\u00f8se profiler bare for at m\u00f8des med en fremmed. S\u00e5 vi har sammensat nogle tips til at hj\u00e6lpe dig med at navigere sikkert i en verden af online dating.<\/p>\n<h2>Vores bedste valg til afslappet sex<\/h2>\n<p>Hvis du vil sk\u00e6re igennem alt affald online med <a href=\"http:\/\/mamasjerkstation.com\/da\/raad-om-sugardating\/\">dating apps<\/a>, foresl\u00e5r vi, at du pr\u00f8ver et par p\u00e5 vores liste. De hj\u00e6lper dig med at finde den type forhold, du \u00f8nsker.<\/p>\n<p>Vi har taget h\u00f8jde for personlig erfaring, brugeranmeldelser, sikkerheds-\/privatlivsfunktioner og meget mere, n\u00e5r vi laver denne liste.<\/p>\n<h3>Aff<\/h3>\n<p>AdultFriendFinder er den mest popul\u00e6re datingside til at finde afslappede sexpartnere. Webstedet har eksisteret siden 1995 og h\u00e6vder over 40 millioner medlemmer over hele verden. Webstedet tilbyder gratis medlemskab, men du vil gerne opgradere til premium-adgang for at se flere profiler og bruge flere v\u00e6rkt\u00f8jer som messaging, chatrum og webcam-videoer. Ud over standardprofiloplysningerne kan du uploade billeder og videoer, tilf\u00f8je venner, sende blink og gennemse lokale fortegnelser.<\/p>\n<p>Uanset om du vil date nogen, der leder efter k\u00e6rlighed, swingere, par eller bare noget godt gammeldags sjov, er AFF sikker p\u00e5 at hj\u00e6lpe dig.<\/p>\n<h3>S\u00f8ger<\/h3>\n<p>SeekingArrangement blev grundlagt i 2004 og har nu over 20 millioner registrerede brugere. Dens tagline er &#8220;Find k\u00e6rlighed online.&#8221; Det er rettet mod velhavende enlige mennesker, der s\u00f8ger langsigtede forhold. Du betaler et m\u00e5nedligt gebyr for at deltage p\u00e5 webstedet og kan v\u00e6lge, om du leder efter venskab, romantik, \u00e6gteskab eller noget helt andet.<\/p>\n<p>Denne dating app er designet specielt til dem, der nyder luksus dating. Hvis du er interesseret i at m\u00f8de smukke kvinder, der er klar til at bruge penge p\u00e5 dig, er dette det bedste sted at finde dem.<\/p>\n<p>God ting ved dette websted er sikkerhed, alle medlemmer skal vise ID for at deltage. Dette betyder, at du har f\u00e6rre svindlere, der bruger platformen.<\/p>\n<h3>Kv\u00e6rn<\/h3>\n<p>Dette er et socialt netv\u00e6rk designet specielt til homoseksuelle og biseksuelle m\u00e6nd. Det er lidt anderledes end andre websteder, fordi det ikke tillader brugere at finde datoer; i stedet fokuserer det p\u00e5 at hj\u00e6lpe dem med at m\u00f8de potentielle romantiske partnere. Medlemmerne kan se hinandens billeder og tale om sig selv, deres hobbyer og hvad de er interesseret i.<\/p>\n<h3>F\u00f8lte sig<\/h3>\n<p>Dette er en queer dating app, der er fokuseret p\u00e5 at forbinde homoseksuelle m\u00e6nd over hele verden. Det ligner Grindr, bortset fra at det er rettet mod dem, der s\u00f8ger afslappede tilslutninger snarere end langsigtede forhold. Feeld er helt gratis at downloade og bruge, men du skal betale $ 9.99 pr. M\u00e5ned for at l\u00e5se op for yderligere funktioner som gruppechats, begivenheder og eksklusive klubber.<\/p>\n<h3>LiderligeSingler<\/h3>\n<p>HornySingles er en gratis online dating app, hvor folk kan forbinde baseret p\u00e5 gensidige interesser. Medlemmer kan gennemse profiler, sende beskeder og oprette forbindelser med andre i n\u00e6rheden. Brugere kan konfigurere deres profil til at inkludere fotos, videoer og yderligere oplysninger om sig selv. Der er ingen gebyrer forbundet med medlemskab, hvilket g\u00f8r det ideelt for dem, der \u00f8nsker at m\u00f8de nogen uden at skulle bruge penge p\u00e5 forh\u00e5nd.<\/p>\n<h2>Vores r\u00e5d til dig?<\/h2>\n<p>Du skal huske p\u00e5, at nogle websteder er helt gratis, mens andre har en lille m\u00e6ngde premium-funktioner. Mange af de popul\u00e6re sider, s\u00e5som Tinder, OKCupid og Bumble, tilbyder b\u00e5de gratis og betalte versioner. Nogle er dog helt gratis (og andre er mere eksklusive som Seeking). Du skal finde den rigtige til dig, vi anbefaler at teste et par ud og se, hvordan du kan lide dem.<\/p>\n","protected":false},"excerpt":{"rendered":"<p>Hvis du vil finde afslappet sex i dit omr\u00e5de, er der et par ting, du sandsynligvis vil overveje. F\u00f8rst og fremmest skal du s\u00f8rge for &hellip; <\/p>\n","protected":false},"author":1,"featured_media":185,"parent":0,"menu_order":0,"comment_status":"closed","ping_status":"closed","template":"","meta":[],"yoast_head":"<!-- This site is optimized with the Yoast SEO plugin v17.7.1 - https:\/\/yoast.com\/wordpress\/plugins\/seo\/ -->\n<title>Find afslappet sex i n\u00e6rheden af dig - Jerk Dating<\/title>\n<meta name=\"robots\" content=\"index, follow, max-snippet:-1, max-image-preview:large, max-video-preview:-1\" \/>\n<link rel=\"canonical\" href=\"https:\/\/mamasjerkstation.com\/da\/find-afslappet-sex-i-naerheden-af-dig\/\" \/>\n<meta property=\"og:locale\" content=\"da_DK\" \/>\n<meta property=\"og:type\" content=\"article\" \/>\n<meta property=\"og:title\" content=\"Find afslappet sex i n\u00e6rheden af dig - Jerk Dating\" \/>\n<meta property=\"og:description\" content=\"Hvis du vil finde afslappet sex i dit omr\u00e5de, er der et par ting, du sandsynligvis vil overveje. F\u00f8rst og fremmest skal du s\u00f8rge for &hellip;\" \/>\n<meta property=\"og:url\" content=\"https:\/\/mamasjerkstation.com\/da\/find-afslappet-sex-i-naerheden-af-dig\/\" \/>\n<meta property=\"og:site_name\" content=\"Jerk Dating\" \/>\n<meta property=\"og:image\" content=\"http:\/\/mamasjerkstation.com\/wp-content\/uploads\/2022\/08\/casual-sex-dating-websites.jpeg\" \/>\n\t<meta property=\"og:image:width\" content=\"2094\" \/>\n\t<meta property=\"og:image:height\" content=\"1500\" \/>\n<meta name=\"twitter:card\" content=\"summary_large_image\" \/>\n<meta name=\"twitter:label1\" content=\"Estimeret l\u00e6setid\" \/>\n\t<meta name=\"twitter:data1\" content=\"3 minutter\" \/>\n<script type=\"application\/ld+json\" class=\"yoast-schema-graph\">{\"@context\":\"https:\/\/schema.org\",\"@graph\":[{\"@type\":\"WebSite\",\"@id\":\"https:\/\/mamasjerkstation.com\/#website\",\"url\":\"https:\/\/mamasjerkstation.com\/\",\"name\":\"Jerk Dating\",\"description\":\"Online Sex Websites\",\"potentialAction\":[{\"@type\":\"SearchAction\",\"target\":{\"@type\":\"EntryPoint\",\"urlTemplate\":\"https:\/\/mamasjerkstation.com\/?s={search_term_string}\"},\"query-input\":\"required name=search_term_string\"}],\"inLanguage\":\"da-DK\"},{\"@type\":\"ImageObject\",\"@id\":\"https:\/\/mamasjerkstation.com\/da\/find-afslappet-sex-i-naerheden-af-dig\/#primaryimage\",\"inLanguage\":\"da-DK\",\"url\":\"https:\/\/mamasjerkstation.com\/wp-content\/uploads\/2022\/08\/casual-sex-dating-websites.jpeg\",\"contentUrl\":\"https:\/\/mamasjerkstation.com\/wp-content\/uploads\/2022\/08\/casual-sex-dating-websites.jpeg\",\"width\":2094,\"height\":1500},{\"@type\":\"WebPage\",\"@id\":\"https:\/\/mamasjerkstation.com\/da\/find-afslappet-sex-i-naerheden-af-dig\/#webpage\",\"url\":\"https:\/\/mamasjerkstation.com\/da\/find-afslappet-sex-i-naerheden-af-dig\/\",\"name\":\"Find afslappet sex i n\\u00e6rheden af dig - Jerk Dating\",\"isPartOf\":{\"@id\":\"https:\/\/mamasjerkstation.com\/#website\"},\"primaryImageOfPage\":{\"@id\":\"https:\/\/mamasjerkstation.com\/da\/find-afslappet-sex-i-naerheden-af-dig\/#primaryimage\"},\"datePublished\":\"2022-08-19T18:01:00+00:00\",\"dateModified\":\"2022-08-19T18:01:00+00:00\",\"breadcrumb\":{\"@id\":\"https:\/\/mamasjerkstation.com\/da\/find-afslappet-sex-i-naerheden-af-dig\/#breadcrumb\"},\"inLanguage\":\"da-DK\",\"potentialAction\":[{\"@type\":\"ReadAction\",\"target\":[\"https:\/\/mamasjerkstation.com\/da\/find-afslappet-sex-i-naerheden-af-dig\/\"]}]},{\"@type\":\"BreadcrumbList\",\"@id\":\"https:\/\/mamasjerkstation.com\/da\/find-afslappet-sex-i-naerheden-af-dig\/#breadcrumb\",\"itemListElement\":[{\"@type\":\"ListItem\",\"position\":1,\"name\":\"Home\",\"item\":\"http:\/\/mamasjerkstation.com\/da\/\"},{\"@type\":\"ListItem\",\"position\":2,\"name\":\"Find afslappet sex i n\\u00e6rheden af dig\"}]}]}<\/script>\n<!-- \/ Yoast SEO plugin. -->","yoast_head_json":{"title":"Find afslappet sex i n\u00e6rheden af dig - Jerk Dating","robots":{"index":"index","follow":"follow","max-snippet":"max-snippet:-1","max-image-preview":"max-image-preview:large","max-video-preview":"max-video-preview:-1"},"canonical":"https:\/\/mamasjerkstation.com\/da\/find-afslappet-sex-i-naerheden-af-dig\/","og_locale":"da_DK","og_type":"article","og_title":"Find afslappet sex i n\u00e6rheden af dig - Jerk Dating","og_description":"Hvis du vil finde afslappet sex i dit omr\u00e5de, er der et par ting, du sandsynligvis vil overveje. F\u00f8rst og fremmest skal du s\u00f8rge for &hellip;","og_url":"https:\/\/mamasjerkstation.com\/da\/find-afslappet-sex-i-naerheden-af-dig\/","og_site_name":"Jerk Dating","og_image":[{"width":2094,"height":1500,"url":"http:\/\/mamasjerkstation.com\/wp-content\/uploads\/2022\/08\/casual-sex-dating-websites.jpeg","type":"image\/jpeg"}],"twitter_card":"summary_large_image","twitter_misc":{"Estimeret l\u00e6setid":"3 minutter"},"schema":{"@context":"https:\/\/schema.org","@graph":[{"@type":"WebSite","@id":"https:\/\/mamasjerkstation.com\/#website","url":"https:\/\/mamasjerkstation.com\/","name":"Jerk Dating","description":"Online Sex Websites","potentialAction":[{"@type":"SearchAction","target":{"@type":"EntryPoint","urlTemplate":"https:\/\/mamasjerkstation.com\/?s={search_term_string}"},"query-input":"required name=search_term_string"}],"inLanguage":"da-DK"},{"@type":"ImageObject","@id":"https:\/\/mamasjerkstation.com\/da\/find-afslappet-sex-i-naerheden-af-dig\/#primaryimage","inLanguage":"da-DK","url":"https:\/\/mamasjerkstation.com\/wp-content\/uploads\/2022\/08\/casual-sex-dating-websites.jpeg","contentUrl":"https:\/\/mamasjerkstation.com\/wp-content\/uploads\/2022\/08\/casual-sex-dating-websites.jpeg","width":2094,"height":1500},{"@type":"WebPage","@id":"https:\/\/mamasjerkstation.com\/da\/find-afslappet-sex-i-naerheden-af-dig\/#webpage","url":"https:\/\/mamasjerkstation.com\/da\/find-afslappet-sex-i-naerheden-af-dig\/","name":"Find afslappet sex i n\u00e6rheden af dig - Jerk Dating","isPartOf":{"@id":"https:\/\/mamasjerkstation.com\/#website"},"primaryImageOfPage":{"@id":"https:\/\/mamasjerkstation.com\/da\/find-afslappet-sex-i-naerheden-af-dig\/#primaryimage"},"datePublished":"2022-08-19T18:01:00+00:00","dateModified":"2022-08-19T18:01:00+00:00","breadcrumb":{"@id":"https:\/\/mamasjerkstation.com\/da\/find-afslappet-sex-i-naerheden-af-dig\/#breadcrumb"},"inLanguage":"da-DK","potentialAction":[{"@type":"ReadAction","target":["https:\/\/mamasjerkstation.com\/da\/find-afslappet-sex-i-naerheden-af-dig\/"]}]},{"@type":"BreadcrumbList","@id":"https:\/\/mamasjerkstation.com\/da\/find-afslappet-sex-i-naerheden-af-dig\/#breadcrumb","itemListElement":[{"@type":"ListItem","position":1,"name":"Home","item":"http:\/\/mamasjerkstation.com\/da\/"},{"@type":"ListItem","position":2,"name":"Find afslappet sex i n\u00e6rheden af dig"}]}]}},"_links":{"self":[{"href":"https:\/\/mamasjerkstation.com\/da\/wp-json\/wp\/v2\/pages\/267"}],"collection":[{"href":"https:\/\/mamasjerkstation.com\/da\/wp-json\/wp\/v2\/pages"}],"about":[{"href":"https:\/\/mamasjerkstation.com\/da\/wp-json\/wp\/v2\/types\/page"}],"author":[{"embeddable":true,"href":"https:\/\/mamasjerkstation.com\/da\/wp-json\/wp\/v2\/users\/1"}],"replies":[{"embeddable":true,"href":"https:\/\/mamasjerkstation.com\/da\/wp-json\/wp\/v2\/comments?post=267"}],"version-history":[{"count":0,"href":"https:\/\/mamasjerkstation.com\/da\/wp-json\/wp\/v2\/pages\/267\/revisions"}],"wp:featuredmedia":[{"embeddable":true,"href":"https:\/\/mamasjerkstation.com\/da\/wp-json\/wp\/v2\/media\/185"}],"wp:attachment":[{"href":"https:\/\/mamasjerkstation.com\/da\/wp-json\/wp\/v2\/media?parent=267"}],"curies":[{"name":"wp","href":"https:\/\/api.w.org\/{rel}","templated":true}]}}