{"id":255,"date":"2022-08-19T19:23:43","date_gmt":"2022-08-19T18:23:43","guid":{"rendered":"http:\/\/mamasjerkstation.com\/raad-om-sugardating\/"},"modified":"2022-08-19T19:23:43","modified_gmt":"2022-08-19T18:23:43","slug":"raad-om-sugardating","status":"publish","type":"page","link":"https:\/\/mamasjerkstation.com\/da\/raad-om-sugardating\/","title":{"rendered":"R\u00e5d om sugardating"},"content":{"rendered":"<h2>Er du single og leder efter en Sugar Daddy?<\/h2>\n<p>Der er tusindvis af m\u00e6nd online, der er villige til at betale for sex. De kalder sig &#8220;Sugar Daddies&#8221;.<\/p>\n<p>Det ser ud til, at enhver mand \u00f8nsker at v\u00e6re sugardaddy. Hvorfor? Fordi det f\u00e5r ham til at f\u00f8le, at han har magt. Han f\u00e5r lov til at <a href=\"http:\/\/mamasjerkstation.com\/da\/saadan-sextes-og-chattes-med-piger\/\">v\u00e6lge sin kvinde<\/a> og fort\u00e6lle hende, hvad hun skal g\u00f8re. Hun g\u00f8r, hvad han siger.<\/p>\n<p>Til geng\u00e6ld giver hun ham sex. Og hvis han kan lide hende, kan han ogs\u00e5 give hende gaver.<\/p>\n<p>Er du interesseret i at date en Sugar Daddy? Hvis ja, s\u00e5 l\u00e6s denne artikel omhyggeligt. Her er nogle tips til at hj\u00e6lpe dig med at finde en Sugar Daddy.<\/p>\n<h3>Ved hvad du vil have<\/h3>\n<p>F\u00f8r du g\u00e5r p\u00e5 jagt efter en Sugar Daddy, skal du vide pr\u00e6cis, hvad du vil have. \u00d8nsker du et forhold til ham \/ hende? Vil I bruge tid sammen? Vil du rejse med ham\/hende?<\/p>\n<p>Vil du gifte dig med ham \/ hende?<\/p>\n<p>Disse sp\u00f8rgsm\u00e5l hj\u00e6lper dig med at afg\u00f8re, om du vil have en Sugar Daddy eller en Sugar Baby.<\/p>\n<h3>V\u00e6r dig selv<\/h3>\n<p>V\u00e6r dig selv. Lad v\u00e6re med at foregive at v\u00e6re en anden. Dette lyder m\u00e5ske indlysende, men de fleste m\u00e6nd \u00f8nsker ikke at date en falsk person. De vil date rigtige kvinder.<\/p>\n<h3>Find nogen, der deler lignende interesser<\/h3>\n<p>Find nogen, der deler lignende interesser. For eksempel, hvis du kan lide sport, s\u00e5 find en mand, der ogs\u00e5 kan lide sport.<\/p>\n<p>Dette vil give jer et f\u00e6lles grundlag at tale om. Og at tale om ting, du deler i f\u00e6llesskab, hj\u00e6lper dig med at binde hurtigt.<\/p>\n<h3>Sp\u00f8rg ham om hans familie<\/h3>\n<p>Sp\u00f8rg ham om hans \/ hendes familie. Hvor gammel er hans\/hendes mor? Bor hun stadig hos ham\/hans for\u00e6ldre?<\/p>\n<p>Har han\/hun s\u00f8skende?<\/p>\n<h2>Ofte stillede sp\u00f8rgsm\u00e5l<\/h2>\n<h3>Hvad betyder NSA i sugardating?<\/h3>\n<p>NSA st\u00e5r for No Strings Attached. Det betyder, at du ikke beh\u00f8ver at bekymre dig om at komme ind i nogen form for forhold. Sugardating er en fantastisk m\u00e5de at m\u00f8de nye mennesker, der deler lignende interesser.<\/p>\n<h3>Hvordan bliver man NSA Sugar Baby eller far?<\/h3>\n<p>Hvis du vil v\u00e6re en sugar baby eller far, s\u00e5 skal du vide, hvordan du finder dem. Den bedste m\u00e5de at g\u00f8re dette p\u00e5 er gennem en datingapp som Tinder. N\u00e5r du har fundet nogen, der virker interessant, skal du bede om deres nummer og ringe til dem. Dette er den nemmeste m\u00e5de at begynde at tale med en sukkerbaby eller far.<\/p>\n<h3>Hvad er et NSA-forhold, og hvordan fungerer det?<\/h3>\n<p>Et NSA-forhold er, n\u00e5r to mennesker m\u00f8des for f\u00f8rste gang, og de begge kender hinanden fra tidligere m\u00f8der. Den person, der indleder m\u00f8det, kaldes NSA (New Spouse). Dette udtryk blev opfundet af komikeren Jerry Seinfeld i sin bog &#8220;The Marriage Ref&#8221;, hvor han beskriver processen med at finde k\u00e6rlighed.<\/p>\n<h3>Hvad er en sugardaddy?<\/h3>\n<p>En sugardaddy er en, der hj\u00e6lper sin k\u00e6reste \u00f8konomisk. Denne person har normalt penge og \u00f8nsker at hj\u00e6lpe hende. Han kan ogs\u00e5 v\u00e6re villig til at give hende gaver som dyre middage og helligdage. Forholdet mellem disse to parter er ofte romantisk, selvom nogle sugardaddies ikke \u00f8nsker nogen seksuel kontakt.<\/p>\n","protected":false},"excerpt":{"rendered":"<p>Er du single og leder efter en Sugar Daddy? Der er tusindvis af m\u00e6nd online, der er villige til at betale for sex. De kalder &hellip; <\/p>\n","protected":false},"author":1,"featured_media":200,"parent":0,"menu_order":0,"comment_status":"closed","ping_status":"closed","template":"","meta":[],"yoast_head":"<!-- This site is optimized with the Yoast SEO plugin v17.7.1 - https:\/\/yoast.com\/wordpress\/plugins\/seo\/ -->\n<title>R\u00e5d om sugardating: Bliv en Sugar Daddy - Jerk Dating<\/title>\n<meta name=\"robots\" content=\"index, follow, max-snippet:-1, max-image-preview:large, max-video-preview:-1\" \/>\n<link rel=\"canonical\" href=\"https:\/\/mamasjerkstation.com\/da\/raad-om-sugardating\/\" \/>\n<meta property=\"og:locale\" content=\"da_DK\" \/>\n<meta property=\"og:type\" content=\"article\" \/>\n<meta property=\"og:title\" content=\"R\u00e5d om sugardating: Bliv en Sugar Daddy - Jerk Dating\" \/>\n<meta property=\"og:description\" content=\"Er du single og leder efter en Sugar Daddy? Der er tusindvis af m\u00e6nd online, der er villige til at betale for sex. De kalder &hellip;\" \/>\n<meta property=\"og:url\" content=\"https:\/\/mamasjerkstation.com\/da\/raad-om-sugardating\/\" \/>\n<meta property=\"og:site_name\" content=\"Jerk Dating\" \/>\n<meta name=\"twitter:card\" content=\"summary_large_image\" \/>\n<meta name=\"twitter:image\" content=\"https:\/\/mamasjerkstation.com\/wp-content\/uploads\/2022\/08\/match-making.webp\" \/>\n<meta name=\"twitter:label1\" content=\"Estimeret l\u00e6setid\" \/>\n\t<meta name=\"twitter:data1\" content=\"3 minutter\" \/>\n<script type=\"application\/ld+json\" class=\"yoast-schema-graph\">{\"@context\":\"https:\/\/schema.org\",\"@graph\":[{\"@type\":\"WebSite\",\"@id\":\"https:\/\/mamasjerkstation.com\/#website\",\"url\":\"https:\/\/mamasjerkstation.com\/\",\"name\":\"Jerk Dating\",\"description\":\"Online Sex Websites\",\"potentialAction\":[{\"@type\":\"SearchAction\",\"target\":{\"@type\":\"EntryPoint\",\"urlTemplate\":\"https:\/\/mamasjerkstation.com\/?s={search_term_string}\"},\"query-input\":\"required name=search_term_string\"}],\"inLanguage\":\"da-DK\"},{\"@type\":\"ImageObject\",\"@id\":\"https:\/\/mamasjerkstation.com\/da\/raad-om-sugardating\/#primaryimage\",\"inLanguage\":\"da-DK\",\"url\":\"https:\/\/mamasjerkstation.com\/wp-content\/uploads\/2022\/08\/match-making.webp\",\"contentUrl\":\"https:\/\/mamasjerkstation.com\/wp-content\/uploads\/2022\/08\/match-making.webp\",\"width\":1125,\"height\":750},{\"@type\":\"WebPage\",\"@id\":\"https:\/\/mamasjerkstation.com\/da\/raad-om-sugardating\/#webpage\",\"url\":\"https:\/\/mamasjerkstation.com\/da\/raad-om-sugardating\/\",\"name\":\"R\\u00e5d om sugardating: Bliv en Sugar Daddy - Jerk Dating\",\"isPartOf\":{\"@id\":\"https:\/\/mamasjerkstation.com\/#website\"},\"primaryImageOfPage\":{\"@id\":\"https:\/\/mamasjerkstation.com\/da\/raad-om-sugardating\/#primaryimage\"},\"datePublished\":\"2022-08-19T18:23:43+00:00\",\"dateModified\":\"2022-08-19T18:23:43+00:00\",\"breadcrumb\":{\"@id\":\"https:\/\/mamasjerkstation.com\/da\/raad-om-sugardating\/#breadcrumb\"},\"inLanguage\":\"da-DK\",\"potentialAction\":[{\"@type\":\"ReadAction\",\"target\":[\"https:\/\/mamasjerkstation.com\/da\/raad-om-sugardating\/\"]}]},{\"@type\":\"BreadcrumbList\",\"@id\":\"https:\/\/mamasjerkstation.com\/da\/raad-om-sugardating\/#breadcrumb\",\"itemListElement\":[{\"@type\":\"ListItem\",\"position\":1,\"name\":\"Home\",\"item\":\"http:\/\/mamasjerkstation.com\/da\/\"},{\"@type\":\"ListItem\",\"position\":2,\"name\":\"R\\u00e5d om sugardating\"}]}]}<\/script>\n<!-- \/ Yoast SEO plugin. -->","yoast_head_json":{"title":"R\u00e5d om sugardating: Bliv en Sugar Daddy - Jerk Dating","robots":{"index":"index","follow":"follow","max-snippet":"max-snippet:-1","max-image-preview":"max-image-preview:large","max-video-preview":"max-video-preview:-1"},"canonical":"https:\/\/mamasjerkstation.com\/da\/raad-om-sugardating\/","og_locale":"da_DK","og_type":"article","og_title":"R\u00e5d om sugardating: Bliv en Sugar Daddy - Jerk Dating","og_description":"Er du single og leder efter en Sugar Daddy? Der er tusindvis af m\u00e6nd online, der er villige til at betale for sex. De kalder &hellip;","og_url":"https:\/\/mamasjerkstation.com\/da\/raad-om-sugardating\/","og_site_name":"Jerk Dating","twitter_card":"summary_large_image","twitter_image":"https:\/\/mamasjerkstation.com\/wp-content\/uploads\/2022\/08\/match-making.webp","twitter_misc":{"Estimeret l\u00e6setid":"3 minutter"},"schema":{"@context":"https:\/\/schema.org","@graph":[{"@type":"WebSite","@id":"https:\/\/mamasjerkstation.com\/#website","url":"https:\/\/mamasjerkstation.com\/","name":"Jerk Dating","description":"Online Sex Websites","potentialAction":[{"@type":"SearchAction","target":{"@type":"EntryPoint","urlTemplate":"https:\/\/mamasjerkstation.com\/?s={search_term_string}"},"query-input":"required name=search_term_string"}],"inLanguage":"da-DK"},{"@type":"ImageObject","@id":"https:\/\/mamasjerkstation.com\/da\/raad-om-sugardating\/#primaryimage","inLanguage":"da-DK","url":"https:\/\/mamasjerkstation.com\/wp-content\/uploads\/2022\/08\/match-making.webp","contentUrl":"https:\/\/mamasjerkstation.com\/wp-content\/uploads\/2022\/08\/match-making.webp","width":1125,"height":750},{"@type":"WebPage","@id":"https:\/\/mamasjerkstation.com\/da\/raad-om-sugardating\/#webpage","url":"https:\/\/mamasjerkstation.com\/da\/raad-om-sugardating\/","name":"R\u00e5d om sugardating: Bliv en Sugar Daddy - Jerk Dating","isPartOf":{"@id":"https:\/\/mamasjerkstation.com\/#website"},"primaryImageOfPage":{"@id":"https:\/\/mamasjerkstation.com\/da\/raad-om-sugardating\/#primaryimage"},"datePublished":"2022-08-19T18:23:43+00:00","dateModified":"2022-08-19T18:23:43+00:00","breadcrumb":{"@id":"https:\/\/mamasjerkstation.com\/da\/raad-om-sugardating\/#breadcrumb"},"inLanguage":"da-DK","potentialAction":[{"@type":"ReadAction","target":["https:\/\/mamasjerkstation.com\/da\/raad-om-sugardating\/"]}]},{"@type":"BreadcrumbList","@id":"https:\/\/mamasjerkstation.com\/da\/raad-om-sugardating\/#breadcrumb","itemListElement":[{"@type":"ListItem","position":1,"name":"Home","item":"http:\/\/mamasjerkstation.com\/da\/"},{"@type":"ListItem","position":2,"name":"R\u00e5d om sugardating"}]}]}},"_links":{"self":[{"href":"https:\/\/mamasjerkstation.com\/da\/wp-json\/wp\/v2\/pages\/255"}],"collection":[{"href":"https:\/\/mamasjerkstation.com\/da\/wp-json\/wp\/v2\/pages"}],"about":[{"href":"https:\/\/mamasjerkstation.com\/da\/wp-json\/wp\/v2\/types\/page"}],"author":[{"embeddable":true,"href":"https:\/\/mamasjerkstation.com\/da\/wp-json\/wp\/v2\/users\/1"}],"replies":[{"embeddable":true,"href":"https:\/\/mamasjerkstation.com\/da\/wp-json\/wp\/v2\/comments?post=255"}],"version-history":[{"count":0,"href":"https:\/\/mamasjerkstation.com\/da\/wp-json\/wp\/v2\/pages\/255\/revisions"}],"wp:featuredmedia":[{"embeddable":true,"href":"https:\/\/mamasjerkstation.com\/da\/wp-json\/wp\/v2\/media\/200"}],"wp:attachment":[{"href":"https:\/\/mamasjerkstation.com\/da\/wp-json\/wp\/v2\/media?parent=255"}],"curies":[{"name":"wp","href":"https:\/\/api.w.org\/{rel}","templated":true}]}}