{"id":332,"date":"2022-08-19T17:36:00","date_gmt":"2022-08-19T16:36:00","guid":{"rendered":"http:\/\/mamasjerkstation.com\/nejlepsi-seznamovaci-aplikace-v-roce-2022-pro-nezadane\/"},"modified":"2022-08-19T17:36:00","modified_gmt":"2022-08-19T16:36:00","slug":"nejlepsi-seznamovaci-aplikace-v-roce-2022-pro-nezadane","status":"publish","type":"page","link":"https:\/\/mamasjerkstation.com\/cs\/nejlepsi-seznamovaci-aplikace-v-roce-2022-pro-nezadane\/","title":{"rendered":"Nejlep\u0161\u00ed Seznamovac\u00ed aplikace v roce 2022 pro nezadan\u00e9"},"content":{"rendered":"<p>Pokud hled\u00e1te l\u00e1sku online, m\u016f\u017ee b\u00fdt t\u011b\u017ek\u00e9 zjistit, kde za\u010d\u00edt. Se stovkami seznamovac\u00edch aplikac\u00ed tam venku, jak v\u00edte, kter\u00fd z nich je pro v\u00e1s ten prav\u00fd? Zde je n\u011bkolik tip\u016f, kter\u00e9 v\u00e1m pomohou u\u010dinit spr\u00e1vnou volbu.<\/p>\n<h2>Z\u00edsk\u00e1n\u00ed spr\u00e1vn\u00e9 aplikace<\/h2>\n<p>Samoz\u0159ejm\u011b, proto\u017ee se jedn\u00e1 o seznamovac\u00ed aplikaci, obsahuje sekci pro <a href=\"http:\/\/mamasjerkstation.com\/cs\/lgbt-seznamka\/\">flirtov\u00e1n\u00ed a chatov\u00e1n\u00ed<\/a>, ale je zam\u011b\u0159ena hlavn\u011b na setk\u00e1n\u00ed s lidmi pro skute\u010dn\u00e9 sch\u016fzky. A pokud hled\u00e1te n\u011bkoho, kdo chce v\u011bci posunout d\u00e1l, pak se pravd\u011bpodobn\u011b budete cht\u00edt pod\u00edvat n\u011bkam jinam.<\/p>\n<p>Tak\u017ee pokud hled\u00e1te p\u011bkn\u00e9 rande online, a\u0165 u\u017e je to pro jednu noc nebo vztah, ur\u010dit\u011b se nepokaz\u00edte s jedn\u00edm z na\u0161ich doporu\u010den\u00ed<\/p>\n<h3>Mingle2<\/h3>\n<p>Mingle2 je jednou z nejpopul\u00e1rn\u011bj\u0161\u00edch bezplatn\u00fdch online seznamovac\u00edch str\u00e1nek. S v\u00edce ne\u017e 40 miliony registrovan\u00fdch u\u017eivatel\u016f nen\u00ed p\u0159ekvapen\u00edm, \u017ee se aplikace stala nutnost\u00ed pro ka\u017ed\u00e9ho, kdo hled\u00e1 l\u00e1sku. Web m\u016f\u017eete pou\u017e\u00edt k setk\u00e1n\u00ed s lidmi v okol\u00ed, chatu a flirtov\u00e1n\u00ed prost\u0159ednictv\u00edm textov\u00fdch zpr\u00e1v.<\/p>\n<p>Aplikace v\u00e1s spoj\u00ed s nezadan\u00fdmi na z\u00e1klad\u011b va\u0161\u00ed polohy, v\u011bku a preferenc\u00ed vztahu. M\u016f\u017eete proch\u00e1zet profily a pos\u00edlat virtu\u00e1ln\u00ed d\u00e1rky, abyste vyj\u00e1d\u0159ili z\u00e1jem. Kdy\u017e n\u011bkdo ozna\u010d\u00ed v\u00e1\u0161 profil jako To se mi l\u00edb\u00ed, obdr\u017e\u00ed ozn\u00e1men\u00ed a vy m\u016f\u017eete za\u010d\u00edt chatovat. Pokud maj\u00ed z\u00e1jem ob\u011b strany, m\u016f\u017eete se domluvit na setk\u00e1n\u00ed.<\/p>\n<p>Nemus\u00edte ani nic platit; str\u00e1nka je zcela zdarma k p\u0159ipojen\u00ed. A proto\u017ee je vlastn\u011bna spole\u010dnost\u00ed Match Group, m\u016f\u017eete si b\u00fdt jisti, \u017ee va\u0161e osobn\u00ed \u00fadaje jsou v bezpe\u010d\u00ed.<\/p>\n<h3>SilverSingles<\/h3>\n<p>SilverSingles je online seznamka, kde se senio\u0159i setk\u00e1vaj\u00ed s lidmi, kte\u0159\u00ed hledaj\u00ed l\u00e1sku. V\u011b\u0159\u00ed, \u017ee je d\u016fle\u017eit\u00e9, aby v\u011bci byly jednoduch\u00e9 a snadno pou\u017eiteln\u00e9. To je d\u016fvod, pro\u010d nevy\u017eaduj\u00ed \u010dlensk\u00e9 poplatky, ov\u011b\u0159ovac\u00ed kroky nebo dokonce e-maily. Sta\u010d\u00ed se zaregistrovat a za\u010d\u00edt proch\u00e1zet.<\/p>\n<h3>eHarmony<\/h3>\n<p>eHarmony je jednou z nejstar\u0161\u00edch online seznamek v okol\u00ed. Spole\u010dnost byla zalo\u017eena v roce 2000 a nab\u00edz\u00ed testov\u00e1n\u00ed kompatibility a z\u00e1pasy zalo\u017een\u00e9 na osobnostn\u00edch rysech. U\u017eivatel\u016fm jsou kladeny ot\u00e1zky t\u00fdkaj\u00edc\u00ed se jejich z\u00e1jm\u016f, hodnot, kon\u00ed\u010dk\u016f, kari\u00e9rn\u00edch c\u00edl\u016f atd. A dost\u00e1vaj\u00ed zp\u011btnou vazbu o tom, jak dob\u0159e se k sob\u011b hod\u00ed. Pokud chcete naj\u00edt l\u00e1sku, eHarmony by pro v\u00e1s mohla fungovat.<\/p>\n<h3>Hledaj\u00edc\u00ed<\/h3>\n<p>Hled\u00e1te n\u011bco v\u00e1\u017en\u00e9ho? Seek.com je navr\u017een tak, aby v\u00e1m pomohl spojit se s lidmi, kte\u0159\u00ed hledaj\u00ed dlouhodob\u00e9 vztahy. Profily m\u016f\u017eete proch\u00e1zet na z\u00e1klad\u011b v\u011bku, polohy, rodinn\u00e9ho stavu a dokonce i n\u00e1bo\u017eenstv\u00ed. Web umo\u017e\u0148uje nastavit upozorn\u011bn\u00ed, kter\u00e1 v\u00e1s upozorn\u00ed, kdykoli v\u00e1m n\u011bkdo po\u0161le \u017e\u00e1dost o p\u0159\u00e1telstv\u00ed nebo v\u00e1m nap\u00ed\u0161e zpr\u00e1vu. Registrace a proch\u00e1zen\u00ed je zdarma, ale mus\u00edte zaplatit za odes\u00edl\u00e1n\u00ed zpr\u00e1v potenci\u00e1ln\u00edm partner\u016fm.<\/p>\n<h3>Ashley Madisonov\u00e1<\/h3>\n<p>Ashley Madison je pova\u017eov\u00e1na za p\u0159edn\u00ed destinaci pro \u017eenat\u00e9 lidi, kte\u0159\u00ed hledaj\u00ed af\u00e9ry. Jako nejobl\u00edben\u011bj\u0161\u00ed osobn\u00ed str\u00e1nka pro dosp\u011bl\u00e9 se Ashley Madison m\u016f\u017ee pochlubit v\u00edce ne\u017e 27 miliony aktivn\u00edch \u010dlen\u016f. U\u017eivatel\u00e9 se mohou zdarma zaregistrovat a za\u010d\u00edt proch\u00e1zet profily m\u00edstn\u00edch mu\u017e\u016f a \u017een. Jakmile najdete n\u011bkoho, s k\u00fdm byste se cht\u011bli setkat, m\u016f\u017eete za\u010d\u00edt chatovat a domluvit si sch\u016fzku. \u010clenov\u00e9 si mohou p\u0159iplatit za z\u00edsk\u00e1n\u00ed speci\u00e1ln\u00edch v\u00fdhod, jako je VIP status, zv\u00fd\u0161en\u00e1 bezpe\u010dnostn\u00ed opat\u0159en\u00ed a z\u00e1kaznick\u00e1 podpora 24 hodin denn\u011b, 7 dn\u00ed v t\u00fddnu.<\/p>\n","protected":false},"excerpt":{"rendered":"<p>Pokud hled\u00e1te l\u00e1sku online, m\u016f\u017ee b\u00fdt t\u011b\u017ek\u00e9 zjistit, kde za\u010d\u00edt. Se stovkami seznamovac\u00edch aplikac\u00ed tam venku, jak v\u00edte, kter\u00fd z nich je pro v\u00e1s ten &hellip; <\/p>\n","protected":false},"author":1,"featured_media":124,"parent":0,"menu_order":0,"comment_status":"closed","ping_status":"closed","template":"","meta":[],"yoast_head":"<!-- This site is optimized with the Yoast SEO plugin v17.7.1 - https:\/\/yoast.com\/wordpress\/plugins\/seo\/ -->\n<title>Nejlep\u0161\u00ed Seznamovac\u00ed aplikace v roce 2022 pro nezadan\u00e9 - Jerk Dating<\/title>\n<meta name=\"robots\" content=\"index, follow, max-snippet:-1, max-image-preview:large, max-video-preview:-1\" \/>\n<link rel=\"canonical\" href=\"https:\/\/mamasjerkstation.com\/cs\/nejlepsi-seznamovaci-aplikace-v-roce-2022-pro-nezadane\/\" \/>\n<meta property=\"og:locale\" content=\"cs_CZ\" \/>\n<meta property=\"og:type\" content=\"article\" \/>\n<meta property=\"og:title\" content=\"Nejlep\u0161\u00ed Seznamovac\u00ed aplikace v roce 2022 pro nezadan\u00e9 - Jerk Dating\" \/>\n<meta property=\"og:description\" content=\"Pokud hled\u00e1te l\u00e1sku online, m\u016f\u017ee b\u00fdt t\u011b\u017ek\u00e9 zjistit, kde za\u010d\u00edt. Se stovkami seznamovac\u00edch aplikac\u00ed tam venku, jak v\u00edte, kter\u00fd z nich je pro v\u00e1s ten &hellip;\" \/>\n<meta property=\"og:url\" content=\"https:\/\/mamasjerkstation.com\/cs\/nejlepsi-seznamovaci-aplikace-v-roce-2022-pro-nezadane\/\" \/>\n<meta property=\"og:site_name\" content=\"Jerk Dating\" \/>\n<meta property=\"og:image\" content=\"http:\/\/mamasjerkstation.com\/wp-content\/uploads\/2022\/08\/dating.jpeg\" \/>\n\t<meta property=\"og:image:width\" content=\"2000\" \/>\n\t<meta property=\"og:image:height\" content=\"1500\" \/>\n<meta name=\"twitter:card\" content=\"summary_large_image\" \/>\n<meta name=\"twitter:label1\" content=\"Odhadovan\u00e1 doba \u010dten\u00ed\" \/>\n\t<meta name=\"twitter:data1\" content=\"3 minuty\" \/>\n<script type=\"application\/ld+json\" class=\"yoast-schema-graph\">{\"@context\":\"https:\/\/schema.org\",\"@graph\":[{\"@type\":\"WebSite\",\"@id\":\"https:\/\/mamasjerkstation.com\/#website\",\"url\":\"https:\/\/mamasjerkstation.com\/\",\"name\":\"Jerk Dating\",\"description\":\"Online Sex Websites\",\"potentialAction\":[{\"@type\":\"SearchAction\",\"target\":{\"@type\":\"EntryPoint\",\"urlTemplate\":\"https:\/\/mamasjerkstation.com\/?s={search_term_string}\"},\"query-input\":\"required name=search_term_string\"}],\"inLanguage\":\"cs\"},{\"@type\":\"ImageObject\",\"@id\":\"https:\/\/mamasjerkstation.com\/cs\/nejlepsi-seznamovaci-aplikace-v-roce-2022-pro-nezadane\/#primaryimage\",\"inLanguage\":\"cs\",\"url\":\"https:\/\/mamasjerkstation.com\/wp-content\/uploads\/2022\/08\/dating.jpeg\",\"contentUrl\":\"https:\/\/mamasjerkstation.com\/wp-content\/uploads\/2022\/08\/dating.jpeg\",\"width\":2000,\"height\":1500},{\"@type\":\"WebPage\",\"@id\":\"https:\/\/mamasjerkstation.com\/cs\/nejlepsi-seznamovaci-aplikace-v-roce-2022-pro-nezadane\/#webpage\",\"url\":\"https:\/\/mamasjerkstation.com\/cs\/nejlepsi-seznamovaci-aplikace-v-roce-2022-pro-nezadane\/\",\"name\":\"Nejlep\\u0161\\u00ed Seznamovac\\u00ed aplikace v roce 2022 pro nezadan\\u00e9 - Jerk Dating\",\"isPartOf\":{\"@id\":\"https:\/\/mamasjerkstation.com\/#website\"},\"primaryImageOfPage\":{\"@id\":\"https:\/\/mamasjerkstation.com\/cs\/nejlepsi-seznamovaci-aplikace-v-roce-2022-pro-nezadane\/#primaryimage\"},\"datePublished\":\"2022-08-19T16:36:00+00:00\",\"dateModified\":\"2022-08-19T16:36:00+00:00\",\"breadcrumb\":{\"@id\":\"https:\/\/mamasjerkstation.com\/cs\/nejlepsi-seznamovaci-aplikace-v-roce-2022-pro-nezadane\/#breadcrumb\"},\"inLanguage\":\"cs\",\"potentialAction\":[{\"@type\":\"ReadAction\",\"target\":[\"https:\/\/mamasjerkstation.com\/cs\/nejlepsi-seznamovaci-aplikace-v-roce-2022-pro-nezadane\/\"]}]},{\"@type\":\"BreadcrumbList\",\"@id\":\"https:\/\/mamasjerkstation.com\/cs\/nejlepsi-seznamovaci-aplikace-v-roce-2022-pro-nezadane\/#breadcrumb\",\"itemListElement\":[{\"@type\":\"ListItem\",\"position\":1,\"name\":\"Home\",\"item\":\"https:\/\/mamasjerkstation.com\/cs\/\"},{\"@type\":\"ListItem\",\"position\":2,\"name\":\"Nejlep\\u0161\\u00ed Seznamovac\\u00ed aplikace v roce 2022 pro nezadan\\u00e9\"}]}]}<\/script>\n<!-- \/ Yoast SEO plugin. -->","yoast_head_json":{"title":"Nejlep\u0161\u00ed Seznamovac\u00ed aplikace v roce 2022 pro nezadan\u00e9 - Jerk Dating","robots":{"index":"index","follow":"follow","max-snippet":"max-snippet:-1","max-image-preview":"max-image-preview:large","max-video-preview":"max-video-preview:-1"},"canonical":"https:\/\/mamasjerkstation.com\/cs\/nejlepsi-seznamovaci-aplikace-v-roce-2022-pro-nezadane\/","og_locale":"cs_CZ","og_type":"article","og_title":"Nejlep\u0161\u00ed Seznamovac\u00ed aplikace v roce 2022 pro nezadan\u00e9 - Jerk Dating","og_description":"Pokud hled\u00e1te l\u00e1sku online, m\u016f\u017ee b\u00fdt t\u011b\u017ek\u00e9 zjistit, kde za\u010d\u00edt. Se stovkami seznamovac\u00edch aplikac\u00ed tam venku, jak v\u00edte, kter\u00fd z nich je pro v\u00e1s ten &hellip;","og_url":"https:\/\/mamasjerkstation.com\/cs\/nejlepsi-seznamovaci-aplikace-v-roce-2022-pro-nezadane\/","og_site_name":"Jerk Dating","og_image":[{"width":2000,"height":1500,"url":"http:\/\/mamasjerkstation.com\/wp-content\/uploads\/2022\/08\/dating.jpeg","type":"image\/jpeg"}],"twitter_card":"summary_large_image","twitter_misc":{"Odhadovan\u00e1 doba \u010dten\u00ed":"3 minuty"},"schema":{"@context":"https:\/\/schema.org","@graph":[{"@type":"WebSite","@id":"https:\/\/mamasjerkstation.com\/#website","url":"https:\/\/mamasjerkstation.com\/","name":"Jerk Dating","description":"Online Sex Websites","potentialAction":[{"@type":"SearchAction","target":{"@type":"EntryPoint","urlTemplate":"https:\/\/mamasjerkstation.com\/?s={search_term_string}"},"query-input":"required name=search_term_string"}],"inLanguage":"cs"},{"@type":"ImageObject","@id":"https:\/\/mamasjerkstation.com\/cs\/nejlepsi-seznamovaci-aplikace-v-roce-2022-pro-nezadane\/#primaryimage","inLanguage":"cs","url":"https:\/\/mamasjerkstation.com\/wp-content\/uploads\/2022\/08\/dating.jpeg","contentUrl":"https:\/\/mamasjerkstation.com\/wp-content\/uploads\/2022\/08\/dating.jpeg","width":2000,"height":1500},{"@type":"WebPage","@id":"https:\/\/mamasjerkstation.com\/cs\/nejlepsi-seznamovaci-aplikace-v-roce-2022-pro-nezadane\/#webpage","url":"https:\/\/mamasjerkstation.com\/cs\/nejlepsi-seznamovaci-aplikace-v-roce-2022-pro-nezadane\/","name":"Nejlep\u0161\u00ed Seznamovac\u00ed aplikace v roce 2022 pro nezadan\u00e9 - Jerk Dating","isPartOf":{"@id":"https:\/\/mamasjerkstation.com\/#website"},"primaryImageOfPage":{"@id":"https:\/\/mamasjerkstation.com\/cs\/nejlepsi-seznamovaci-aplikace-v-roce-2022-pro-nezadane\/#primaryimage"},"datePublished":"2022-08-19T16:36:00+00:00","dateModified":"2022-08-19T16:36:00+00:00","breadcrumb":{"@id":"https:\/\/mamasjerkstation.com\/cs\/nejlepsi-seznamovaci-aplikace-v-roce-2022-pro-nezadane\/#breadcrumb"},"inLanguage":"cs","potentialAction":[{"@type":"ReadAction","target":["https:\/\/mamasjerkstation.com\/cs\/nejlepsi-seznamovaci-aplikace-v-roce-2022-pro-nezadane\/"]}]},{"@type":"BreadcrumbList","@id":"https:\/\/mamasjerkstation.com\/cs\/nejlepsi-seznamovaci-aplikace-v-roce-2022-pro-nezadane\/#breadcrumb","itemListElement":[{"@type":"ListItem","position":1,"name":"Home","item":"https:\/\/mamasjerkstation.com\/cs\/"},{"@type":"ListItem","position":2,"name":"Nejlep\u0161\u00ed Seznamovac\u00ed aplikace v roce 2022 pro nezadan\u00e9"}]}]}},"_links":{"self":[{"href":"https:\/\/mamasjerkstation.com\/cs\/wp-json\/wp\/v2\/pages\/332"}],"collection":[{"href":"https:\/\/mamasjerkstation.com\/cs\/wp-json\/wp\/v2\/pages"}],"about":[{"href":"https:\/\/mamasjerkstation.com\/cs\/wp-json\/wp\/v2\/types\/page"}],"author":[{"embeddable":true,"href":"https:\/\/mamasjerkstation.com\/cs\/wp-json\/wp\/v2\/users\/1"}],"replies":[{"embeddable":true,"href":"https:\/\/mamasjerkstation.com\/cs\/wp-json\/wp\/v2\/comments?post=332"}],"version-history":[{"count":0,"href":"https:\/\/mamasjerkstation.com\/cs\/wp-json\/wp\/v2\/pages\/332\/revisions"}],"wp:featuredmedia":[{"embeddable":true,"href":"https:\/\/mamasjerkstation.com\/cs\/wp-json\/wp\/v2\/media\/124"}],"wp:attachment":[{"href":"https:\/\/mamasjerkstation.com\/cs\/wp-json\/wp\/v2\/media?parent=332"}],"curies":[{"name":"wp","href":"https:\/\/api.w.org\/{rel}","templated":true}]}}