{"id":308,"date":"2022-08-19T18:48:22","date_gmt":"2022-08-19T17:48:22","guid":{"rendered":"http:\/\/mamasjerkstation.com\/chatujte-s-cizimi-lidmi-online\/"},"modified":"2022-08-19T18:48:22","modified_gmt":"2022-08-19T17:48:22","slug":"chatujte-s-cizimi-lidmi-online","status":"publish","type":"page","link":"https:\/\/mamasjerkstation.com\/cs\/chatujte-s-cizimi-lidmi-online\/","title":{"rendered":"Chatujte s ciz\u00edmi lidmi online"},"content":{"rendered":"<p>Ne ka\u017ed\u00e1 d\u00edvka na t\u011bchto str\u00e1nk\u00e1ch hled\u00e1 sex. N\u011bkte\u0159\u00ed se prost\u011b nud\u00ed a cht\u011bj\u00ed mluvit s ciz\u00edmi lidmi. Jin\u00ed hledaj\u00ed p\u0159\u00e1tele. Ale i kdy\u017e se na \u017e\u00e1dn\u00e9m webu s nik\u00fdm nesetk\u00e1te, m\u016f\u017eete nakonec vid\u011bt n\u011bco, co jste ne\u010dekali.<\/p>\n<h2>Cam str\u00e1nky nebo chatovac\u00ed m\u00edstnosti<\/h2>\n<p>Pokud hled\u00e1te m\u00edsto, kde se m\u016f\u017eete setkat se skute\u010dn\u00fdmi d\u00edvkami online, je pravd\u011bpodobn\u00e9, \u017ee jste byli zklam\u00e1ni mo\u017enostmi. Probl\u00e9m je, \u017ee naj\u00edt dobr\u00fd web nen\u00ed snadn\u00e9. Existuje spousta bezplatn\u00fdch porno chatovac\u00edch m\u00edstnost\u00ed, ale v\u011bt\u0161ina z nich je pln\u00e1 robot\u016f sp\u00ed\u0161e ne\u017e lid\u00ed. A i kdy\u017e je pravda, \u017ee placen\u00e9 str\u00e1nky, jako je MyFreeCams, nab\u00edzej\u00ed skute\u010dn\u00e9 cam d\u00edvky, tyto modely nejsou v\u017edy aktivn\u00ed nebo ochotn\u00e9 komunikovat s n\u00e1v\u0161t\u011bvn\u00edky.<\/p>\n<p>Prohledali jsme web pro ty nejlep\u0161\u00ed sexu\u00e1ln\u00ed chatovac\u00ed str\u00e1nky v okol\u00ed a na\u0161li jsme je v\u0161echny. Tak\u017ee a\u0165 u\u017e chcete chatovat s MILF, dosp\u00edvaj\u00edc\u00edmi, BDSM nebo dokonce p\u00e1ry, n\u00e1\u0161 seznam m\u00e1 v\u0161e, co byste mohli pot\u0159ebovat. Existuje mnoho r\u016fzn\u00fdch typ\u016f pokoj\u016f, z nich\u017e ka\u017ed\u00fd uspokojuje specifick\u00e9 pot\u0159eby a touhy. N\u011bkte\u0159\u00ed lid\u00e9 d\u00e1vaj\u00ed p\u0159ednost chatov\u00e1n\u00ed s ciz\u00edmi lidmi, zat\u00edmco jin\u00ed si u\u017e\u00edvaj\u00ed setk\u00e1n\u00ed s n\u011bk\u00fdm, koho ji\u017e znaj\u00ed. N\u011bkte\u0159\u00ed lid\u00e9 r\u00e1di mluv\u00ed \u0161pinav\u011b, zat\u00edmco jin\u00ed prost\u011b cht\u011bj\u00ed mluvit o \u010demkoli jin\u00e9m ne\u017e o sexu.<\/p>\n<h2>Seznamovac\u00ed aplikace<\/h2>\n<p>Existuje spousta <a href=\"http:\/\/mamasjerkstation.com\/cs\/lgbt-seznamka\/\">online seznamovac\u00edch platforem<\/a> , ale jakmile najdete jednu, kter\u00e1 pro v\u00e1s funguje, pravd\u011bpodobn\u011b se s n\u00ed na chv\u00edli zdr\u017e\u00edte. Ale co se stane, kdy\u017e jste p\u0159ipraveni j\u00edt d\u00e1l a zkusit n\u011bco jin\u00e9ho? Pokud hled\u00e1te dobrou aplikaci pro p\u0159ipojen\u00ed, zde je v\u0161e, co pot\u0159ebujete v\u011bd\u011bt. Existuj\u00ed doslova tis\u00edce r\u016fzn\u00fdch seznamovac\u00edch aplikac\u00ed a webov\u00fdch str\u00e1nek, a p\u0159esto\u017ee si m\u016f\u017eete myslet, \u017ee v\u00edte, co d\u011bl\u00e1te, je pravd\u011bpodobn\u00e9, \u017ee byste mohli snadno ztr\u00e1cet hodiny a hodiny sv\u00e9ho \u017eivota hled\u00e1n\u00edm n\u011b\u010deho, co tam ani nen\u00ed. Tak\u017ee, a\u0165 u\u017e hled\u00e1te p\u0159\u00edle\u017eitostn\u00e9 spojen\u00ed, dlouhodob\u00e9 vztahy nebo mo\u017en\u00e1 dokonce man\u017eelstv\u00ed, m\u00e1me pro v\u00e1s pokryt\u00ed. Ve skute\u010dnosti jsme sestavili seznam nejlep\u0161\u00edch sexu\u00e1ln\u00edch chatovac\u00edch m\u00edstnost\u00ed v dne\u0161n\u00ed dob\u011b, tak\u017ee se kone\u010dn\u011b m\u016f\u017eete p\u0159estat starat o to, \u017ee nem\u00e1te \u0161t\u011bst\u00ed s online datov\u00e1n\u00edm.<\/p>\n<p><strong>Na co si d\u00e1t pozor na seznamk\u00e1ch:<\/strong><\/p>\n<h3>Bezpe\u010dnostn\u00ed prvky<\/h3>\n<p>P\u0159ipojovac\u00ed weby obvykle nab\u00edzej\u00ed bezpe\u010dnostn\u00ed funkce na ochranu p\u0159ed podvodn\u00edky, hackery a zlod\u011bji identity. Pat\u0159\u00ed mezi n\u011b metody ov\u011b\u0159en\u00ed, jako je potvrzen\u00ed e-mailov\u00e9 adresy a ov\u011b\u0159en\u00ed telefonn\u00edho \u010d\u00edsla. \u010casto v\u00e1s tak\u00e9 po\u017e\u00e1daj\u00ed o dal\u0161\u00ed informace o sob\u011b, v\u010detn\u011b va\u0161eho v\u011bku a polohy, ne\u017e v\u00e1m umo\u017en\u00ed p\u0159\u00edstup. Pokud vid\u00edte n\u011bco ryb\u00edho, je pravd\u011bpodobn\u00e9, \u017ee web nestoj\u00ed za v\u00e1\u0161 \u010das.<\/p>\n<h3>Ov\u011b\u0159en\u00e9 profily<\/h3>\n<p>Kdy\u017e se zaregistrujete do aplikace nebo webu pro p\u0159ipojen\u00ed, ujist\u011bte se, \u017ee jste ov\u011b\u0159ili sv\u016fj profil. T\u00edm je zaji\u0161t\u011bno, \u017ee to, co um\u00edst\u00edte na pap\u00edr, odpov\u00edd\u00e1 tomu, co je v evidenci webu. V\u011bt\u0161ina web\u016f pro p\u0159ipojen\u00ed v\u00e1m umo\u017e\u0148uje nahr\u00e1t svou fotografii, co\u017e pom\u00e1h\u00e1 potvrdit, \u017ee jste skute\u010dn\u00ed. Za ov\u011b\u0159en\u00ed \u00fa\u010dtu byste nem\u011bli platit, ale n\u011bkter\u00e9 weby si za ov\u011b\u0159en\u00ed \u00fa\u010dtuj\u00ed dal\u0161\u00ed poplatky.<\/p>\n<h3>Ochrana proti podvod\u016fm<\/h3>\n<p>V\u011bt\u0161ina p\u0159ipojovac\u00edch web\u016f m\u00e1 zp\u016fsoby, jak zabr\u00e1nit podvodn\u00e9 \u010dinnosti. Mnoho web\u016f nap\u0159\u00edklad zakazuje ur\u010dit\u00e9 typy \u00fa\u010dt\u016f, nap\u0159\u00edklad ty, kter\u00e9 pou\u017e\u00edvaj\u00ed roboti a podvodn\u00edci. Jin\u00ed omezuj\u00ed, kolik informac\u00ed o kreditn\u00ed kart\u011b m\u016f\u017eete pou\u017e\u00edt k financov\u00e1n\u00ed sv\u00e9ho \u00fa\u010dtu. Je\u0161t\u011b jin\u00ed v\u00e1m daj\u00ed v\u011bd\u011bt, pokud se v\u00e1s n\u011bkdo pokus\u00ed podv\u00e9st. Hledejte zn\u00e1mky podvodu a vyhn\u011bte se poskytov\u00e1n\u00ed osobn\u00edch \u00fadaj\u016f, pokud se na to nec\u00edt\u00edte dob\u0159e.<\/p>\n","protected":false},"excerpt":{"rendered":"<p>Ne ka\u017ed\u00e1 d\u00edvka na t\u011bchto str\u00e1nk\u00e1ch hled\u00e1 sex. N\u011bkte\u0159\u00ed se prost\u011b nud\u00ed a cht\u011bj\u00ed mluvit s ciz\u00edmi lidmi. Jin\u00ed hledaj\u00ed p\u0159\u00e1tele. Ale i kdy\u017e se &hellip; <\/p>\n","protected":false},"author":1,"featured_media":154,"parent":0,"menu_order":0,"comment_status":"closed","ping_status":"closed","template":"","meta":[],"yoast_head":"<!-- This site is optimized with the Yoast SEO plugin v17.7.1 - https:\/\/yoast.com\/wordpress\/plugins\/seo\/ -->\n<title>Chatujte s ciz\u00edmi lidmi online - Jerk Dating<\/title>\n<meta name=\"robots\" content=\"index, follow, max-snippet:-1, max-image-preview:large, max-video-preview:-1\" \/>\n<link rel=\"canonical\" href=\"https:\/\/mamasjerkstation.com\/cs\/chatujte-s-cizimi-lidmi-online\/\" \/>\n<meta property=\"og:locale\" content=\"cs_CZ\" \/>\n<meta property=\"og:type\" content=\"article\" \/>\n<meta property=\"og:title\" content=\"Chatujte s ciz\u00edmi lidmi online - Jerk Dating\" \/>\n<meta property=\"og:description\" content=\"Ne ka\u017ed\u00e1 d\u00edvka na t\u011bchto str\u00e1nk\u00e1ch hled\u00e1 sex. N\u011bkte\u0159\u00ed se prost\u011b nud\u00ed a cht\u011bj\u00ed mluvit s ciz\u00edmi lidmi. Jin\u00ed hledaj\u00ed p\u0159\u00e1tele. Ale i kdy\u017e se &hellip;\" \/>\n<meta property=\"og:url\" content=\"https:\/\/mamasjerkstation.com\/cs\/chatujte-s-cizimi-lidmi-online\/\" \/>\n<meta property=\"og:site_name\" content=\"Jerk Dating\" \/>\n<meta property=\"og:image\" content=\"http:\/\/mamasjerkstation.com\/wp-content\/uploads\/2022\/08\/hookups.jpeg\" \/>\n\t<meta property=\"og:image:width\" content=\"500\" \/>\n\t<meta property=\"og:image:height\" content=\"333\" \/>\n<meta name=\"twitter:card\" content=\"summary_large_image\" \/>\n<meta name=\"twitter:label1\" content=\"Odhadovan\u00e1 doba \u010dten\u00ed\" \/>\n\t<meta name=\"twitter:data1\" content=\"4 minuty\" \/>\n<script type=\"application\/ld+json\" class=\"yoast-schema-graph\">{\"@context\":\"https:\/\/schema.org\",\"@graph\":[{\"@type\":\"WebSite\",\"@id\":\"https:\/\/mamasjerkstation.com\/#website\",\"url\":\"https:\/\/mamasjerkstation.com\/\",\"name\":\"Jerk Dating\",\"description\":\"Online Sex Websites\",\"potentialAction\":[{\"@type\":\"SearchAction\",\"target\":{\"@type\":\"EntryPoint\",\"urlTemplate\":\"https:\/\/mamasjerkstation.com\/?s={search_term_string}\"},\"query-input\":\"required name=search_term_string\"}],\"inLanguage\":\"cs\"},{\"@type\":\"ImageObject\",\"@id\":\"https:\/\/mamasjerkstation.com\/cs\/chatujte-s-cizimi-lidmi-online\/#primaryimage\",\"inLanguage\":\"cs\",\"url\":\"https:\/\/mamasjerkstation.com\/wp-content\/uploads\/2022\/08\/hookups.jpeg\",\"contentUrl\":\"https:\/\/mamasjerkstation.com\/wp-content\/uploads\/2022\/08\/hookups.jpeg\",\"width\":500,\"height\":333},{\"@type\":\"WebPage\",\"@id\":\"https:\/\/mamasjerkstation.com\/cs\/chatujte-s-cizimi-lidmi-online\/#webpage\",\"url\":\"https:\/\/mamasjerkstation.com\/cs\/chatujte-s-cizimi-lidmi-online\/\",\"name\":\"Chatujte s ciz\\u00edmi lidmi online - Jerk Dating\",\"isPartOf\":{\"@id\":\"https:\/\/mamasjerkstation.com\/#website\"},\"primaryImageOfPage\":{\"@id\":\"https:\/\/mamasjerkstation.com\/cs\/chatujte-s-cizimi-lidmi-online\/#primaryimage\"},\"datePublished\":\"2022-08-19T17:48:22+00:00\",\"dateModified\":\"2022-08-19T17:48:22+00:00\",\"breadcrumb\":{\"@id\":\"https:\/\/mamasjerkstation.com\/cs\/chatujte-s-cizimi-lidmi-online\/#breadcrumb\"},\"inLanguage\":\"cs\",\"potentialAction\":[{\"@type\":\"ReadAction\",\"target\":[\"https:\/\/mamasjerkstation.com\/cs\/chatujte-s-cizimi-lidmi-online\/\"]}]},{\"@type\":\"BreadcrumbList\",\"@id\":\"https:\/\/mamasjerkstation.com\/cs\/chatujte-s-cizimi-lidmi-online\/#breadcrumb\",\"itemListElement\":[{\"@type\":\"ListItem\",\"position\":1,\"name\":\"Home\",\"item\":\"https:\/\/mamasjerkstation.com\/cs\/\"},{\"@type\":\"ListItem\",\"position\":2,\"name\":\"Chatujte s ciz\\u00edmi lidmi online\"}]}]}<\/script>\n<!-- \/ Yoast SEO plugin. -->","yoast_head_json":{"title":"Chatujte s ciz\u00edmi lidmi online - Jerk Dating","robots":{"index":"index","follow":"follow","max-snippet":"max-snippet:-1","max-image-preview":"max-image-preview:large","max-video-preview":"max-video-preview:-1"},"canonical":"https:\/\/mamasjerkstation.com\/cs\/chatujte-s-cizimi-lidmi-online\/","og_locale":"cs_CZ","og_type":"article","og_title":"Chatujte s ciz\u00edmi lidmi online - Jerk Dating","og_description":"Ne ka\u017ed\u00e1 d\u00edvka na t\u011bchto str\u00e1nk\u00e1ch hled\u00e1 sex. N\u011bkte\u0159\u00ed se prost\u011b nud\u00ed a cht\u011bj\u00ed mluvit s ciz\u00edmi lidmi. Jin\u00ed hledaj\u00ed p\u0159\u00e1tele. Ale i kdy\u017e se &hellip;","og_url":"https:\/\/mamasjerkstation.com\/cs\/chatujte-s-cizimi-lidmi-online\/","og_site_name":"Jerk Dating","og_image":[{"width":500,"height":333,"url":"http:\/\/mamasjerkstation.com\/wp-content\/uploads\/2022\/08\/hookups.jpeg","type":"image\/jpeg"}],"twitter_card":"summary_large_image","twitter_misc":{"Odhadovan\u00e1 doba \u010dten\u00ed":"4 minuty"},"schema":{"@context":"https:\/\/schema.org","@graph":[{"@type":"WebSite","@id":"https:\/\/mamasjerkstation.com\/#website","url":"https:\/\/mamasjerkstation.com\/","name":"Jerk Dating","description":"Online Sex Websites","potentialAction":[{"@type":"SearchAction","target":{"@type":"EntryPoint","urlTemplate":"https:\/\/mamasjerkstation.com\/?s={search_term_string}"},"query-input":"required name=search_term_string"}],"inLanguage":"cs"},{"@type":"ImageObject","@id":"https:\/\/mamasjerkstation.com\/cs\/chatujte-s-cizimi-lidmi-online\/#primaryimage","inLanguage":"cs","url":"https:\/\/mamasjerkstation.com\/wp-content\/uploads\/2022\/08\/hookups.jpeg","contentUrl":"https:\/\/mamasjerkstation.com\/wp-content\/uploads\/2022\/08\/hookups.jpeg","width":500,"height":333},{"@type":"WebPage","@id":"https:\/\/mamasjerkstation.com\/cs\/chatujte-s-cizimi-lidmi-online\/#webpage","url":"https:\/\/mamasjerkstation.com\/cs\/chatujte-s-cizimi-lidmi-online\/","name":"Chatujte s ciz\u00edmi lidmi online - Jerk Dating","isPartOf":{"@id":"https:\/\/mamasjerkstation.com\/#website"},"primaryImageOfPage":{"@id":"https:\/\/mamasjerkstation.com\/cs\/chatujte-s-cizimi-lidmi-online\/#primaryimage"},"datePublished":"2022-08-19T17:48:22+00:00","dateModified":"2022-08-19T17:48:22+00:00","breadcrumb":{"@id":"https:\/\/mamasjerkstation.com\/cs\/chatujte-s-cizimi-lidmi-online\/#breadcrumb"},"inLanguage":"cs","potentialAction":[{"@type":"ReadAction","target":["https:\/\/mamasjerkstation.com\/cs\/chatujte-s-cizimi-lidmi-online\/"]}]},{"@type":"BreadcrumbList","@id":"https:\/\/mamasjerkstation.com\/cs\/chatujte-s-cizimi-lidmi-online\/#breadcrumb","itemListElement":[{"@type":"ListItem","position":1,"name":"Home","item":"https:\/\/mamasjerkstation.com\/cs\/"},{"@type":"ListItem","position":2,"name":"Chatujte s ciz\u00edmi lidmi online"}]}]}},"_links":{"self":[{"href":"https:\/\/mamasjerkstation.com\/cs\/wp-json\/wp\/v2\/pages\/308"}],"collection":[{"href":"https:\/\/mamasjerkstation.com\/cs\/wp-json\/wp\/v2\/pages"}],"about":[{"href":"https:\/\/mamasjerkstation.com\/cs\/wp-json\/wp\/v2\/types\/page"}],"author":[{"embeddable":true,"href":"https:\/\/mamasjerkstation.com\/cs\/wp-json\/wp\/v2\/users\/1"}],"replies":[{"embeddable":true,"href":"https:\/\/mamasjerkstation.com\/cs\/wp-json\/wp\/v2\/comments?post=308"}],"version-history":[{"count":0,"href":"https:\/\/mamasjerkstation.com\/cs\/wp-json\/wp\/v2\/pages\/308\/revisions"}],"wp:featuredmedia":[{"embeddable":true,"href":"https:\/\/mamasjerkstation.com\/cs\/wp-json\/wp\/v2\/media\/154"}],"wp:attachment":[{"href":"https:\/\/mamasjerkstation.com\/cs\/wp-json\/wp\/v2\/media?parent=308"}],"curies":[{"name":"wp","href":"https:\/\/api.w.org\/{rel}","templated":true}]}}