{"id":299,"date":"2022-08-19T18:41:19","date_gmt":"2022-08-19T17:41:19","guid":{"rendered":"http:\/\/mamasjerkstation.com\/sex-chat-mistnosti\/"},"modified":"2022-08-19T18:41:19","modified_gmt":"2022-08-19T17:41:19","slug":"sex-chat-mistnosti","status":"publish","type":"page","link":"https:\/\/mamasjerkstation.com\/cs\/sex-chat-mistnosti\/","title":{"rendered":"Sex Chat M\u00edstnosti"},"content":{"rendered":"<p>Seznamte se v chatu je nejlep\u0161\u00edm m\u00edstem, kde najdete skute\u010dn\u00e9 lidi, se kter\u00fdmi m\u016f\u017eete mluvit \u0161pinav\u011b online! Neuv\u011b\u0159\u00edte, jak snadn\u00e9 je naj\u00edt si zde nov\u00e9 p\u0159\u00e1tele a jak z\u00e1bavn\u00e9 je flirtovat s ciz\u00edmi lidmi. M\u00e1me stovky sexy d\u00edvek, kter\u00e9 \u010dekaj\u00ed na va\u0161e hovory!<\/p>\n<p>Nikdy nejste p\u0159\u00edli\u0161 sta\u0159\u00ed nebo p\u0159\u00edli\u0161 mlad\u00ed na to, abyste vyzkou\u0161eli na\u0161e zcela <a href=\"http:\/\/mamasjerkstation.com\/cs\/nejlepsi-seznamovaci-aplikace-v-roce-2022-pro-nezadane\/\">bezplatn\u00e9 chatovac\u00ed m\u00edstnosti pro dosp\u011bl\u00e9<\/a>. Sta\u010d\u00ed si vybrat jednu z v\u00fd\u0161e uveden\u00fdch kategori\u00ed, p\u0159ihl\u00e1sit se do m\u00edstnosti a za\u010d\u00edt chatovat!<\/p>\n<p>Neexistuj\u00ed \u017e\u00e1dn\u00e9 limity pro to, co m\u016f\u017eete d\u011blat v na\u0161ich pokoj\u00edch &#8211; zeptejte se n\u00e1s na cokoli! Pokud se chcete dozv\u011bd\u011bt v\u00edce o sexu\u00e1ln\u00edch hra\u010dk\u00e1ch, m\u016f\u017eeme v\u00e1m pomoci i tam. Chcete se dozv\u011bd\u011bt v\u00edce o technik\u00e1ch or\u00e1ln\u00edho sexu? Zeptejte se n\u00e1s! Chcete se dozv\u011bd\u011bt v\u00edce o BDSM? Dejte n\u00e1m v\u011bd\u011bt! R\u00e1di mluv\u00edme o v\u0161em v\u00fdst\u0159edn\u00edm!<\/p>\n<h2>Jak\u00fd je nejlep\u0161\u00ed web k pou\u017eit\u00ed?<\/h2>\n<p>Jsem si jist\u00fd, \u017ee mnoz\u00ed z n\u00e1s se t\u011b\u0161\u00ed na lep\u0161\u00ed budoucnost, kde u\u017e nebudeme muset platit za porno online. Ale jen proto, \u017ee existuje spousta skv\u011bl\u00fdch bezplatn\u00fdch porno str\u00e1nek, neznamen\u00e1 to, \u017ee nalezen\u00ed jednoho, kter\u00fd funguje dob\u0159e, je v\u017edy snadn\u00e9. Kdy\u017e hled\u00e1te pr\u00e9miov\u00fd web, kter\u00fd nab\u00edz\u00ed vysoce kvalitn\u00ed video, cam girls a \u017eiv\u00e9 chaty s webovou kamerou, chcete se ujistit, \u017ee si vyb\u00edr\u00e1te renomovan\u00fd zdroj.<\/p>\n<h3>Chaturbate<\/h3>\n<p>Chaturbate je jedn\u00edm z nejpopul\u00e1rn\u011bj\u0161\u00edch webcam str\u00e1nek online. Pokud chcete vid\u011bt n\u011bjak\u00e1 hork\u00e1 \u017eiv\u00e1 sexu\u00e1ln\u00ed videa, pravd\u011bpodobn\u011b jste s t\u00edm ji\u017e obezn\u00e1meni. Ale v\u011bd\u011bli jste, \u017ee existuje mnoho r\u016fzn\u00fdch zp\u016fsob\u016f, jak proch\u00e1zet cam d\u00edvky? Zde jsou t\u0159i jednoduch\u00e9 metody.<\/p>\n<p>Na Chaturbate jsou tis\u00edce cam d\u00edvek a ka\u017ed\u00e1 modelka m\u00e1 obvykle n\u011bkolik videoklip\u016f, kde prov\u00e1d\u00ed ur\u010dit\u00e9 sexu\u00e1ln\u00ed akty. Pokud nap\u0159\u00edklad chcete sledovat jej\u00ed masturbaci, m\u016f\u017eete se pod\u00edvat pod z\u00e1lo\u017eku &#8222;masturbace&#8220;. N\u011bkter\u00e9 modely maj\u00ed v\u00edce masturba\u010dn\u00edch vide\u00ed, zat\u00edmco jin\u00e9 maj\u00ed jen jedno nebo dv\u011b.<\/p>\n<h2>Mus\u00edte platit?<\/h2>\n<p>V\u0161echny v\u00fd\u0161e uveden\u00e9 str\u00e1nky \/ d\u00edvky jsou zcela zdarma k proch\u00e1zen\u00ed, tak\u017ee se nebudete muset starat o utr\u00e1cen\u00ed pen\u011bz za jejich obsah. Pokud v\u0161ak d\u00e1v\u00e1te p\u0159ednost podpo\u0159e cam girls, kter\u00e9 se v\u00e1m l\u00edb\u00ed, mnoho z nich p\u0159ij\u00edm\u00e1 tipy prost\u0159ednictv\u00edm PayPal. To usnad\u0148uje odes\u00edl\u00e1n\u00ed pen\u011bz p\u0159\u00edmo z va\u0161eho prohl\u00ed\u017ee\u010de. Krom\u011b toho mnoho str\u00e1nek nab\u00edz\u00ed slevy na registraci k pr\u00e9miov\u00e9mu \u010dlenstv\u00ed. M\u016f\u017eete se nap\u0159\u00edklad zaregistrovat k m\u011bs\u00ed\u010dn\u00edmu zku\u0161ebn\u00edmu \u010dlenstv\u00ed za 1,99 USD na den nebo se m\u016f\u017eete st\u00e1t VIP \u010dlenem za 29,95 USD m\u011bs\u00ed\u010dn\u011b.<\/p>\n<p>V\u011bt\u0161ina z toho se odehr\u00e1v\u00e1 na str\u00e1nk\u00e1ch pro dosp\u011bl\u00e9 kamery. Camming pro dosp\u011bl\u00e9 je praxe zapojen\u00ed do chat\u016f s webovou kamerou prost\u0159ednictv\u00edm \u017eiv\u00fdch video kan\u00e1l\u016f. Tyto typy webov\u00fdch kamer umo\u017e\u0148uj\u00ed lidem vid\u011bt se navz\u00e1jem, zat\u00edmco mluv\u00ed tv\u00e1\u0159\u00ed v tv\u00e1\u0159. Ve skute\u010dnosti v\u011bt\u0161ina lid\u00ed pou\u017e\u00edv\u00e1 cam str\u00e1nky, proto\u017ee necht\u011bj\u00ed platit za telefonn\u00ed hovory. Nejv\u011bt\u0161\u00ed rozd\u00edl mezi b\u011b\u017en\u00fdmi chatovac\u00edmi m\u00edstnostmi a weby s kamerami v\u0161ak spo\u010d\u00edv\u00e1 v tom, \u017ee str\u00e1nky s va\u010dkami vy\u017eaduj\u00ed registraci. Krom\u011b bezplatn\u00e9ho videochatu nab\u00edzej\u00ed weby s kamerami \u010dasto dal\u0161\u00ed funkce, jako jsou rychl\u00e9 zpr\u00e1vy, textov\u00fd chat a e-mail. Nap\u0159\u00edklad Chaturbate nab\u00edz\u00ed bezplatn\u00fd videochat, \u017eiv\u00e9 vys\u00edl\u00e1n\u00ed a rychl\u00e9 zas\u00edl\u00e1n\u00ed zpr\u00e1v. Dal\u0161\u00ed popul\u00e1rn\u00ed web, My Free Cams, poskytuje bezplatn\u00fd videochat, audio chat a instant messaging.<\/p>\n","protected":false},"excerpt":{"rendered":"<p>Seznamte se v chatu je nejlep\u0161\u00edm m\u00edstem, kde najdete skute\u010dn\u00e9 lidi, se kter\u00fdmi m\u016f\u017eete mluvit \u0161pinav\u011b online! Neuv\u011b\u0159\u00edte, jak snadn\u00e9 je naj\u00edt si zde nov\u00e9 &hellip; <\/p>\n","protected":false},"author":1,"featured_media":139,"parent":0,"menu_order":0,"comment_status":"closed","ping_status":"closed","template":"","meta":[],"yoast_head":"<!-- This site is optimized with the Yoast SEO plugin v17.7.1 - https:\/\/yoast.com\/wordpress\/plugins\/seo\/ -->\n<title>Sex Chat M\u00edstnosti - Jerk Dating<\/title>\n<meta name=\"robots\" content=\"index, follow, max-snippet:-1, max-image-preview:large, max-video-preview:-1\" \/>\n<link rel=\"canonical\" href=\"https:\/\/mamasjerkstation.com\/cs\/sex-chat-mistnosti\/\" \/>\n<meta property=\"og:locale\" content=\"cs_CZ\" \/>\n<meta property=\"og:type\" content=\"article\" \/>\n<meta property=\"og:title\" content=\"Sex Chat M\u00edstnosti - Jerk Dating\" \/>\n<meta property=\"og:description\" content=\"Seznamte se v chatu je nejlep\u0161\u00edm m\u00edstem, kde najdete skute\u010dn\u00e9 lidi, se kter\u00fdmi m\u016f\u017eete mluvit \u0161pinav\u011b online! Neuv\u011b\u0159\u00edte, jak snadn\u00e9 je naj\u00edt si zde nov\u00e9 &hellip;\" \/>\n<meta property=\"og:url\" content=\"https:\/\/mamasjerkstation.com\/cs\/sex-chat-mistnosti\/\" \/>\n<meta property=\"og:site_name\" content=\"Jerk Dating\" \/>\n<meta property=\"og:image\" content=\"https:\/\/mamasjerkstation.com\/wp-content\/uploads\/2022\/08\/online-sex-sites.jpeg\" \/>\n\t<meta property=\"og:image:width\" content=\"2250\" \/>\n\t<meta property=\"og:image:height\" content=\"1500\" \/>\n<meta name=\"twitter:card\" content=\"summary_large_image\" \/>\n<meta name=\"twitter:label1\" content=\"Odhadovan\u00e1 doba \u010dten\u00ed\" \/>\n\t<meta name=\"twitter:data1\" content=\"3 minuty\" \/>\n<script type=\"application\/ld+json\" class=\"yoast-schema-graph\">{\"@context\":\"https:\/\/schema.org\",\"@graph\":[{\"@type\":\"WebSite\",\"@id\":\"https:\/\/mamasjerkstation.com\/#website\",\"url\":\"https:\/\/mamasjerkstation.com\/\",\"name\":\"Jerk Dating\",\"description\":\"Online Sex Websites\",\"potentialAction\":[{\"@type\":\"SearchAction\",\"target\":{\"@type\":\"EntryPoint\",\"urlTemplate\":\"https:\/\/mamasjerkstation.com\/?s={search_term_string}\"},\"query-input\":\"required name=search_term_string\"}],\"inLanguage\":\"cs\"},{\"@type\":\"ImageObject\",\"@id\":\"https:\/\/mamasjerkstation.com\/cs\/sex-chat-mistnosti\/#primaryimage\",\"inLanguage\":\"cs\",\"url\":\"https:\/\/mamasjerkstation.com\/wp-content\/uploads\/2022\/08\/online-sex-sites.jpeg\",\"contentUrl\":\"https:\/\/mamasjerkstation.com\/wp-content\/uploads\/2022\/08\/online-sex-sites.jpeg\",\"width\":2250,\"height\":1500},{\"@type\":\"WebPage\",\"@id\":\"https:\/\/mamasjerkstation.com\/cs\/sex-chat-mistnosti\/#webpage\",\"url\":\"https:\/\/mamasjerkstation.com\/cs\/sex-chat-mistnosti\/\",\"name\":\"Sex Chat M\\u00edstnosti - Jerk Dating\",\"isPartOf\":{\"@id\":\"https:\/\/mamasjerkstation.com\/#website\"},\"primaryImageOfPage\":{\"@id\":\"https:\/\/mamasjerkstation.com\/cs\/sex-chat-mistnosti\/#primaryimage\"},\"datePublished\":\"2022-08-19T17:41:19+00:00\",\"dateModified\":\"2022-08-19T17:41:19+00:00\",\"breadcrumb\":{\"@id\":\"https:\/\/mamasjerkstation.com\/cs\/sex-chat-mistnosti\/#breadcrumb\"},\"inLanguage\":\"cs\",\"potentialAction\":[{\"@type\":\"ReadAction\",\"target\":[\"https:\/\/mamasjerkstation.com\/cs\/sex-chat-mistnosti\/\"]}]},{\"@type\":\"BreadcrumbList\",\"@id\":\"https:\/\/mamasjerkstation.com\/cs\/sex-chat-mistnosti\/#breadcrumb\",\"itemListElement\":[{\"@type\":\"ListItem\",\"position\":1,\"name\":\"Home\",\"item\":\"https:\/\/mamasjerkstation.com\/cs\/\"},{\"@type\":\"ListItem\",\"position\":2,\"name\":\"Sex Chat M\\u00edstnosti\"}]}]}<\/script>\n<!-- \/ Yoast SEO plugin. -->","yoast_head_json":{"title":"Sex Chat M\u00edstnosti - Jerk Dating","robots":{"index":"index","follow":"follow","max-snippet":"max-snippet:-1","max-image-preview":"max-image-preview:large","max-video-preview":"max-video-preview:-1"},"canonical":"https:\/\/mamasjerkstation.com\/cs\/sex-chat-mistnosti\/","og_locale":"cs_CZ","og_type":"article","og_title":"Sex Chat M\u00edstnosti - Jerk Dating","og_description":"Seznamte se v chatu je nejlep\u0161\u00edm m\u00edstem, kde najdete skute\u010dn\u00e9 lidi, se kter\u00fdmi m\u016f\u017eete mluvit \u0161pinav\u011b online! Neuv\u011b\u0159\u00edte, jak snadn\u00e9 je naj\u00edt si zde nov\u00e9 &hellip;","og_url":"https:\/\/mamasjerkstation.com\/cs\/sex-chat-mistnosti\/","og_site_name":"Jerk Dating","og_image":[{"width":2250,"height":1500,"url":"https:\/\/mamasjerkstation.com\/wp-content\/uploads\/2022\/08\/online-sex-sites.jpeg","type":"image\/jpeg"}],"twitter_card":"summary_large_image","twitter_misc":{"Odhadovan\u00e1 doba \u010dten\u00ed":"3 minuty"},"schema":{"@context":"https:\/\/schema.org","@graph":[{"@type":"WebSite","@id":"https:\/\/mamasjerkstation.com\/#website","url":"https:\/\/mamasjerkstation.com\/","name":"Jerk Dating","description":"Online Sex Websites","potentialAction":[{"@type":"SearchAction","target":{"@type":"EntryPoint","urlTemplate":"https:\/\/mamasjerkstation.com\/?s={search_term_string}"},"query-input":"required name=search_term_string"}],"inLanguage":"cs"},{"@type":"ImageObject","@id":"https:\/\/mamasjerkstation.com\/cs\/sex-chat-mistnosti\/#primaryimage","inLanguage":"cs","url":"https:\/\/mamasjerkstation.com\/wp-content\/uploads\/2022\/08\/online-sex-sites.jpeg","contentUrl":"https:\/\/mamasjerkstation.com\/wp-content\/uploads\/2022\/08\/online-sex-sites.jpeg","width":2250,"height":1500},{"@type":"WebPage","@id":"https:\/\/mamasjerkstation.com\/cs\/sex-chat-mistnosti\/#webpage","url":"https:\/\/mamasjerkstation.com\/cs\/sex-chat-mistnosti\/","name":"Sex Chat M\u00edstnosti - Jerk Dating","isPartOf":{"@id":"https:\/\/mamasjerkstation.com\/#website"},"primaryImageOfPage":{"@id":"https:\/\/mamasjerkstation.com\/cs\/sex-chat-mistnosti\/#primaryimage"},"datePublished":"2022-08-19T17:41:19+00:00","dateModified":"2022-08-19T17:41:19+00:00","breadcrumb":{"@id":"https:\/\/mamasjerkstation.com\/cs\/sex-chat-mistnosti\/#breadcrumb"},"inLanguage":"cs","potentialAction":[{"@type":"ReadAction","target":["https:\/\/mamasjerkstation.com\/cs\/sex-chat-mistnosti\/"]}]},{"@type":"BreadcrumbList","@id":"https:\/\/mamasjerkstation.com\/cs\/sex-chat-mistnosti\/#breadcrumb","itemListElement":[{"@type":"ListItem","position":1,"name":"Home","item":"https:\/\/mamasjerkstation.com\/cs\/"},{"@type":"ListItem","position":2,"name":"Sex Chat M\u00edstnosti"}]}]}},"_links":{"self":[{"href":"https:\/\/mamasjerkstation.com\/cs\/wp-json\/wp\/v2\/pages\/299"}],"collection":[{"href":"https:\/\/mamasjerkstation.com\/cs\/wp-json\/wp\/v2\/pages"}],"about":[{"href":"https:\/\/mamasjerkstation.com\/cs\/wp-json\/wp\/v2\/types\/page"}],"author":[{"embeddable":true,"href":"https:\/\/mamasjerkstation.com\/cs\/wp-json\/wp\/v2\/users\/1"}],"replies":[{"embeddable":true,"href":"https:\/\/mamasjerkstation.com\/cs\/wp-json\/wp\/v2\/comments?post=299"}],"version-history":[{"count":0,"href":"https:\/\/mamasjerkstation.com\/cs\/wp-json\/wp\/v2\/pages\/299\/revisions"}],"wp:featuredmedia":[{"embeddable":true,"href":"https:\/\/mamasjerkstation.com\/cs\/wp-json\/wp\/v2\/media\/139"}],"wp:attachment":[{"href":"https:\/\/mamasjerkstation.com\/cs\/wp-json\/wp\/v2\/media?parent=299"}],"curies":[{"name":"wp","href":"https:\/\/api.w.org\/{rel}","templated":true}]}}