{"id":283,"date":"2022-08-19T18:51:33","date_gmt":"2022-08-19T17:51:33","guid":{"rendered":"http:\/\/mamasjerkstation.com\/lgbt-seznamka\/"},"modified":"2022-08-19T18:51:33","modified_gmt":"2022-08-19T17:51:33","slug":"lgbt-seznamka","status":"publish","type":"page","link":"https:\/\/mamasjerkstation.com\/cs\/lgbt-seznamka\/","title":{"rendered":"LGBT+ Seznamka"},"content":{"rendered":"<p>Kdy\u017e hled\u00e1te dobrou aplikaci pro p\u0159ipojen\u00ed, chcete n\u011bco, co v\u00e1m umo\u017en\u00ed p\u0159\u00edstup k mnoha r\u016fzn\u00fdm lidem. Nemus\u00edte nutn\u011b platit za ka\u017edou osobu, kterou potk\u00e1te.<\/p>\n<h2>Zde jsou na\u0161e 3 nejlep\u0161\u00ed tipy pro pou\u017e\u00edv\u00e1n\u00ed LGBT seznamovac\u00edch aplikac\u00ed:<\/h2>\n<h3>Mobiln\u00ed podpora<\/h3>\n<p>Telefon budete pravd\u011bpodobn\u011b pou\u017e\u00edvat nej\u010dast\u011bji p\u0159i <a href=\"http:\/\/mamasjerkstation.com\/cs\/najdete-prilezitostny-sex-ve-vasem-okoli\/\">hled\u00e1n\u00ed data<\/a>, zejm\u00e9na proto, \u017ee mnoho aplikac\u00ed pro p\u0159ipojen\u00ed nab\u00edz\u00ed bezplatnou verzi, kter\u00e1 v\u00e1m umo\u017en\u00ed proch\u00e1zet profily a odes\u00edlat zpr\u00e1vy. Ujist\u011bte se v\u0161ak, \u017ee aplikace funguje dob\u0159e na za\u0159\u00edzen\u00edch iOS i Android. Ne ka\u017ed\u00fd pou\u017e\u00edv\u00e1 iPhony nebo Androidy, tak\u017ee na kompatibilit\u011b z\u00e1le\u017e\u00ed. Pokud se rozhodnete st\u00e1hnout celou aplikaci, pod\u00edvejte se na recenze, kter\u00e9 uv\u00e1d\u011bj\u00ed, jak snadn\u00e9 je navigace a zda lid\u00e9 m\u011bli pot\u00ed\u017ee s p\u0159ihl\u00e1\u0161en\u00edm.<\/p>\n<h3>Ux<\/h3>\n<p>Samotn\u00fd design aplikace nen\u00ed d\u016fle\u017eit\u00fd, ale mo\u017en\u00e1 budete cht\u00edt vyzkou\u0161et n\u011bkolik r\u016fzn\u00fdch, ne\u017e se usad\u00edte na jednom. N\u011bkter\u00e9 aplikace se zam\u011b\u0159uj\u00ed na p\u00e1rov\u00e1n\u00ed lid\u00ed na z\u00e1klad\u011b polohy, zat\u00edmco jin\u00e9 umo\u017e\u0148uj\u00ed filtrovat podle v\u011bkov\u00e9ho rozmez\u00ed nebo pohlav\u00ed. Ujist\u011bte se, \u017ee se v\u00e1m l\u00edb\u00ed, jak aplikace vypad\u00e1 a p\u016fsob\u00ed. Nen\u00ed nic hor\u0161\u00edho, ne\u017e m\u00edt skv\u011bl\u00fd z\u00e1pas, kter\u00fd na v\u00e1s \u010dek\u00e1, jen aby zjistil, \u017ee ve skute\u010dnosti neexistuje.<\/p>\n<h3>Odpov\u00eddaj\u00edc\u00ed syst\u00e9m<\/h3>\n<p>Jak aplikace ur\u010duje, kte\u0159\u00ed lid\u00e9 jsou si navz\u00e1jem podobn\u00ed? Je to zalo\u017eeno na spole\u010dn\u00fdch p\u0159\u00e1tel\u00edch? Spole\u010dn\u00fd z\u00e1jem o hudbu nebo knihy? Nebo mo\u017en\u00e1 jen najde lidi, kte\u0159\u00ed \u017eij\u00ed bl\u00edzko sebe? Jakou v\u00e1hu m\u00e1 ka\u017ed\u00fd faktor? Tyto faktory ovliv\u0148uj\u00ed, kolik lid\u00ed se ve va\u0161em zdroji objev\u00ed a jak je pravd\u011bpodobn\u00e9, \u017ee se s nimi spoj\u00edte.<\/p>\n<h2>Pocit<\/h2>\n<p>Feeld je jednou z nejlep\u0161\u00edch aplikac\u00ed pro p\u0159ipojen\u00ed. S v\u00edce ne\u017e 10 miliony sta\u017een\u00ed se star\u00e1 o lidi, kte\u0159\u00ed hledaj\u00ed p\u0159\u00edle\u017eitostn\u00fd sex a \/ nebo jen n\u011bjakou z\u00e1bavu. Tato aplikace je skv\u011bl\u00e1 pro ty, kte\u0159\u00ed jsou svobodn\u00ed, heterosexu\u00e1lov\u00e9, gayov\u00e9, bi, trans, lesbi\u010dky, queer, pansexu\u00e1lov\u00e9, polyamori\u010dt\u00ed atd.<\/p>\n<p>Aplikace funguje jako Tinder, kde p\u0159ejedete prstem doleva, abyste pro\u0161li, a doprava, abyste se shodovali. M\u016f\u017eete si vybrat, zda chcete vid\u011bt fotografie nebo ne. Pokud se rozhodnete vid\u011bt obr\u00e1zky, existuj\u00ed filtry, jako je pohlav\u00ed, v\u011bk, etnick\u00e1 p\u0159\u00edslu\u0161nost, typ t\u011bla, sexu\u00e1ln\u00ed orientace, rodinn\u00fd stav, preference kou\u0159en\u00ed, v\u00fd\u0161ka, barva vlas\u016f, barva o\u010d\u00ed, n\u00e1bo\u017eenstv\u00ed, politick\u00e9 n\u00e1zory, povol\u00e1n\u00ed, \u00farove\u0148 vzd\u011bl\u00e1n\u00ed, p\u0159\u00edjem a dokonce i tetov\u00e1n\u00ed a piercing. M\u016f\u017eete tak\u00e9 p\u0159idat z\u00e1jmy a kon\u00ed\u010dky. Nap\u0159\u00edklad se zaj\u00edm\u00e1m o sport, j\u00eddlo, hudbu, um\u011bn\u00ed, cestov\u00e1n\u00ed a fitness. Kdy\u017e mi n\u011bkdo po\u0161le \u017e\u00e1dost, mohu ji bu\u010f p\u0159ijmout, nebo odm\u00edtnout. Pokud se oba dohodneme na setk\u00e1n\u00ed, m\u016f\u017eeme nastavit datum a m\u00edsto.<\/p>\n<p>Pokud se rozhodnete j\u00edt s n\u011bk\u00fdm ven, m\u016f\u017eete s n\u00edm chatovat prost\u0159ednictv\u00edm textov\u00fdch zpr\u00e1v nebo videohovor\u016f. Neexistuje \u017e\u00e1dn\u00fd tlak na setk\u00e1n\u00ed. M\u016f\u017eete tak\u00e9 poslat d\u00e1rky, kv\u011btiny, \u010dokol\u00e1dy a mnoho dal\u0161\u00edho. V t\u00e9to aplikaci je mnoho funkc\u00ed, v\u010detn\u011b mo\u017enosti sp\u0159\u00e1telit se, naj\u00edt data, proch\u00e1zet profily a prohl\u00ed\u017eet vz\u00e1jemn\u00e9 shody. M\u016f\u017eete tak\u00e9 zablokovat ur\u010dit\u00e9 u\u017eivatele.<\/p>\n<h2>Jej\u00ed<\/h2>\n<p>HER je nejv\u011bt\u0161\u00ed bezplatn\u00e1 seznamovac\u00ed aplikace na sv\u011bt\u011b pro lesbi\u010dky a bisexu\u00e1ln\u00ed \u017eeny. S v\u00edce ne\u017e 50 miliony \u010dlen\u016f po cel\u00e9m sv\u011bt\u011b nen\u00ed nouze o mo\u017enosti. Ale co ji odli\u0161uje od davu? Zde jsou t\u0159i d\u016fvody, pro\u010d to milujeme.<\/p>\n<h3>M\u00edstn\u00ed ud\u00e1losti a novinky<\/h3>\n<p>Aplikace sd\u00edl\u00ed zpr\u00e1vy LGBTQ+, v\u010detn\u011b m\u00edstn\u00edch ud\u00e1lost\u00ed a bezpe\u010dn\u00fdch prostor, kde se m\u016f\u017eete setkat s lidmi v okol\u00ed. M\u016f\u017eete dokonce naj\u00edt ud\u00e1losti v bl\u00edzkosti m\u00edst, jako jsou bary a kluby, co\u017e usnad\u0148uje nalezen\u00ed data.<\/p>\n<h3>Bezpe\u010dn\u00e9 prostory<\/h3>\n<p>Pokud chcete j\u00edt na rande bez obav z obt\u011b\u017eov\u00e1n\u00ed, napaden\u00ed nebo diskriminace, HER poskytuje bezpe\u010dn\u00fd prostor pro ka\u017ed\u00e9ho. Stejn\u011b jako v re\u00e1ln\u00e9m \u017eivot\u011b se nemus\u00edte ob\u00e1vat, \u017ee budete muset n\u011bkomu &#8222;vyj\u00edt&#8220;. Pokud se c\u00edt\u00edte nerv\u00f3zn\u00ed ze setk\u00e1n\u00ed s n\u011bk\u00fdm nov\u00fdm, promluvte si s ostatn\u00edmi online nebo po\u017e\u00e1dejte p\u0159\u00edtele, aby v\u00e1s p\u0159edstavil.<\/p>\n<h3>Vyhled\u00e1va\u010d trojic<\/h3>\n<p>V\u00edte, jak se n\u011bkdy c\u00edt\u00edte, \u017ee byste opravdu cht\u011bli zkusit n\u011bco jin\u00e9ho? No, m\u016f\u017eete to ud\u011blat tady. Zat\u00edmco v\u011bt\u0161ina aplikac\u00ed vy\u017eaduje, abyste v\u00fdslovn\u011b uvedli, \u017ee se chcete p\u0159ipojit, HER v\u00e1m umo\u017e\u0148uje nastavit data s jin\u00fdmi lidmi na z\u00e1klad\u011b spole\u010dn\u00fdch z\u00e1jm\u016f. T\u00edmto zp\u016fsobem nikdo nen\u00ed vynech\u00e1n.<\/p>\n","protected":false},"excerpt":{"rendered":"<p>Kdy\u017e hled\u00e1te dobrou aplikaci pro p\u0159ipojen\u00ed, chcete n\u011bco, co v\u00e1m umo\u017en\u00ed p\u0159\u00edstup k mnoha r\u016fzn\u00fdm lidem. Nemus\u00edte nutn\u011b platit za ka\u017edou osobu, kterou potk\u00e1te. Zde &hellip; <\/p>\n","protected":false},"author":1,"featured_media":79,"parent":0,"menu_order":0,"comment_status":"closed","ping_status":"closed","template":"","meta":[],"yoast_head":"<!-- This site is optimized with the Yoast SEO plugin v17.7.1 - https:\/\/yoast.com\/wordpress\/plugins\/seo\/ -->\n<title>LGBT+ Seznamka - Jerk Dating<\/title>\n<meta name=\"robots\" content=\"index, follow, max-snippet:-1, max-image-preview:large, max-video-preview:-1\" \/>\n<link rel=\"canonical\" href=\"https:\/\/mamasjerkstation.com\/cs\/lgbt-seznamka\/\" \/>\n<meta property=\"og:locale\" content=\"cs_CZ\" \/>\n<meta property=\"og:type\" content=\"article\" \/>\n<meta property=\"og:title\" content=\"LGBT+ Seznamka - Jerk Dating\" \/>\n<meta property=\"og:description\" content=\"Kdy\u017e hled\u00e1te dobrou aplikaci pro p\u0159ipojen\u00ed, chcete n\u011bco, co v\u00e1m umo\u017en\u00ed p\u0159\u00edstup k mnoha r\u016fzn\u00fdm lidem. Nemus\u00edte nutn\u011b platit za ka\u017edou osobu, kterou potk\u00e1te. Zde &hellip;\" \/>\n<meta property=\"og:url\" content=\"https:\/\/mamasjerkstation.com\/cs\/lgbt-seznamka\/\" \/>\n<meta property=\"og:site_name\" content=\"Jerk Dating\" \/>\n<meta property=\"og:image\" content=\"http:\/\/mamasjerkstation.com\/wp-content\/uploads\/2022\/08\/cam-sites.jpeg\" \/>\n\t<meta property=\"og:image:width\" content=\"1125\" \/>\n\t<meta property=\"og:image:height\" content=\"750\" \/>\n<meta name=\"twitter:card\" content=\"summary_large_image\" \/>\n<meta name=\"twitter:label1\" content=\"Odhadovan\u00e1 doba \u010dten\u00ed\" \/>\n\t<meta name=\"twitter:data1\" content=\"4 minuty\" \/>\n<script type=\"application\/ld+json\" class=\"yoast-schema-graph\">{\"@context\":\"https:\/\/schema.org\",\"@graph\":[{\"@type\":\"WebSite\",\"@id\":\"http:\/\/mamasjerkstation.com\/#website\",\"url\":\"http:\/\/mamasjerkstation.com\/\",\"name\":\"Jerk Dating\",\"description\":\"Online Sex Websites\",\"potentialAction\":[{\"@type\":\"SearchAction\",\"target\":{\"@type\":\"EntryPoint\",\"urlTemplate\":\"http:\/\/mamasjerkstation.com\/?s={search_term_string}\"},\"query-input\":\"required name=search_term_string\"}],\"inLanguage\":\"cs\"},{\"@type\":\"ImageObject\",\"@id\":\"https:\/\/mamasjerkstation.com\/cs\/lgbt-seznamka\/#primaryimage\",\"inLanguage\":\"cs\",\"url\":\"https:\/\/mamasjerkstation.com\/wp-content\/uploads\/2022\/08\/cam-sites.jpeg\",\"contentUrl\":\"https:\/\/mamasjerkstation.com\/wp-content\/uploads\/2022\/08\/cam-sites.jpeg\",\"width\":1125,\"height\":750},{\"@type\":\"WebPage\",\"@id\":\"https:\/\/mamasjerkstation.com\/cs\/lgbt-seznamka\/#webpage\",\"url\":\"https:\/\/mamasjerkstation.com\/cs\/lgbt-seznamka\/\",\"name\":\"LGBT+ Seznamka - Jerk Dating\",\"isPartOf\":{\"@id\":\"http:\/\/mamasjerkstation.com\/#website\"},\"primaryImageOfPage\":{\"@id\":\"https:\/\/mamasjerkstation.com\/cs\/lgbt-seznamka\/#primaryimage\"},\"datePublished\":\"2022-08-19T17:51:33+00:00\",\"dateModified\":\"2022-08-19T17:51:33+00:00\",\"breadcrumb\":{\"@id\":\"https:\/\/mamasjerkstation.com\/cs\/lgbt-seznamka\/#breadcrumb\"},\"inLanguage\":\"cs\",\"potentialAction\":[{\"@type\":\"ReadAction\",\"target\":[\"https:\/\/mamasjerkstation.com\/cs\/lgbt-seznamka\/\"]}]},{\"@type\":\"BreadcrumbList\",\"@id\":\"https:\/\/mamasjerkstation.com\/cs\/lgbt-seznamka\/#breadcrumb\",\"itemListElement\":[{\"@type\":\"ListItem\",\"position\":1,\"name\":\"Home\",\"item\":\"http:\/\/mamasjerkstation.com\/cs\/\"},{\"@type\":\"ListItem\",\"position\":2,\"name\":\"LGBT+ Seznamka\"}]}]}<\/script>\n<!-- \/ Yoast SEO plugin. -->","yoast_head_json":{"title":"LGBT+ Seznamka - Jerk Dating","robots":{"index":"index","follow":"follow","max-snippet":"max-snippet:-1","max-image-preview":"max-image-preview:large","max-video-preview":"max-video-preview:-1"},"canonical":"https:\/\/mamasjerkstation.com\/cs\/lgbt-seznamka\/","og_locale":"cs_CZ","og_type":"article","og_title":"LGBT+ Seznamka - Jerk Dating","og_description":"Kdy\u017e hled\u00e1te dobrou aplikaci pro p\u0159ipojen\u00ed, chcete n\u011bco, co v\u00e1m umo\u017en\u00ed p\u0159\u00edstup k mnoha r\u016fzn\u00fdm lidem. Nemus\u00edte nutn\u011b platit za ka\u017edou osobu, kterou potk\u00e1te. Zde &hellip;","og_url":"https:\/\/mamasjerkstation.com\/cs\/lgbt-seznamka\/","og_site_name":"Jerk Dating","og_image":[{"width":1125,"height":750,"url":"http:\/\/mamasjerkstation.com\/wp-content\/uploads\/2022\/08\/cam-sites.jpeg","type":"image\/jpeg"}],"twitter_card":"summary_large_image","twitter_misc":{"Odhadovan\u00e1 doba \u010dten\u00ed":"4 minuty"},"schema":{"@context":"https:\/\/schema.org","@graph":[{"@type":"WebSite","@id":"http:\/\/mamasjerkstation.com\/#website","url":"http:\/\/mamasjerkstation.com\/","name":"Jerk Dating","description":"Online Sex Websites","potentialAction":[{"@type":"SearchAction","target":{"@type":"EntryPoint","urlTemplate":"http:\/\/mamasjerkstation.com\/?s={search_term_string}"},"query-input":"required name=search_term_string"}],"inLanguage":"cs"},{"@type":"ImageObject","@id":"https:\/\/mamasjerkstation.com\/cs\/lgbt-seznamka\/#primaryimage","inLanguage":"cs","url":"https:\/\/mamasjerkstation.com\/wp-content\/uploads\/2022\/08\/cam-sites.jpeg","contentUrl":"https:\/\/mamasjerkstation.com\/wp-content\/uploads\/2022\/08\/cam-sites.jpeg","width":1125,"height":750},{"@type":"WebPage","@id":"https:\/\/mamasjerkstation.com\/cs\/lgbt-seznamka\/#webpage","url":"https:\/\/mamasjerkstation.com\/cs\/lgbt-seznamka\/","name":"LGBT+ Seznamka - Jerk Dating","isPartOf":{"@id":"http:\/\/mamasjerkstation.com\/#website"},"primaryImageOfPage":{"@id":"https:\/\/mamasjerkstation.com\/cs\/lgbt-seznamka\/#primaryimage"},"datePublished":"2022-08-19T17:51:33+00:00","dateModified":"2022-08-19T17:51:33+00:00","breadcrumb":{"@id":"https:\/\/mamasjerkstation.com\/cs\/lgbt-seznamka\/#breadcrumb"},"inLanguage":"cs","potentialAction":[{"@type":"ReadAction","target":["https:\/\/mamasjerkstation.com\/cs\/lgbt-seznamka\/"]}]},{"@type":"BreadcrumbList","@id":"https:\/\/mamasjerkstation.com\/cs\/lgbt-seznamka\/#breadcrumb","itemListElement":[{"@type":"ListItem","position":1,"name":"Home","item":"http:\/\/mamasjerkstation.com\/cs\/"},{"@type":"ListItem","position":2,"name":"LGBT+ Seznamka"}]}]}},"_links":{"self":[{"href":"https:\/\/mamasjerkstation.com\/cs\/wp-json\/wp\/v2\/pages\/283"}],"collection":[{"href":"https:\/\/mamasjerkstation.com\/cs\/wp-json\/wp\/v2\/pages"}],"about":[{"href":"https:\/\/mamasjerkstation.com\/cs\/wp-json\/wp\/v2\/types\/page"}],"author":[{"embeddable":true,"href":"https:\/\/mamasjerkstation.com\/cs\/wp-json\/wp\/v2\/users\/1"}],"replies":[{"embeddable":true,"href":"https:\/\/mamasjerkstation.com\/cs\/wp-json\/wp\/v2\/comments?post=283"}],"version-history":[{"count":0,"href":"https:\/\/mamasjerkstation.com\/cs\/wp-json\/wp\/v2\/pages\/283\/revisions"}],"wp:featuredmedia":[{"embeddable":true,"href":"https:\/\/mamasjerkstation.com\/cs\/wp-json\/wp\/v2\/media\/79"}],"wp:attachment":[{"href":"https:\/\/mamasjerkstation.com\/cs\/wp-json\/wp\/v2\/media?parent=283"}],"curies":[{"name":"wp","href":"https:\/\/api.w.org\/{rel}","templated":true}]}}