{"id":265,"date":"2022-08-19T19:01:00","date_gmt":"2022-08-19T18:01:00","guid":{"rendered":"http:\/\/mamasjerkstation.com\/najdete-prilezitostny-sex-ve-vasem-okoli\/"},"modified":"2022-08-19T19:01:00","modified_gmt":"2022-08-19T18:01:00","slug":"najdete-prilezitostny-sex-ve-vasem-okoli","status":"publish","type":"page","link":"https:\/\/mamasjerkstation.com\/cs\/najdete-prilezitostny-sex-ve-vasem-okoli\/","title":{"rendered":"Najd\u011bte p\u0159\u00edle\u017eitostn\u00fd sex ve va\u0161em okol\u00ed"},"content":{"rendered":"<p>Pokud chcete naj\u00edt p\u0159\u00edle\u017eitostn\u00fd sex ve va\u0161\u00ed oblasti, existuje n\u011bkolik v\u011bc\u00ed, kter\u00e9 budete pravd\u011bpodobn\u011b cht\u00edt zv\u00e1\u017eit. Nejprve se ujist\u011bte, \u017ee v\u00edte, jak\u00fd typ z\u00e1\u017eitku hled\u00e1te. Pokud se jen chcete setkat s kurva kamar\u00e1dem, jd\u011bte do jedn\u00e9 z mnoha seznamovac\u00edch aplikac\u00ed.<\/p>\n<p>Doporu\u010dujeme v\u00e1m vyzkou\u0161et n\u011bkolik r\u016fzn\u00fdch web\u016f z na\u0161eho seznamu a zjistit, kter\u00fd z nich pro v\u00e1s funguje. Nikdo nechce tr\u00e1vit hodiny proch\u00e1zen\u00edm nekone\u010dn\u00fdch profil\u016f jen proto, aby se setkal s cizincem. Proto jsme sestavili n\u011bkolik tip\u016f, kter\u00e9 v\u00e1m pomohou bezpe\u010dn\u011b se orientovat ve sv\u011bt\u011b online seznamov\u00e1n\u00ed.<\/p>\n<h2>Na\u0161e nejlep\u0161\u00ed tipy pro p\u0159\u00edle\u017eitostn\u00fd sex<\/h2>\n<p>Pokud chcete pro\u0159\u00edznout v\u0161echny odpadky online <a href=\"http:\/\/mamasjerkstation.com\/cs\/cukr-dating-poradenstvi\/\">pomoc\u00ed seznamovac\u00edch aplikac\u00ed<\/a>, doporu\u010dujeme v\u00e1m vyzkou\u0161et n\u011bkolik na na\u0161em seznamu. Pomohou v\u00e1m naj\u00edt typ vztahu, kter\u00fd chcete.<\/p>\n<p>P\u0159i vytv\u00e1\u0159en\u00ed tohoto seznamu jsme vzali v \u00favahu osobn\u00ed zku\u0161enosti, u\u017eivatelsk\u00e9 recenze, funkce bezpe\u010dnosti \/ ochrany osobn\u00edch \u00fadaj\u016f a mnoho dal\u0161\u00edho.<\/p>\n<h3>Aff<\/h3>\n<p>AdultFriendFinder je nejobl\u00edben\u011bj\u0161\u00ed seznamka pro hled\u00e1n\u00ed p\u0159\u00edle\u017eitostn\u00fdch sexu\u00e1ln\u00edch partner\u016f. Str\u00e1nka existuje od roku 1995 a n\u00e1rokuje si v\u00edce ne\u017e 40 milion\u016f \u010dlen\u016f po cel\u00e9m sv\u011bt\u011b. Str\u00e1nka nab\u00edz\u00ed bezplatn\u00e9 \u010dlenstv\u00ed, ale budete cht\u00edt upgradovat na pr\u00e9miov\u00fd p\u0159\u00edstup, abyste vid\u011bli v\u00edce profil\u016f a pou\u017e\u00edvali v\u00edce n\u00e1stroj\u016f, jako jsou zpr\u00e1vy, chatovac\u00ed m\u00edstnosti a videa z webov\u00fdch kamer. Krom\u011b standardn\u00edch informac\u00ed o profilu m\u016f\u017eete nahr\u00e1vat fotografie a videa, p\u0159id\u00e1vat p\u0159\u00e1tele, pos\u00edlat mrknut\u00ed a proch\u00e1zet m\u00edstn\u00ed z\u00e1pisy.<\/p>\n<p>A\u0165 u\u017e chcete randit s n\u011bk\u00fdm, kdo hled\u00e1 l\u00e1sku, swingers, p\u00e1ry nebo jen n\u011bjakou starou dobrou z\u00e1bavu, AFF v\u00e1m ur\u010dit\u011b pom\u016f\u017ee.<\/p>\n<h3>Hledaj\u00edc\u00ed<\/h3>\n<p>SeekingArrangement byla zalo\u017eena v roce 2004 a nyn\u00ed m\u00e1 v\u00edce ne\u017e 20 milion\u016f registrovan\u00fdch u\u017eivatel\u016f. Jeho slogan je &#8222;Hled\u00e1n\u00ed l\u00e1sky online&#8220;. Je zam\u011b\u0159en na bohat\u00e9 svobodn\u00e9 lidi, kte\u0159\u00ed hledaj\u00ed dlouhodob\u00e9 vztahy. Plat\u00edte m\u011bs\u00ed\u010dn\u00ed poplatek za p\u0159ipojen\u00ed k webu a m\u016f\u017eete si vybrat, zda hled\u00e1te p\u0159\u00e1telstv\u00ed, romantiku, man\u017eelstv\u00ed nebo n\u011bco \u00fapln\u011b jin\u00e9ho.<\/p>\n<p>Tato seznamovac\u00ed aplikace je navr\u017eena speci\u00e1ln\u011b pro ty, kte\u0159\u00ed maj\u00ed r\u00e1di luxusn\u00ed datov\u00e1n\u00ed. Pokud m\u00e1te z\u00e1jem setkat se s kr\u00e1sn\u00fdmi \u017eenami, kter\u00e9 jsou p\u0159ipraveny utr\u00e1cet pen\u00edze na v\u00e1s, je to nejlep\u0161\u00ed m\u00edsto, kde je najdete.<\/p>\n<p>Dobr\u00e1 v\u011bc na tomto webu je bezpe\u010dnost, v\u0161ichni \u010dlenov\u00e9 mus\u00ed uk\u00e1zat ID, aby se p\u0159ipojili. To znamen\u00e1, \u017ee budete m\u00edt m\u00e9n\u011b podvodn\u00edk\u016f pou\u017e\u00edvaj\u00edc\u00edch platformu.<\/p>\n<h3>Bruska<\/h3>\n<p>Jedn\u00e1 se o soci\u00e1ln\u00ed s\u00ed\u0165 ur\u010denou speci\u00e1ln\u011b pro homosexu\u00e1ln\u00ed a bisexu\u00e1ln\u00ed mu\u017ee. Je to trochu odli\u0161n\u00e9 od jin\u00fdch web\u016f, proto\u017ee neumo\u017e\u0148uje u\u017eivatel\u016fm naj\u00edt data; m\u00edsto toho se zam\u011b\u0159uje na to, aby jim pomohla setkat se s potenci\u00e1ln\u00edmi romantick\u00fdmi partnery. \u010clenov\u00e9 si mohou navz\u00e1jem prohl\u00ed\u017eet obr\u00e1zky a mluvit o sob\u011b, sv\u00fdch kon\u00ed\u010dc\u00edch a o tom, co je zaj\u00edm\u00e1.<\/p>\n<h3>Pocit<\/h3>\n<p>Jedn\u00e1 se o queer seznamovac\u00ed aplikaci, kter\u00e1 se zam\u011b\u0159uje na propojen\u00ed homosexu\u00e1ln\u00edch mu\u017e\u016f po cel\u00e9m sv\u011bt\u011b. Je to podobn\u00e9 Grindru, a\u017e na to, \u017ee je zam\u011b\u0159eno na ty, kte\u0159\u00ed hledaj\u00ed p\u0159\u00edle\u017eitostn\u00e9 spojen\u00ed sp\u00ed\u0161e ne\u017e dlouhodob\u00e9 vztahy. Feeld je zcela zdarma ke sta\u017een\u00ed a pou\u017eit\u00ed, ale mus\u00edte zaplatit $ 9.99 za m\u011bs\u00edc, abyste odemkli dal\u0161\u00ed funkce, jako jsou skupinov\u00e9 chaty, ud\u00e1losti a exkluzivn\u00ed kluby.<\/p>\n<h3>HornySingles<\/h3>\n<p>HornySingles je bezplatn\u00e1 online seznamovac\u00ed aplikace, kde se lid\u00e9 mohou spojit na z\u00e1klad\u011b spole\u010dn\u00fdch z\u00e1jm\u016f. \u010clenov\u00e9 mohou proch\u00e1zet profily, pos\u00edlat zpr\u00e1vy a navazovat spojen\u00ed s ostatn\u00edmi v okol\u00ed. U\u017eivatel\u00e9 mohou nastavit sv\u016fj profil tak, aby obsahoval fotografie, videa a dal\u0161\u00ed informace o sob\u011b. Neexistuj\u00ed \u017e\u00e1dn\u00e9 poplatky spojen\u00e9 s \u010dlenstv\u00edm, tak\u017ee je ide\u00e1ln\u00ed pro ty, kte\u0159\u00ed se cht\u011bj\u00ed s n\u011bk\u00fdm setkat, ani\u017e by museli utr\u00e1cet pen\u00edze p\u0159edem.<\/p>\n<h2>Na\u0161e rada pro v\u00e1s?<\/h2>\n<p>Budete cht\u00edt m\u00edt na pam\u011bti, \u017ee n\u011bkter\u00e9 str\u00e1nky jsou zcela zdarma, zat\u00edmco jin\u00e9 maj\u00ed mal\u00e9 mno\u017estv\u00ed pr\u00e9miov\u00fdch funkc\u00ed. Mnoho popul\u00e1rn\u00edch web\u016f, jako jsou Tinder, OKCupid a Bumble, nab\u00edz\u00ed bezplatn\u00e9 i placen\u00e9 verze. N\u011bkter\u00e9 jsou v\u0161ak zcela zdarma (a jin\u00e9 jsou exkluzivn\u011bj\u0161\u00ed jako Seeking). Mus\u00edte naj\u00edt ten spr\u00e1vn\u00fd pro v\u00e1s, doporu\u010dujeme vyzkou\u0161et n\u011bkolik a zjistit, jak se v\u00e1m l\u00edb\u00ed.<\/p>\n","protected":false},"excerpt":{"rendered":"<p>Pokud chcete naj\u00edt p\u0159\u00edle\u017eitostn\u00fd sex ve va\u0161\u00ed oblasti, existuje n\u011bkolik v\u011bc\u00ed, kter\u00e9 budete pravd\u011bpodobn\u011b cht\u00edt zv\u00e1\u017eit. Nejprve se ujist\u011bte, \u017ee v\u00edte, jak\u00fd typ z\u00e1\u017eitku hled\u00e1te. &hellip; <\/p>\n","protected":false},"author":1,"featured_media":184,"parent":0,"menu_order":0,"comment_status":"closed","ping_status":"closed","template":"","meta":[],"yoast_head":"<!-- This site is optimized with the Yoast SEO plugin v17.7.1 - https:\/\/yoast.com\/wordpress\/plugins\/seo\/ -->\n<title>Najd\u011bte p\u0159\u00edle\u017eitostn\u00fd sex ve va\u0161em okol\u00ed - Jerk Dating<\/title>\n<meta name=\"robots\" content=\"index, follow, max-snippet:-1, max-image-preview:large, max-video-preview:-1\" \/>\n<link rel=\"canonical\" href=\"https:\/\/mamasjerkstation.com\/cs\/najdete-prilezitostny-sex-ve-vasem-okoli\/\" \/>\n<meta property=\"og:locale\" content=\"cs_CZ\" \/>\n<meta property=\"og:type\" content=\"article\" \/>\n<meta property=\"og:title\" content=\"Najd\u011bte p\u0159\u00edle\u017eitostn\u00fd sex ve va\u0161em okol\u00ed - Jerk Dating\" \/>\n<meta property=\"og:description\" content=\"Pokud chcete naj\u00edt p\u0159\u00edle\u017eitostn\u00fd sex ve va\u0161\u00ed oblasti, existuje n\u011bkolik v\u011bc\u00ed, kter\u00e9 budete pravd\u011bpodobn\u011b cht\u00edt zv\u00e1\u017eit. Nejprve se ujist\u011bte, \u017ee v\u00edte, jak\u00fd typ z\u00e1\u017eitku hled\u00e1te. &hellip;\" \/>\n<meta property=\"og:url\" content=\"https:\/\/mamasjerkstation.com\/cs\/najdete-prilezitostny-sex-ve-vasem-okoli\/\" \/>\n<meta property=\"og:site_name\" content=\"Jerk Dating\" \/>\n<meta property=\"og:image\" content=\"http:\/\/mamasjerkstation.com\/wp-content\/uploads\/2022\/08\/casual-sex-dating-websites.jpeg\" \/>\n\t<meta property=\"og:image:width\" content=\"2094\" \/>\n\t<meta property=\"og:image:height\" content=\"1500\" \/>\n<meta name=\"twitter:card\" content=\"summary_large_image\" \/>\n<meta name=\"twitter:label1\" content=\"Odhadovan\u00e1 doba \u010dten\u00ed\" \/>\n\t<meta name=\"twitter:data1\" content=\"4 minuty\" \/>\n<script type=\"application\/ld+json\" class=\"yoast-schema-graph\">{\"@context\":\"https:\/\/schema.org\",\"@graph\":[{\"@type\":\"WebSite\",\"@id\":\"https:\/\/mamasjerkstation.com\/#website\",\"url\":\"https:\/\/mamasjerkstation.com\/\",\"name\":\"Jerk Dating\",\"description\":\"Online Sex Websites\",\"potentialAction\":[{\"@type\":\"SearchAction\",\"target\":{\"@type\":\"EntryPoint\",\"urlTemplate\":\"https:\/\/mamasjerkstation.com\/?s={search_term_string}\"},\"query-input\":\"required name=search_term_string\"}],\"inLanguage\":\"cs\"},{\"@type\":\"ImageObject\",\"@id\":\"https:\/\/mamasjerkstation.com\/cs\/najdete-prilezitostny-sex-ve-vasem-okoli\/#primaryimage\",\"inLanguage\":\"cs\",\"url\":\"https:\/\/mamasjerkstation.com\/wp-content\/uploads\/2022\/08\/casual-sex-dating-websites.jpeg\",\"contentUrl\":\"https:\/\/mamasjerkstation.com\/wp-content\/uploads\/2022\/08\/casual-sex-dating-websites.jpeg\",\"width\":2094,\"height\":1500},{\"@type\":\"WebPage\",\"@id\":\"https:\/\/mamasjerkstation.com\/cs\/najdete-prilezitostny-sex-ve-vasem-okoli\/#webpage\",\"url\":\"https:\/\/mamasjerkstation.com\/cs\/najdete-prilezitostny-sex-ve-vasem-okoli\/\",\"name\":\"Najd\\u011bte p\\u0159\\u00edle\\u017eitostn\\u00fd sex ve va\\u0161em okol\\u00ed - Jerk Dating\",\"isPartOf\":{\"@id\":\"https:\/\/mamasjerkstation.com\/#website\"},\"primaryImageOfPage\":{\"@id\":\"https:\/\/mamasjerkstation.com\/cs\/najdete-prilezitostny-sex-ve-vasem-okoli\/#primaryimage\"},\"datePublished\":\"2022-08-19T18:01:00+00:00\",\"dateModified\":\"2022-08-19T18:01:00+00:00\",\"breadcrumb\":{\"@id\":\"https:\/\/mamasjerkstation.com\/cs\/najdete-prilezitostny-sex-ve-vasem-okoli\/#breadcrumb\"},\"inLanguage\":\"cs\",\"potentialAction\":[{\"@type\":\"ReadAction\",\"target\":[\"https:\/\/mamasjerkstation.com\/cs\/najdete-prilezitostny-sex-ve-vasem-okoli\/\"]}]},{\"@type\":\"BreadcrumbList\",\"@id\":\"https:\/\/mamasjerkstation.com\/cs\/najdete-prilezitostny-sex-ve-vasem-okoli\/#breadcrumb\",\"itemListElement\":[{\"@type\":\"ListItem\",\"position\":1,\"name\":\"Home\",\"item\":\"https:\/\/mamasjerkstation.com\/cs\/\"},{\"@type\":\"ListItem\",\"position\":2,\"name\":\"Najd\\u011bte p\\u0159\\u00edle\\u017eitostn\\u00fd sex ve va\\u0161em okol\\u00ed\"}]}]}<\/script>\n<!-- \/ Yoast SEO plugin. -->","yoast_head_json":{"title":"Najd\u011bte p\u0159\u00edle\u017eitostn\u00fd sex ve va\u0161em okol\u00ed - Jerk Dating","robots":{"index":"index","follow":"follow","max-snippet":"max-snippet:-1","max-image-preview":"max-image-preview:large","max-video-preview":"max-video-preview:-1"},"canonical":"https:\/\/mamasjerkstation.com\/cs\/najdete-prilezitostny-sex-ve-vasem-okoli\/","og_locale":"cs_CZ","og_type":"article","og_title":"Najd\u011bte p\u0159\u00edle\u017eitostn\u00fd sex ve va\u0161em okol\u00ed - Jerk Dating","og_description":"Pokud chcete naj\u00edt p\u0159\u00edle\u017eitostn\u00fd sex ve va\u0161\u00ed oblasti, existuje n\u011bkolik v\u011bc\u00ed, kter\u00e9 budete pravd\u011bpodobn\u011b cht\u00edt zv\u00e1\u017eit. Nejprve se ujist\u011bte, \u017ee v\u00edte, jak\u00fd typ z\u00e1\u017eitku hled\u00e1te. &hellip;","og_url":"https:\/\/mamasjerkstation.com\/cs\/najdete-prilezitostny-sex-ve-vasem-okoli\/","og_site_name":"Jerk Dating","og_image":[{"width":2094,"height":1500,"url":"http:\/\/mamasjerkstation.com\/wp-content\/uploads\/2022\/08\/casual-sex-dating-websites.jpeg","type":"image\/jpeg"}],"twitter_card":"summary_large_image","twitter_misc":{"Odhadovan\u00e1 doba \u010dten\u00ed":"4 minuty"},"schema":{"@context":"https:\/\/schema.org","@graph":[{"@type":"WebSite","@id":"https:\/\/mamasjerkstation.com\/#website","url":"https:\/\/mamasjerkstation.com\/","name":"Jerk Dating","description":"Online Sex Websites","potentialAction":[{"@type":"SearchAction","target":{"@type":"EntryPoint","urlTemplate":"https:\/\/mamasjerkstation.com\/?s={search_term_string}"},"query-input":"required name=search_term_string"}],"inLanguage":"cs"},{"@type":"ImageObject","@id":"https:\/\/mamasjerkstation.com\/cs\/najdete-prilezitostny-sex-ve-vasem-okoli\/#primaryimage","inLanguage":"cs","url":"https:\/\/mamasjerkstation.com\/wp-content\/uploads\/2022\/08\/casual-sex-dating-websites.jpeg","contentUrl":"https:\/\/mamasjerkstation.com\/wp-content\/uploads\/2022\/08\/casual-sex-dating-websites.jpeg","width":2094,"height":1500},{"@type":"WebPage","@id":"https:\/\/mamasjerkstation.com\/cs\/najdete-prilezitostny-sex-ve-vasem-okoli\/#webpage","url":"https:\/\/mamasjerkstation.com\/cs\/najdete-prilezitostny-sex-ve-vasem-okoli\/","name":"Najd\u011bte p\u0159\u00edle\u017eitostn\u00fd sex ve va\u0161em okol\u00ed - Jerk Dating","isPartOf":{"@id":"https:\/\/mamasjerkstation.com\/#website"},"primaryImageOfPage":{"@id":"https:\/\/mamasjerkstation.com\/cs\/najdete-prilezitostny-sex-ve-vasem-okoli\/#primaryimage"},"datePublished":"2022-08-19T18:01:00+00:00","dateModified":"2022-08-19T18:01:00+00:00","breadcrumb":{"@id":"https:\/\/mamasjerkstation.com\/cs\/najdete-prilezitostny-sex-ve-vasem-okoli\/#breadcrumb"},"inLanguage":"cs","potentialAction":[{"@type":"ReadAction","target":["https:\/\/mamasjerkstation.com\/cs\/najdete-prilezitostny-sex-ve-vasem-okoli\/"]}]},{"@type":"BreadcrumbList","@id":"https:\/\/mamasjerkstation.com\/cs\/najdete-prilezitostny-sex-ve-vasem-okoli\/#breadcrumb","itemListElement":[{"@type":"ListItem","position":1,"name":"Home","item":"https:\/\/mamasjerkstation.com\/cs\/"},{"@type":"ListItem","position":2,"name":"Najd\u011bte p\u0159\u00edle\u017eitostn\u00fd sex ve va\u0161em okol\u00ed"}]}]}},"_links":{"self":[{"href":"https:\/\/mamasjerkstation.com\/cs\/wp-json\/wp\/v2\/pages\/265"}],"collection":[{"href":"https:\/\/mamasjerkstation.com\/cs\/wp-json\/wp\/v2\/pages"}],"about":[{"href":"https:\/\/mamasjerkstation.com\/cs\/wp-json\/wp\/v2\/types\/page"}],"author":[{"embeddable":true,"href":"https:\/\/mamasjerkstation.com\/cs\/wp-json\/wp\/v2\/users\/1"}],"replies":[{"embeddable":true,"href":"https:\/\/mamasjerkstation.com\/cs\/wp-json\/wp\/v2\/comments?post=265"}],"version-history":[{"count":0,"href":"https:\/\/mamasjerkstation.com\/cs\/wp-json\/wp\/v2\/pages\/265\/revisions"}],"wp:featuredmedia":[{"embeddable":true,"href":"https:\/\/mamasjerkstation.com\/cs\/wp-json\/wp\/v2\/media\/184"}],"wp:attachment":[{"href":"https:\/\/mamasjerkstation.com\/cs\/wp-json\/wp\/v2\/media?parent=265"}],"curies":[{"name":"wp","href":"https:\/\/api.w.org\/{rel}","templated":true}]}}