{"id":260,"date":"2022-08-19T19:23:43","date_gmt":"2022-08-19T18:23:43","guid":{"rendered":"http:\/\/mamasjerkstation.com\/cukr-dating-poradenstvi\/"},"modified":"2022-08-19T19:23:43","modified_gmt":"2022-08-19T18:23:43","slug":"cukr-dating-poradenstvi","status":"publish","type":"page","link":"https:\/\/mamasjerkstation.com\/cs\/cukr-dating-poradenstvi\/","title":{"rendered":"Cukr Dating Poradenstv\u00ed"},"content":{"rendered":"<h2>Jste svobodn\u00ed a hled\u00e1te Sugar Daddy?<\/h2>\n<p>Existuj\u00ed tis\u00edce mu\u017e\u016f online, kte\u0159\u00ed jsou ochotni platit za sex. \u0158\u00edkaj\u00ed si &#8222;Sugar Daddies&#8220;.<\/p>\n<p>Zd\u00e1 se, \u017ee ka\u017ed\u00fd mu\u017e chce b\u00fdt Sugar Daddy. Pro\u010d? Proto\u017ee d\u00edky tomu m\u00e1 pocit, \u017ee m\u00e1 moc. <a href=\"http:\/\/mamasjerkstation.com\/cs\/jak-sext-chat-s-divkami\/\">Vybere si svou \u017eenu<\/a> a \u0159ekne j\u00ed, co m\u00e1 d\u011blat. D\u011bl\u00e1 v\u0161echno, co \u0159ekne.<\/p>\n<p>Na opl\u00e1tku mu d\u00e1v\u00e1 sex. A pokud ji m\u00e1 r\u00e1d, m\u016f\u017ee j\u00ed tak\u00e9 d\u00e1t d\u00e1rky.<\/p>\n<p>M\u00e1te z\u00e1jem o rand\u011bn\u00ed s Sugar Daddy? Pokud ano, p\u0159e\u010dt\u011bte si tento \u010dl\u00e1nek pozorn\u011b. Zde je n\u011bkolik tip\u016f, kter\u00e9 v\u00e1m pomohou naj\u00edt Sugar Daddy.<\/p>\n<h3>Zjist\u011bte, co chcete<\/h3>\n<p>Ne\u017e se vyd\u00e1te hledat Sugar Daddy, mus\u00edte p\u0159esn\u011b v\u011bd\u011bt, co chcete. Chcete s n\u00edm\/n\u00ed m\u00edt vztah? Chcete spolu tr\u00e1vit \u010das? Chcete s n\u00edm cestovat?<\/p>\n<p>Chcete si ho vz\u00edt?<\/p>\n<p>Tyto ot\u00e1zky v\u00e1m pomohou ur\u010dit, zda chcete Sugar Daddy nebo Sugar Baby.<\/p>\n<h3>Vzmu\u017e se<\/h3>\n<p>Vzmu\u017e se. Nep\u0159edst\u00edrejte, \u017ee jste n\u011bkdo jin\u00fd. To m\u016f\u017ee zn\u00edt jako samoz\u0159ejmost, ale v\u011bt\u0161ina mu\u017e\u016f nechce randit s fale\u0161nou osobou. Cht\u011bj\u00ed randit se skute\u010dn\u00fdmi \u017eenami.<\/p>\n<h3>Najd\u011bte n\u011bkoho, kdo sd\u00edl\u00ed podobn\u00e9 z\u00e1jmy<\/h3>\n<p>Najd\u011bte n\u011bkoho, kdo sd\u00edl\u00ed podobn\u00e9 z\u00e1jmy. Nap\u0159\u00edklad, pokud m\u00e1te r\u00e1di sport, pak najd\u011bte mu\u017ee, kter\u00fd m\u00e1 r\u00e1d sport taky.<\/p>\n<p>To v\u00e1m poskytne spole\u010dn\u00fd z\u00e1klad, o kter\u00e9m m\u016f\u017eete mluvit. A mluven\u00ed o v\u011bcech, kter\u00e9 sd\u00edl\u00edte spole\u010dn\u011b, v\u00e1m pom\u016f\u017ee rychle se spojit.<\/p>\n<h3>Zeptejte se ho na jeho rodinu<\/h3>\n<p>Zeptejte se ho na jeho rodinu. Kolik let je jeho\/jej\u00ed matce? \u017dije st\u00e1le s n\u00edm\/jeho rodi\u010di?<\/p>\n<p>M\u00e1 sourozence?<\/p>\n<h2>Faq<\/h2>\n<h3>Co znamen\u00e1 NSA v datov\u00e1n\u00ed cukru?<\/h3>\n<p>NSA je zkratka pro No Strings Attached. To znamen\u00e1, \u017ee se nemus\u00edte starat o to, abyste se dostali do jak\u00e9hokoli vztahu. Sugar dating je skv\u011bl\u00fd zp\u016fsob, jak poznat nov\u00e9 lidi, kte\u0159\u00ed sd\u00edlej\u00ed podobn\u00e9 z\u00e1jmy.<\/p>\n<h3>Jak se st\u00e1t NSA Sugar Baby nebo tat\u00ednkem?<\/h3>\n<p>Pokud chcete b\u00fdt cukrov\u00fdm d\u00edt\u011btem nebo tat\u00ednkem, mus\u00edte v\u011bd\u011bt, jak je naj\u00edt. Nejlep\u0161\u00ed zp\u016fsob, jak to ud\u011blat, je prost\u0159ednictv\u00edm seznamovac\u00ed aplikace, jako je Tinder. Jakmile najdete n\u011bkoho, kdo vypad\u00e1 zaj\u00edmav\u011b, po\u017e\u00e1dejte o jeho \u010d\u00edslo a zavolejte mu. To je nejjednodu\u0161\u0161\u00ed zp\u016fsob, jak za\u010d\u00edt mluvit s cukrov\u00fdm d\u00edt\u011btem nebo tat\u00ednkem.<\/p>\n<h3>Co je to vztah s NSA a jak funguje?<\/h3>\n<p>Vztah s NSA je, kdy\u017e se dva lid\u00e9 poprv\u00e9 setkaj\u00ed a oba se znaj\u00ed z p\u0159edchoz\u00edch setk\u00e1n\u00ed. Osoba, kter\u00e1 iniciuje setk\u00e1n\u00ed, se naz\u00fdv\u00e1 NSA (New Spouse). Tento term\u00edn vytvo\u0159il komik Jerry Seinfeld ve sv\u00e9 knize &#8222;The Marriage Ref&#8220;, kde popisuje proces hled\u00e1n\u00ed l\u00e1sky.<\/p>\n<h3>Co je to cukrov\u00fd t\u00e1ta?<\/h3>\n<p>Cukrov\u00fd t\u00e1ta je n\u011bkdo, kdo pom\u00e1h\u00e1 sv\u00e9 p\u0159\u00edtelkyni finan\u010dn\u011b. Tato osoba m\u00e1 obvykle pen\u00edze a chce j\u00ed pomoci. M\u016f\u017ee b\u00fdt tak\u00e9 ochoten d\u00e1t j\u00ed d\u00e1rky, jako jsou drah\u00e9 ve\u010de\u0159e a sv\u00e1tky. Vztah mezi t\u011bmito dv\u011bma stranami je \u010dasto romantick\u00fd, i kdy\u017e n\u011bkte\u0159\u00ed cukrov\u00ed t\u00e1tov\u00e9 necht\u011bj\u00ed \u017e\u00e1dn\u00fd sexu\u00e1ln\u00ed kontakt.<\/p>\n","protected":false},"excerpt":{"rendered":"<p>Jste svobodn\u00ed a hled\u00e1te Sugar Daddy? Existuj\u00ed tis\u00edce mu\u017e\u016f online, kte\u0159\u00ed jsou ochotni platit za sex. \u0158\u00edkaj\u00ed si &#8222;Sugar Daddies&#8220;. Zd\u00e1 se, \u017ee ka\u017ed\u00fd mu\u017e &hellip; <\/p>\n","protected":false},"author":1,"featured_media":199,"parent":0,"menu_order":0,"comment_status":"closed","ping_status":"closed","template":"","meta":[],"yoast_head":"<!-- This site is optimized with the Yoast SEO plugin v17.7.1 - https:\/\/yoast.com\/wordpress\/plugins\/seo\/ -->\n<title>Cukr Dating Poradenstv\u00ed: Sta\u0148te se Sugar Daddy - Jerk Dating<\/title>\n<meta name=\"robots\" content=\"index, follow, max-snippet:-1, max-image-preview:large, max-video-preview:-1\" \/>\n<link rel=\"canonical\" href=\"https:\/\/mamasjerkstation.com\/cs\/cukr-dating-poradenstvi\/\" \/>\n<meta property=\"og:locale\" content=\"cs_CZ\" \/>\n<meta property=\"og:type\" content=\"article\" \/>\n<meta property=\"og:title\" content=\"Cukr Dating Poradenstv\u00ed: Sta\u0148te se Sugar Daddy - Jerk Dating\" \/>\n<meta property=\"og:description\" content=\"Jste svobodn\u00ed a hled\u00e1te Sugar Daddy? Existuj\u00ed tis\u00edce mu\u017e\u016f online, kte\u0159\u00ed jsou ochotni platit za sex. \u0158\u00edkaj\u00ed si &#8222;Sugar Daddies&#8220;. Zd\u00e1 se, \u017ee ka\u017ed\u00fd mu\u017e &hellip;\" \/>\n<meta property=\"og:url\" content=\"https:\/\/mamasjerkstation.com\/cs\/cukr-dating-poradenstvi\/\" \/>\n<meta property=\"og:site_name\" content=\"Jerk Dating\" \/>\n<meta name=\"twitter:card\" content=\"summary_large_image\" \/>\n<meta name=\"twitter:image\" content=\"https:\/\/mamasjerkstation.com\/wp-content\/uploads\/2022\/08\/match-making.webp\" \/>\n<meta name=\"twitter:label1\" content=\"Odhadovan\u00e1 doba \u010dten\u00ed\" \/>\n\t<meta name=\"twitter:data1\" content=\"3 minuty\" \/>\n<script type=\"application\/ld+json\" class=\"yoast-schema-graph\">{\"@context\":\"https:\/\/schema.org\",\"@graph\":[{\"@type\":\"WebSite\",\"@id\":\"https:\/\/mamasjerkstation.com\/#website\",\"url\":\"https:\/\/mamasjerkstation.com\/\",\"name\":\"Jerk Dating\",\"description\":\"Online Sex Websites\",\"potentialAction\":[{\"@type\":\"SearchAction\",\"target\":{\"@type\":\"EntryPoint\",\"urlTemplate\":\"https:\/\/mamasjerkstation.com\/?s={search_term_string}\"},\"query-input\":\"required name=search_term_string\"}],\"inLanguage\":\"cs\"},{\"@type\":\"ImageObject\",\"@id\":\"https:\/\/mamasjerkstation.com\/cs\/cukr-dating-poradenstvi\/#primaryimage\",\"inLanguage\":\"cs\",\"url\":\"https:\/\/mamasjerkstation.com\/wp-content\/uploads\/2022\/08\/match-making.webp\",\"contentUrl\":\"https:\/\/mamasjerkstation.com\/wp-content\/uploads\/2022\/08\/match-making.webp\",\"width\":1125,\"height\":750},{\"@type\":\"WebPage\",\"@id\":\"https:\/\/mamasjerkstation.com\/cs\/cukr-dating-poradenstvi\/#webpage\",\"url\":\"https:\/\/mamasjerkstation.com\/cs\/cukr-dating-poradenstvi\/\",\"name\":\"Cukr Dating Poradenstv\\u00ed: Sta\\u0148te se Sugar Daddy - Jerk Dating\",\"isPartOf\":{\"@id\":\"https:\/\/mamasjerkstation.com\/#website\"},\"primaryImageOfPage\":{\"@id\":\"https:\/\/mamasjerkstation.com\/cs\/cukr-dating-poradenstvi\/#primaryimage\"},\"datePublished\":\"2022-08-19T18:23:43+00:00\",\"dateModified\":\"2022-08-19T18:23:43+00:00\",\"breadcrumb\":{\"@id\":\"https:\/\/mamasjerkstation.com\/cs\/cukr-dating-poradenstvi\/#breadcrumb\"},\"inLanguage\":\"cs\",\"potentialAction\":[{\"@type\":\"ReadAction\",\"target\":[\"https:\/\/mamasjerkstation.com\/cs\/cukr-dating-poradenstvi\/\"]}]},{\"@type\":\"BreadcrumbList\",\"@id\":\"https:\/\/mamasjerkstation.com\/cs\/cukr-dating-poradenstvi\/#breadcrumb\",\"itemListElement\":[{\"@type\":\"ListItem\",\"position\":1,\"name\":\"Home\",\"item\":\"https:\/\/mamasjerkstation.com\/cs\/\"},{\"@type\":\"ListItem\",\"position\":2,\"name\":\"Cukr Dating Poradenstv\\u00ed\"}]}]}<\/script>\n<!-- \/ Yoast SEO plugin. -->","yoast_head_json":{"title":"Cukr Dating Poradenstv\u00ed: Sta\u0148te se Sugar Daddy - Jerk Dating","robots":{"index":"index","follow":"follow","max-snippet":"max-snippet:-1","max-image-preview":"max-image-preview:large","max-video-preview":"max-video-preview:-1"},"canonical":"https:\/\/mamasjerkstation.com\/cs\/cukr-dating-poradenstvi\/","og_locale":"cs_CZ","og_type":"article","og_title":"Cukr Dating Poradenstv\u00ed: Sta\u0148te se Sugar Daddy - Jerk Dating","og_description":"Jste svobodn\u00ed a hled\u00e1te Sugar Daddy? Existuj\u00ed tis\u00edce mu\u017e\u016f online, kte\u0159\u00ed jsou ochotni platit za sex. \u0158\u00edkaj\u00ed si &#8222;Sugar Daddies&#8220;. Zd\u00e1 se, \u017ee ka\u017ed\u00fd mu\u017e &hellip;","og_url":"https:\/\/mamasjerkstation.com\/cs\/cukr-dating-poradenstvi\/","og_site_name":"Jerk Dating","twitter_card":"summary_large_image","twitter_image":"https:\/\/mamasjerkstation.com\/wp-content\/uploads\/2022\/08\/match-making.webp","twitter_misc":{"Odhadovan\u00e1 doba \u010dten\u00ed":"3 minuty"},"schema":{"@context":"https:\/\/schema.org","@graph":[{"@type":"WebSite","@id":"https:\/\/mamasjerkstation.com\/#website","url":"https:\/\/mamasjerkstation.com\/","name":"Jerk Dating","description":"Online Sex Websites","potentialAction":[{"@type":"SearchAction","target":{"@type":"EntryPoint","urlTemplate":"https:\/\/mamasjerkstation.com\/?s={search_term_string}"},"query-input":"required name=search_term_string"}],"inLanguage":"cs"},{"@type":"ImageObject","@id":"https:\/\/mamasjerkstation.com\/cs\/cukr-dating-poradenstvi\/#primaryimage","inLanguage":"cs","url":"https:\/\/mamasjerkstation.com\/wp-content\/uploads\/2022\/08\/match-making.webp","contentUrl":"https:\/\/mamasjerkstation.com\/wp-content\/uploads\/2022\/08\/match-making.webp","width":1125,"height":750},{"@type":"WebPage","@id":"https:\/\/mamasjerkstation.com\/cs\/cukr-dating-poradenstvi\/#webpage","url":"https:\/\/mamasjerkstation.com\/cs\/cukr-dating-poradenstvi\/","name":"Cukr Dating Poradenstv\u00ed: Sta\u0148te se Sugar Daddy - Jerk Dating","isPartOf":{"@id":"https:\/\/mamasjerkstation.com\/#website"},"primaryImageOfPage":{"@id":"https:\/\/mamasjerkstation.com\/cs\/cukr-dating-poradenstvi\/#primaryimage"},"datePublished":"2022-08-19T18:23:43+00:00","dateModified":"2022-08-19T18:23:43+00:00","breadcrumb":{"@id":"https:\/\/mamasjerkstation.com\/cs\/cukr-dating-poradenstvi\/#breadcrumb"},"inLanguage":"cs","potentialAction":[{"@type":"ReadAction","target":["https:\/\/mamasjerkstation.com\/cs\/cukr-dating-poradenstvi\/"]}]},{"@type":"BreadcrumbList","@id":"https:\/\/mamasjerkstation.com\/cs\/cukr-dating-poradenstvi\/#breadcrumb","itemListElement":[{"@type":"ListItem","position":1,"name":"Home","item":"https:\/\/mamasjerkstation.com\/cs\/"},{"@type":"ListItem","position":2,"name":"Cukr Dating Poradenstv\u00ed"}]}]}},"_links":{"self":[{"href":"https:\/\/mamasjerkstation.com\/cs\/wp-json\/wp\/v2\/pages\/260"}],"collection":[{"href":"https:\/\/mamasjerkstation.com\/cs\/wp-json\/wp\/v2\/pages"}],"about":[{"href":"https:\/\/mamasjerkstation.com\/cs\/wp-json\/wp\/v2\/types\/page"}],"author":[{"embeddable":true,"href":"https:\/\/mamasjerkstation.com\/cs\/wp-json\/wp\/v2\/users\/1"}],"replies":[{"embeddable":true,"href":"https:\/\/mamasjerkstation.com\/cs\/wp-json\/wp\/v2\/comments?post=260"}],"version-history":[{"count":0,"href":"https:\/\/mamasjerkstation.com\/cs\/wp-json\/wp\/v2\/pages\/260\/revisions"}],"wp:featuredmedia":[{"embeddable":true,"href":"https:\/\/mamasjerkstation.com\/cs\/wp-json\/wp\/v2\/media\/199"}],"wp:attachment":[{"href":"https:\/\/mamasjerkstation.com\/cs\/wp-json\/wp\/v2\/media?parent=260"}],"curies":[{"name":"wp","href":"https:\/\/api.w.org\/{rel}","templated":true}]}}