{"id":247,"date":"2022-08-19T16:45:46","date_gmt":"2022-08-19T15:45:46","guid":{"rendered":"http:\/\/mamasjerkstation.com\/nalezeni-spravneho-trhaka-off-webu-pro-vas-sexting-online\/"},"modified":"2022-08-19T16:45:46","modified_gmt":"2022-08-19T15:45:46","slug":"nalezeni-spravneho-trhaka-off-webu-pro-vas-sexting-online","status":"publish","type":"page","link":"https:\/\/mamasjerkstation.com\/cs\/","title":{"rendered":"Nalezen\u00ed spr\u00e1vn\u00e9ho Trh\u00e1ka off webu pro v\u00e1s: Sexting Online"},"content":{"rendered":"<p>Sex Chat je typ online komunikace, kde se lid\u00e9 zapojuj\u00ed do sexu\u00e1ln\u00edch aktivit p\u0159i komunikaci prost\u0159ednictv\u00edm textov\u00fdch zpr\u00e1v, aplikac\u00ed pro rychl\u00e9 zas\u00edl\u00e1n\u00ed zpr\u00e1v, platforem soci\u00e1ln\u00edch m\u00e9di\u00ed atd. Tato forma komunikace je \u010dasto ozna\u010dov\u00e1na jako sexting, a\u010dkoli je technicky odli\u0161n\u00e1 od sextingu, proto\u017ee zahrnuje chatov\u00e1n\u00ed o sexu sp\u00ed\u0161e ne\u017e zas\u00edl\u00e1n\u00ed explicitn\u00edch obr\u00e1zk\u016f nebo vide\u00ed sebe sama.<\/p>\n<h2>Nalezen\u00ed spr\u00e1vn\u00fdch str\u00e1nek Jerk Cam<\/h2>\n<p>Neexistuje lep\u0161\u00ed zp\u016fsob, jak se <a href=\"http:\/\/mamasjerkstation.com\/cs\/lgbt-seznamka\/\">setkat s podobn\u011b sm\u00fd\u0161lej\u00edc\u00edmi jednotlivci<\/a> a diskutovat o t\u00e9matech, jako je BDSM, feti\u0161e, zlom, roleplaying, feti\u0161ov\u00e9 oble\u010den\u00ed a mnoho dal\u0161\u00edho. Na\u0161e funkce \u017eiv\u00e9ho videochatu v\u00e1m umo\u017en\u00ed zjistit, jak vypadaj\u00ed ostatn\u00ed, tak\u017ee se m\u016f\u017eete rozhodnout, zda s nimi chcete komunikovat. Pokud byste rad\u011bji jen \u010detli, m\u00e1me spoustu \u010dl\u00e1nk\u016f napsan\u00fdch skute\u010dn\u00fdmi lidmi, kte\u0159\u00ed diskutuj\u00ed o v\u0161em, od toho, jak vyzvednout d\u00edvky a\u017e po to, jak se st\u00e1t neodolateln\u00fdm.<\/p>\n<h3>Seznamovac\u00ed aplikace nebo sex chat str\u00e1nky?<\/h3>\n<p>Sv\u011bt je pln\u00fd lid\u00ed, kte\u0159\u00ed hledaj\u00ed l\u00e1sku online. A\u0165 u\u017e hledaj\u00ed n\u011bkoho zvl\u00e1\u0161tn\u00edho k dne\u0161n\u00edmu dni, nebo se jen cht\u011bj\u00ed p\u0159ipojit, existuje spousta zp\u016fsob\u016f, jak naj\u00edt romantiku. Jedn\u00edm ze zp\u016fsob\u016f, jak to ud\u011blat, je prost\u0159ednictv\u00edm seznamovac\u00ed aplikace, jako je Tinder. Ale zat\u00edmco aplikace jako Tinder jsou skv\u011bl\u00e9 pro setk\u00e1n\u00ed s potenci\u00e1ln\u00edmi daty, ne v\u017edy poskytuj\u00ed nejlep\u0161\u00ed z\u00e1\u017eitek pro ty, kte\u0159\u00ed se cht\u011bj\u00ed setkat s ostatn\u00edmi v re\u00e1ln\u00e9m \u017eivot\u011b.<\/p>\n<p>To je d\u016fvod, pro\u010d existuje mnoho r\u016fzn\u00fdch typ\u016f soci\u00e1ln\u00edch s\u00edt\u00ed navr\u017een\u00fdch tak, aby v\u00e1m pomohly spojit se s lidmi osobn\u011b. N\u011bkter\u00e9 v\u00e1m umo\u017en\u00ed p\u0159ipojit se ke skupin\u00e1m na z\u00e1klad\u011b z\u00e1jm\u016f, kon\u00ed\u010dk\u016f a dal\u0161\u00edch. Jin\u00ed v\u00e1m umo\u017e\u0148uj\u00ed sp\u0159\u00e1telit se s ciz\u00edmi lidmi nebo jednodu\u0161e mluvit s lidmi v okol\u00ed. A je\u0161t\u011b dal\u0161\u00ed nab\u00edzej\u00ed p\u0159\u00edle\u017eitosti k p\u0159\u00edle\u017eitostn\u00fdm setk\u00e1n\u00edm &#8211; jako rychlovka v parku nebo na jednu noc v hotelov\u00e9m pokoji.<\/p>\n<p><img loading=\"lazy\" class=\"aligncenter wp-image-53\" src=\"http:\/\/mamasjerkstation.com\/wp-content\/uploads\/2022\/08\/adult-cams-1024x683.jpeg\" alt=\"\" width=\"705\" height=\"470\" srcset=\"https:\/\/mamasjerkstation.com\/wp-content\/uploads\/2022\/08\/adult-cams-1024x683.jpeg 1024w, https:\/\/mamasjerkstation.com\/wp-content\/uploads\/2022\/08\/adult-cams-300x200.jpeg 300w, https:\/\/mamasjerkstation.com\/wp-content\/uploads\/2022\/08\/adult-cams-768x512.jpeg 768w, https:\/\/mamasjerkstation.com\/wp-content\/uploads\/2022\/08\/adult-cams.jpeg 1125w\" sizes=\"(max-width: 705px) 100vw, 705px\" \/><\/p>\n<h3>A co pou\u017e\u00edv\u00e1n\u00ed cam str\u00e1nek?<\/h3>\n<p>Tyto str\u00e1nky umo\u017e\u0148uj\u00ed jednotlivc\u016fm sledovat, jak se ostatn\u00ed zapojuj\u00ed do sexu\u00e1ln\u00edch akt\u016f, ani\u017e by museli platit. N\u011bkter\u00e9 z nejzn\u00e1m\u011bj\u0161\u00edch \u017eiv\u00fdch sexu\u00e1ln\u00edch kamerov\u00fdch str\u00e1nek zahrnuj\u00ed Chaturbate, LiveJasmin, Cam4, MyFreeCams a Streamberry.<\/p>\n<p>Zat\u00edmco n\u011bkte\u0159\u00ed lid\u00e9 by mohli p\u0159edpokl\u00e1dat, \u017ee pornohv\u011bzdy vyd\u011bl\u00e1vaj\u00ed v\u011bt\u0161inu pen\u011bz z webcammingu, ukazuje se, \u017ee mnoho model\u016f ve skute\u010dnosti vyd\u011bl\u00e1v\u00e1 m\u00e9n\u011b ne\u017e 100 dolar\u016f za m\u011bs\u00edc. A i kdy\u017e jist\u011b existuj\u00ed v\u00fdjimky, v\u011bt\u0161ina model\u016f nevyd\u011bl\u00e1v\u00e1 dost pen\u011bz, aby se u\u017eivila zcela mimo webkamery. Ale co ty \u010dasy, kdy se nec\u00edt\u00edte na sledov\u00e1n\u00ed porna? Nebo mo\u017en\u00e1 jen chcete vid\u011bt, jak sexy jin\u00fd \u010dlov\u011bk vypad\u00e1 nah\u00fd? Existuje spousta zp\u016fsob\u016f, jak to ud\u011blat. Nap\u0159\u00edklad n\u011bkter\u00e9 str\u00e1nky pro sexu\u00e1ln\u00ed chat streamuj\u00ed \u017eiv\u00e9 video kan\u00e1ly z webov\u00fdch kamer sv\u00fdch \u010dlen\u016f. Tyto \u017eiv\u00e9 p\u0159enosy obvykle p\u0159ich\u00e1zej\u00ed s n\u00e1klady, ale n\u011bkdy jsou zcela zdarma.<\/p>\n<h2>N\u00e1\u0161 hot pick: \u0160pinav\u00e1 ruleta<\/h2>\n<p>Dirty Roulette je jednou z nejstar\u0161\u00edch webkamer online, byla spu\u0161t\u011bna v roce 2005. Tato str\u00e1nka pro videochat pro dosp\u011bl\u00e9 nab\u00edz\u00ed zdarma \u017eiv\u00e9 sexu\u00e1ln\u00ed kamery s tis\u00edci modely z cel\u00e9ho sv\u011bta. Nemus\u00edte se ani registrovat. Sta\u010d\u00ed si vybrat model, kter\u00fd se v\u00e1m l\u00edb\u00ed, a za\u010d\u00edt chatovat. Pokud chcete vid\u011bt v\u00edc, sta\u010d\u00ed j\u00ed d\u00e1t tip &#8211; ud\u011bl\u00e1 cokoliv pro pen\u00edze. Pod\u00edvejte se na seznam nejlep\u0161\u00edch cam d\u00edvek zde. Dirtyroulette je jedn\u00edm z nejpopul\u00e1rn\u011bj\u0161\u00edch \u017eiv\u00fdch kamerov\u00fdch str\u00e1nek online. M\u016f\u017eete sledovat stovky sexy d\u00edvek, kter\u00e9 prov\u00e1d\u011bj\u00ed \u017eiv\u00e9 sexu\u00e1ln\u00ed akty, jako je masturbace, kou\u0159en\u00ed a dal\u0161\u00ed. Tato str\u00e1nka je velmi snadno pou\u017eiteln\u00e1. Sta\u010d\u00ed se zaregistrovat a m\u016f\u017eete za\u010d\u00edt okam\u017eit\u011b sledovat. Nen\u00ed nutn\u00e9 \u017e\u00e1dn\u00e9 stahov\u00e1n\u00ed, sta\u010d\u00ed se zaregistrovat a za\u010d\u00edt chatovat.<\/p>\n<h2>Kamera4<\/h2>\n<p>Cam4 je jedn\u00edm z nejpopul\u00e1rn\u011bj\u0161\u00edch web\u016f pro sledov\u00e1n\u00ed \u017eiv\u00fdch webov\u00fdch kamer d\u00edvek online. Existuj\u00ed tis\u00edce a tis\u00edce kr\u00e1sn\u00fdch \u017een, kter\u00e9 \u010dekaj\u00ed na setk\u00e1n\u00ed s v\u00e1mi online. Jedin\u00e9, co mus\u00edte ud\u011blat, je zaregistrovat se k bezplatn\u00e9mu \u00fa\u010dtu a za\u010d\u00edt proch\u00e1zet sv\u00e9 d\u00edvky z webov\u00e9 kamery.<\/p>\n<p>V\u0161imn\u011bte si, \u017ee m\u00e1me r\u016fzn\u00e9 kategorie na z\u00e1klad\u011b toho, co v\u00e1s zaj\u00edm\u00e1. A\u0165 u\u017e se jedn\u00e1 o dosp\u00edvaj\u00edc\u00ed d\u00edvky z webov\u00fdch kamer, d\u00edvky z webov\u00fdch kamer MILF nebo dokonce jen amat\u00e9rsk\u00e9 d\u00edvky z webov\u00fdch kamer, je tu n\u011bco pro ka\u017ed\u00e9ho. Proch\u00e1zejte jejich str\u00e1nky a zjist\u011bte, kolik hork\u00fdch d\u00edvek z webov\u00e9 kamery najdete. Jakmile najdete modelku, se kterou chcete mluvit, jednodu\u0161e vstupte do jej\u00ed chatovac\u00ed m\u00edstnosti a ona bude p\u0159ipravena p\u0159ijmout va\u0161e ot\u00e1zky. Pokud nev\u00edte, kde za\u010d\u00edt, nev\u00e1hejte se n\u00e1s zeptat na cokoli o d\u00edvk\u00e1ch z webov\u00e9 kamery, se kter\u00fdmi byste cht\u011bli mluvit. Jejich t\u00fdm z\u00e1kaznick\u00e9 podpory v\u00e1m v\u017edy r\u00e1d pom\u016f\u017ee.<\/p>\n<p>Hlavn\u00edm d\u016fvodem, pro\u010d CAM4 vynik\u00e1 od zbytku konkurence, je skute\u010dnost, \u017ee sv\u00fdm u\u017eivatel\u016fm poskytuj\u00ed mo\u017enost interakce s ka\u017ed\u00fdm modelem b\u011bhem jejich \u017eiv\u00e9 show. Tato funkce v\u00e1m umo\u017en\u00ed vychutnat si akci p\u0159i p\u0159\u00edm\u00e9m chatov\u00e1n\u00ed s modely. Krom\u011b toho m\u016f\u017eete b\u011bhem cel\u00e9 relace pos\u00edlat neomezen\u00e9 textov\u00e9 zpr\u00e1vy, kl\u00e1st ot\u00e1zky t\u00fdkaj\u00edc\u00ed se vzhledu um\u011blce, typu t\u011bla, etnick\u00e9ho p\u016fvodu, barvy vlas\u016f, v\u011bku a mnoha<\/p>\n<h2>Na\u0161e rady<\/h2>\n<p>Nejprve vyzkou\u0161ejte dv\u011b aplikace, kter\u00e9 jsme doporu\u010dili v\u00fd\u0161e, pokud nejsou pro v\u00e1s, vyzkou\u0161ejte dal\u0161\u00ed popul\u00e1rn\u00ed volbu, jako je Chaturbate.<\/p>\n<p>To je pravd\u011bpodobn\u011b nejv\u011bt\u0161\u00ed jm\u00e9no v z\u00e1bav\u011b pro dosp\u011bl\u00e9 dnes. S v\u00edce ne\u017e 5 miliony m\u011bs\u00ed\u010dn\u00edch n\u00e1v\u0161t\u011bv je Chaturbate nejv\u011bt\u0161\u00ed platformou pro \u017eiv\u00e9 kamery na sv\u011bt\u011b. Poskytuj\u00ed \u0161irokou \u0161k\u00e1lu funkc\u00ed, v\u010detn\u011b sexy videochat\u016f, nezbedn\u00fdch fotogaleri\u00ed a dokonce i skupinov\u00fdch sexu\u00e1ln\u00edch relac\u00ed.<\/p>\n","protected":false},"excerpt":{"rendered":"<p>Sex Chat je typ online komunikace, kde se lid\u00e9 zapojuj\u00ed do sexu\u00e1ln\u00edch aktivit p\u0159i komunikaci prost\u0159ednictv\u00edm textov\u00fdch zpr\u00e1v, aplikac\u00ed pro rychl\u00e9 zas\u00edl\u00e1n\u00ed zpr\u00e1v, platforem soci\u00e1ln\u00edch &hellip; <\/p>\n","protected":false},"author":1,"featured_media":94,"parent":0,"menu_order":0,"comment_status":"closed","ping_status":"closed","template":"","meta":[],"yoast_head":"<!-- This site is optimized with the Yoast SEO plugin v17.7.1 - https:\/\/yoast.com\/wordpress\/plugins\/seo\/ -->\n<title>Nalezen\u00ed spr\u00e1vn\u00e9ho Trh\u00e1ka off webu pro v\u00e1s: Sexting Online - Jerk Dating<\/title>\n<meta name=\"robots\" content=\"index, follow, max-snippet:-1, max-image-preview:large, max-video-preview:-1\" \/>\n<link rel=\"canonical\" href=\"https:\/\/mamasjerkstation.com\/cs\/\" \/>\n<meta property=\"og:locale\" content=\"cs_CZ\" \/>\n<meta property=\"og:type\" content=\"article\" \/>\n<meta property=\"og:title\" content=\"Nalezen\u00ed spr\u00e1vn\u00e9ho Trh\u00e1ka off webu pro v\u00e1s: Sexting Online - Jerk Dating\" \/>\n<meta property=\"og:description\" content=\"Sex Chat je typ online komunikace, kde se lid\u00e9 zapojuj\u00ed do sexu\u00e1ln\u00edch aktivit p\u0159i komunikaci prost\u0159ednictv\u00edm textov\u00fdch zpr\u00e1v, aplikac\u00ed pro rychl\u00e9 zas\u00edl\u00e1n\u00ed zpr\u00e1v, platforem soci\u00e1ln\u00edch &hellip;\" \/>\n<meta property=\"og:url\" content=\"https:\/\/mamasjerkstation.com\/cs\/\" \/>\n<meta property=\"og:site_name\" content=\"Jerk Dating\" \/>\n<meta property=\"og:image\" content=\"http:\/\/mamasjerkstation.com\/wp-content\/uploads\/2022\/08\/sexting-cam-rooms.jpeg\" \/>\n\t<meta property=\"og:image:width\" content=\"1125\" \/>\n\t<meta property=\"og:image:height\" content=\"750\" \/>\n<meta name=\"twitter:card\" content=\"summary_large_image\" \/>\n<meta name=\"twitter:label1\" content=\"Odhadovan\u00e1 doba \u010dten\u00ed\" \/>\n\t<meta name=\"twitter:data1\" content=\"6 minut\" \/>\n<script type=\"application\/ld+json\" class=\"yoast-schema-graph\">{\"@context\":\"https:\/\/schema.org\",\"@graph\":[{\"@type\":\"WebSite\",\"@id\":\"https:\/\/mamasjerkstation.com\/#website\",\"url\":\"https:\/\/mamasjerkstation.com\/\",\"name\":\"Jerk Dating\",\"description\":\"Online Sex Websites\",\"potentialAction\":[{\"@type\":\"SearchAction\",\"target\":{\"@type\":\"EntryPoint\",\"urlTemplate\":\"https:\/\/mamasjerkstation.com\/?s={search_term_string}\"},\"query-input\":\"required name=search_term_string\"}],\"inLanguage\":\"cs\"},{\"@type\":\"ImageObject\",\"@id\":\"https:\/\/mamasjerkstation.com\/cs\/#primaryimage\",\"inLanguage\":\"cs\",\"url\":\"https:\/\/mamasjerkstation.com\/wp-content\/uploads\/2022\/08\/sexting-cam-rooms.jpeg\",\"contentUrl\":\"https:\/\/mamasjerkstation.com\/wp-content\/uploads\/2022\/08\/sexting-cam-rooms.jpeg\",\"width\":1125,\"height\":750},{\"@type\":\"WebPage\",\"@id\":\"https:\/\/mamasjerkstation.com\/cs\/#webpage\",\"url\":\"https:\/\/mamasjerkstation.com\/cs\/\",\"name\":\"Nalezen\\u00ed spr\\u00e1vn\\u00e9ho Trh\\u00e1ka off webu pro v\\u00e1s: Sexting Online - Jerk Dating\",\"isPartOf\":{\"@id\":\"https:\/\/mamasjerkstation.com\/#website\"},\"primaryImageOfPage\":{\"@id\":\"https:\/\/mamasjerkstation.com\/cs\/#primaryimage\"},\"datePublished\":\"2022-08-19T15:45:46+00:00\",\"dateModified\":\"2022-08-19T15:45:46+00:00\",\"breadcrumb\":{\"@id\":\"https:\/\/mamasjerkstation.com\/cs\/#breadcrumb\"},\"inLanguage\":\"cs\",\"potentialAction\":[{\"@type\":\"ReadAction\",\"target\":[\"https:\/\/mamasjerkstation.com\/cs\/\"]}]},{\"@type\":\"BreadcrumbList\",\"@id\":\"https:\/\/mamasjerkstation.com\/cs\/#breadcrumb\",\"itemListElement\":[{\"@type\":\"ListItem\",\"position\":1,\"name\":\"Home\",\"item\":\"http:\/\/mamasjerkstation.com\/cs\/\"},{\"@type\":\"ListItem\",\"position\":2,\"name\":\"Nalezen\\u00ed spr\\u00e1vn\\u00e9ho Trh\\u00e1ka off webu pro v\\u00e1s: Sexting Online\"}]}]}<\/script>\n<!-- \/ Yoast SEO plugin. -->","yoast_head_json":{"title":"Nalezen\u00ed spr\u00e1vn\u00e9ho Trh\u00e1ka off webu pro v\u00e1s: Sexting Online - Jerk Dating","robots":{"index":"index","follow":"follow","max-snippet":"max-snippet:-1","max-image-preview":"max-image-preview:large","max-video-preview":"max-video-preview:-1"},"canonical":"https:\/\/mamasjerkstation.com\/cs\/","og_locale":"cs_CZ","og_type":"article","og_title":"Nalezen\u00ed spr\u00e1vn\u00e9ho Trh\u00e1ka off webu pro v\u00e1s: Sexting Online - Jerk Dating","og_description":"Sex Chat je typ online komunikace, kde se lid\u00e9 zapojuj\u00ed do sexu\u00e1ln\u00edch aktivit p\u0159i komunikaci prost\u0159ednictv\u00edm textov\u00fdch zpr\u00e1v, aplikac\u00ed pro rychl\u00e9 zas\u00edl\u00e1n\u00ed zpr\u00e1v, platforem soci\u00e1ln\u00edch &hellip;","og_url":"https:\/\/mamasjerkstation.com\/cs\/","og_site_name":"Jerk Dating","og_image":[{"width":1125,"height":750,"url":"http:\/\/mamasjerkstation.com\/wp-content\/uploads\/2022\/08\/sexting-cam-rooms.jpeg","type":"image\/jpeg"}],"twitter_card":"summary_large_image","twitter_misc":{"Odhadovan\u00e1 doba \u010dten\u00ed":"6 minut"},"schema":{"@context":"https:\/\/schema.org","@graph":[{"@type":"WebSite","@id":"https:\/\/mamasjerkstation.com\/#website","url":"https:\/\/mamasjerkstation.com\/","name":"Jerk Dating","description":"Online Sex Websites","potentialAction":[{"@type":"SearchAction","target":{"@type":"EntryPoint","urlTemplate":"https:\/\/mamasjerkstation.com\/?s={search_term_string}"},"query-input":"required name=search_term_string"}],"inLanguage":"cs"},{"@type":"ImageObject","@id":"https:\/\/mamasjerkstation.com\/cs\/#primaryimage","inLanguage":"cs","url":"https:\/\/mamasjerkstation.com\/wp-content\/uploads\/2022\/08\/sexting-cam-rooms.jpeg","contentUrl":"https:\/\/mamasjerkstation.com\/wp-content\/uploads\/2022\/08\/sexting-cam-rooms.jpeg","width":1125,"height":750},{"@type":"WebPage","@id":"https:\/\/mamasjerkstation.com\/cs\/#webpage","url":"https:\/\/mamasjerkstation.com\/cs\/","name":"Nalezen\u00ed spr\u00e1vn\u00e9ho Trh\u00e1ka off webu pro v\u00e1s: Sexting Online - Jerk Dating","isPartOf":{"@id":"https:\/\/mamasjerkstation.com\/#website"},"primaryImageOfPage":{"@id":"https:\/\/mamasjerkstation.com\/cs\/#primaryimage"},"datePublished":"2022-08-19T15:45:46+00:00","dateModified":"2022-08-19T15:45:46+00:00","breadcrumb":{"@id":"https:\/\/mamasjerkstation.com\/cs\/#breadcrumb"},"inLanguage":"cs","potentialAction":[{"@type":"ReadAction","target":["https:\/\/mamasjerkstation.com\/cs\/"]}]},{"@type":"BreadcrumbList","@id":"https:\/\/mamasjerkstation.com\/cs\/#breadcrumb","itemListElement":[{"@type":"ListItem","position":1,"name":"Home","item":"http:\/\/mamasjerkstation.com\/cs\/"},{"@type":"ListItem","position":2,"name":"Nalezen\u00ed spr\u00e1vn\u00e9ho Trh\u00e1ka off webu pro v\u00e1s: Sexting Online"}]}]}},"_links":{"self":[{"href":"https:\/\/mamasjerkstation.com\/cs\/wp-json\/wp\/v2\/pages\/247"}],"collection":[{"href":"https:\/\/mamasjerkstation.com\/cs\/wp-json\/wp\/v2\/pages"}],"about":[{"href":"https:\/\/mamasjerkstation.com\/cs\/wp-json\/wp\/v2\/types\/page"}],"author":[{"embeddable":true,"href":"https:\/\/mamasjerkstation.com\/cs\/wp-json\/wp\/v2\/users\/1"}],"replies":[{"embeddable":true,"href":"https:\/\/mamasjerkstation.com\/cs\/wp-json\/wp\/v2\/comments?post=247"}],"version-history":[{"count":0,"href":"https:\/\/mamasjerkstation.com\/cs\/wp-json\/wp\/v2\/pages\/247\/revisions"}],"wp:featuredmedia":[{"embeddable":true,"href":"https:\/\/mamasjerkstation.com\/cs\/wp-json\/wp\/v2\/media\/94"}],"wp:attachment":[{"href":"https:\/\/mamasjerkstation.com\/cs\/wp-json\/wp\/v2\/media?parent=247"}],"curies":[{"name":"wp","href":"https:\/\/api.w.org\/{rel}","templated":true}]}}